{"id":16647,"date":"2024-05-14T20:09:24","date_gmt":"2024-05-14T18:09:24","guid":{"rendered":"https:\/\/mm-live.digilicious.cloud\/people\/purpose-impact\/"},"modified":"2026-01-22T09:35:07","modified_gmt":"2026-01-22T08:35:07","slug":"unser-ziel-wirkung","status":"publish","type":"page","link":"https:\/\/mm.group\/de\/menschen\/unser-ziel-wirkung\/","title":{"rendered":"Unser Ziel &amp; Wirkung"},"content":{"rendered":"<section id=\"block_2db3ddb0ab2d125c91d968a91eb09b32\" data-block_2db3ddb0ab2d125c91d968a91eb09b32 class=\"hero-page align darker-green  container-bg  page-child\">\n  <div class=\"container-big\">\n    <div class=\"container\">\n      <div class=\"col-info\">\n                                  <h1 class=\"title mb-2\">Unser Ziel &#038; Wirkung<\/h1>\n                          <div class=\"text\"><p>Unsere Kultur wird durch die Leidenschaft und dem Wissen unserer Mitarbeiter gepr\u00e4gt<\/p>\n<\/div>\n                          <div class=\"mt-4\">\n            <a class=\"btn btn-secondary\" href=\"https:\/\/mm.group\/de\/menschen\/dein-job-bei-mm\/\" target=\"\">\n              <span>\n                Entdecke unsere M\u00f6glichkeiten\n                                  <svg width=\"20\" height=\"20\" viewBox=\"0 0 20 20\" fill=\"none\" xmlns=\"http:\/\/www.w3.org\/2000\/svg\">\n<path d=\"M17.9107 10.2096H0.375V9.78773H17.9107H18.9011L18.1591 9.13177L11.6132 3.34541L11.8926 3.02933L19.625 9.86453V10.1328L11.8926 16.968L11.6132 16.6519L18.1591 10.8656L18.9011 10.2096H17.9107Z\" fill=\"currentColor\" stroke=\"currentColor\" stroke-width=\"0.75\"\/>\n<\/svg>\n                              <\/span>\n            <\/a>\n          <\/div>\n              <\/div>\n    <\/div>\n    <div class=\"col-imgs \">\n              <picture class=\"patterns\">\n          <source media=\"(min-width:1280px)\" srcset=\"https:\/\/mm.group\/wp-content\/uploads\/header-pattern-image-inside-desktop.webp\">\n          <source media=\"(min-width:768px)\" srcset=\"https:\/\/mm.group\/wp-content\/uploads\/header-pattern-image-inside-tablet.webp\">\n          <img fetchpriority=\"high\" src=\"https:\/\/mm.group\/wp-content\/uploads\/header-pattern-image-inside-mobile-1.webp\" alt=\"\" width=\"1538\" height=\"512\" loading=\"eager\" decoding=\"async\" >\n        <\/picture>      \n                    <picture class=\"background-image\">\n          <source media=\"(min-width:1280px)\" srcset=\"https:\/\/mm.group\/wp-content\/uploads\/header-background-people-purpose-impact-desktop-scaled.webp\">\n          <source media=\"(min-width:768px)\" srcset=\"https:\/\/mm.group\/wp-content\/uploads\/header-background-people-purpose-impact-tablet-scaled.webp\">\n          <img src=\"https:\/\/mm.group\/wp-content\/uploads\/header-background-people-purpose-impact-mobile-scaled.webp\" alt=\"\" width=\"2560\" height=\"1440\" loading=\"eager\" decoding=\"async\" >\n        <\/picture> \n          <\/div>\n  <\/div>\n<\/section>\n<section class=\"section-breadcrumb container-bg\">\n        <div class=\"container\">\n            <nav aria-label=\"breadcrumbs\" class=\"rank-math-breadcrumb\"><p><a href=\"https:\/\/mm.group\/de\/\">MM Group<\/a><span class=\"separator\"> \/ <\/span><a href=\"https:\/\/mm.group\/de\/wp-json\/\">Wp Json<\/a><span class=\"separator\"> \/ <\/span><a href=\"https:\/\/mm.group\/de\/wp-json\/wp\/\">Wp<\/a><span class=\"separator\"> \/ <\/span><a href=\"https:\/\/mm.group\/de\/wp-json\/wp\/v2\/\">V2<\/a><span class=\"separator\"> \/ <\/span><a href=\"https:\/\/mm.group\/de\/wp-json\/wp\/v2\/pages\/\">Pages<\/a><span class=\"separator\"> \/ <\/span><span class=\"last\">16647<\/span><\/p><\/nav>    \n        <\/div>\n    <\/section>\n\n\n<section id=\"block_327248d5c27ffdd853c3de0fc96a1b14\" data-block_327248d5c27ffdd853c3de0fc96a1b14 class=\"basic-info align light-green  container-bg  \">\n  <div class=\"container\">\n    <div class=\"info_wrapper\" data-aos=\"fade-up\" data-aos-duration=\"1000\">\n                    <div class=\"basic_text title-small\"><p>Wir bei MM sind bestrebt, erstklassige L\u00f6sungen f\u00fcr jede Herausforderung zu liefern. Wir verstehen die Bed\u00fcrfnisse unserer Kunden, bieten effiziente Leistungen und streben nach einem gl\u00fccklicheren, besser organisierten Leben.<\/p>\n<p>Bei MM folgen wir dem Motto \u201eThink next.\u201c, um einen positiven Einfluss auf das Leben der Menschen und den Planeten zu haben.<\/p>\n<\/div>\n                <\/div>\n  <\/div>\n<\/section>\n\n<section id=\"block_9cd3dfb9761759954d51a098021f1b45\" data-block_9cd3dfb9761759954d51a098021f1b45 class=\"content-basic align transparent  container-bg \">\n  <div class=\"container\">\n    <div class=\"info_basic \">\n      <div class=\"section-info mb-10 max-w-[833px] \">\n                                    <div class=\"section_text \"><p><iframe loading=\"lazy\" title=\"vimeo-player\" src=\"https:\/\/player.vimeo.com\/video\/1065792559?h=cd847e48e3\" width=\"1280\" height=\"720\" frameborder=\"0\" allowfullscreen=\"allowfullscreen\"><\/iframe><\/p>\n<\/div>\n                \n            <\/div>\n    <\/div>\n  <\/div>\n<\/section>\n\n<section id=\"block_e2c7d6065232179a1162c83f0a42c76e\" data-block_e2c7d6065232179a1162c83f0a42c76e class=\"slider-card-icon-number align primary-green  container-bg \">\n  <div class=\"container\">\n    <div class=\"section-info mb-10 max-w-[833px] \">\n                    <div class=\"pretitle accent-color mb-3\">Unsere t\u00e4gliche Arbeit<\/div>\n                            <h2 class=\"title mb-4\">MM-Werte<\/h2>\n                            <div class=\"section_text \"><p>Im Mittelpunkt unserer t\u00e4glichen Arbeit stehen unsere Werte: Verantwortlich, Passioniert, Gemeinschaftlich und Ergebnisorientiert. Diese Prinzipien treiben uns bei MM an, innovative Produkte und Dienstleistungen zu liefern und jeden Tag etwas Positives zu bewirken.<\/p>\n<\/div>\n                \n            <\/div>\n          <div class=\" swiper\">\n        <div class=\"swiper-wrapper\">\n                                   <div class=\"swiper-slide\">\n              <div class=\"card-w-icon-number  card-center \"  >\n            <img src=\"https:\/\/mm.group\/wp-content\/uploads\/Responsible-icons.svg\" alt=\"\" width=\"1\" height=\"1\" loading=\"lazy\" decoding=\"async\" class=\"icon\">\n                    <h3 class=\"card-w-icon-number-title\">Verantwortlich<\/h3>\n                <div class=\"card-w-icon-number-text\"><p>Verantwortungsbewusstsein ist unser Fundament. Wir leben ethisches Handeln und \u00fcbernehmen Verantwortung f\u00fcr unsere Arbeit, um Ergebnisse zu erzielen, auf die wir stolz sind.<\/p>\n<\/div>\n        <\/div>\n            <\/div>\n                                   <div class=\"swiper-slide\">\n              <div class=\"card-w-icon-number  card-center \"  >\n            <img src=\"https:\/\/mm.group\/wp-content\/uploads\/Passionate_for-the-website.svg\" alt=\"\" width=\"1\" height=\"1\" loading=\"lazy\" decoding=\"async\" class=\"icon\">\n                    <h3 class=\"card-w-icon-number-title\">Passioniert<\/h3>\n                <div class=\"card-w-icon-number-text\"><p>Wir arbeiten mit Leidenschaft und sind st\u00e4ndig bestrebt, uns bei allem, was wir tun, zu verbessern und Spitzenleistungen zu erbringen.<\/p>\n<\/div>\n        <\/div>\n            <\/div>\n                                   <div class=\"swiper-slide\">\n              <div class=\"card-w-icon-number  card-center \"  >\n            <img src=\"https:\/\/mm.group\/wp-content\/uploads\/Collaborative_-Icon.svg\" alt=\"\" width=\"1\" height=\"1\" loading=\"lazy\" decoding=\"async\" class=\"icon\">\n                    <h3 class=\"card-w-icon-number-title\">Gemeinschaftlich<\/h3>\n                <div class=\"card-w-icon-number-text\"><p>Wir glauben an die Kraft von Teamwork und Zusammenarbeit, um die bestm\u00f6glichen L\u00f6sungen zu erzielen.<\/p>\n<\/div>\n        <\/div>\n            <\/div>\n                                   <div class=\"swiper-slide\">\n              <div class=\"card-w-icon-number  card-center \"  >\n            <img src=\"https:\/\/mm.group\/wp-content\/uploads\/Result-focused.svg\" alt=\"\" width=\"1\" height=\"1\" loading=\"lazy\" decoding=\"async\" class=\"icon\">\n                    <h3 class=\"card-w-icon-number-title\">Ergebnisorientiert<\/h3>\n                <div class=\"card-w-icon-number-text\"><p>Wir haben Spa\u00df daran, Dinge zu erledigen, erfolgreich zu sein und au\u00dfergew\u00f6hnliche Leistungen zu erbringen.<\/p>\n<\/div>\n        <\/div>\n            <\/div>\n                  <\/div>\n        <div class=\"swiper-pagination\"><\/div>\n        <div class=\"swiper-footer\">\n          <button title=\"Previous slide\" class=\"swiper-button-prev small accent-color\"><svg width=\"60\" height=\"60\" viewBox=\"0 0 60 60\" fill=\"none\" xmlns=\"http:\/\/www.w3.org\/2000\/svg\">\n<path d=\"M24.42 52.4961L26.7484 49.8621L6.26789 31.7579L60 31.7579L60 28.2423L6.26789 28.2423L26.7484 10.1381L24.42 7.50406L2.04617e-06 29.0906L1.88715e-06 30.9096L24.42 52.4961Z\" fill=\"currentColor\"\/>\n<\/svg><\/button>\n          <div class=\"swiper-scrollbar\"><\/div>\n          <button title=\"Next slide\" class=\"swiper-button-next small accent-color\"><svg width=\"60\" height=\"60\" viewBox=\"0 0 60 60\" fill=\"none\" xmlns=\"http:\/\/www.w3.org\/2000\/svg\">\n<path d=\"M24.42 52.4961L26.7484 49.8621L6.26789 31.7579L60 31.7579L60 28.2423L6.26789 28.2423L26.7484 10.1381L24.42 7.50406L2.04617e-06 29.0906L1.88715e-06 30.9096L24.42 52.4961Z\" fill=\"currentColor\"\/>\n<\/svg><\/button>\n        <\/div>\n        \n      <\/div>\n      \n  <\/div>\n<\/section>\n\n<section id=\"block_6013b544663f13aa8537559cf5babacd\" data-block_6013b544663f13aa8537559cf5babacd\n    class=\"banner-xl align white  container-bg   banner-xl-slider \">\n    <div class=\"container\">\n        <div class=\"section-info mb-10 max-w-[833px] \">\n                    <div class=\"pretitle accent-color mb-3\">So f\u00fchren und inspirieren wir<\/div>\n                            <h2 class=\"title mb-4\">Mitarbeiterstimmen<\/h2>\n                            <div class=\"section_text \"><p>Wir gehen unsere Arbeit mit Verantwortung, Leidenschaft, einem Fokus auf Ergebnisse und Teamgeist an.<\/p>\n<\/div>\n                \n            <\/div>\n    <\/div>\n    <div class=\"container container-wrapper \">\n                    <div class=\"col-image\">\n                <div class=\"swiper\">\n                    <div class=\"swiper-wrapper\">\n                                                                                                            <div class=\"swiper-slide \">\n                                                                    <img decoding=\"async\" loading=\"lazy\" width=\"1056\" height=\"1056\"\n                                        src=\"https:\/\/mm.group\/wp-content\/uploads\/Elvira-Schmid-scaled-e1721847588835.jpg\" alt=\"\"\n                                        >\n                                                            <\/div>\n                                                                                                            <div class=\"swiper-slide \">\n                                                                    <img decoding=\"async\" loading=\"lazy\" width=\"1123\" height=\"1123\"\n                                        src=\"https:\/\/mm.group\/wp-content\/uploads\/Florian-Binder-Krieglstein-e1724072038975.jpg\" alt=\"\"\n                                        >\n                                                            <\/div>\n                                                                                                            <div class=\"swiper-slide \">\n                                                                    <img decoding=\"async\" loading=\"lazy\" width=\"1024\" height=\"1024\"\n                                        src=\"https:\/\/mm.group\/wp-content\/uploads\/Olivier-Serre-2.jpg\" alt=\"\"\n                                        >\n                                                            <\/div>\n                                            <\/div>\n                <\/div>\n            <\/div> <!-- Cierre de la col-image -->\n            <div class=\"col-content\">\n                                    <div class=\"swiper-pagination\"><\/div>\n                                <div class=\"swiper-container\">\n                    <div class=\"swiper\">\n                        <div class=\"swiper-wrapper\">\n                                                                                             <div class=\"swiper-slide\">\n                                    <div class=\"banner-info-content\"  data-aos=\"fade-up\" data-aos-duration=\"1000\">\n                                                                                                                                                                    <div class=\"banner_text custom-list\"><p>Die Zusammenarbeit st\u00e4rkt uns darin, das Beste aus uns und unserem Unternehmen herauszuholen. Selbst in schwierigen Situationen und unter schwierigen Umst\u00e4nden beweisen wir immer wieder, dass wir durch die Kombination unserer St\u00e4rken und unseres Fachwissens gro\u00dfartige L\u00f6sungen schaffen k\u00f6nnen, die uns als f\u00fchrendes Unternehmen im Bereich Consumer Packaging auszeichnen.<\/p>\n<\/div>\n                                                                                                                            <div class=\"banner-author-info\">\n                                                                                                    <p class=\"banner-author accent-color\">Elvira Schmid\n                                                                                                            <\/p>\n                                                                                                                                                    <p class=\"banner-author-position\">Head of Group Legal<\/p>\n                                                                                            <\/div>\n                                                                                                                    <\/div>\n                                <\/div>\n                                                                                             <div class=\"swiper-slide\">\n                                    <div class=\"banner-info-content\"  data-aos=\"fade-up\" data-aos-duration=\"1000\">\n                                                                                                                                                                    <div class=\"banner_text custom-list\"><p>Ein leidenschaftliches Team hat ein gemeinsames Ziel und stellt st\u00e4ndig den Status quo in Frage, um gemeinsam stark zu werden (#strongertogether) und die Erwartungen zu \u00fcbertreffen. Das Team hat Spa\u00df an seinen Aufgaben und Verantwortlichkeiten, die einen Mehrwert f\u00fcr unseren ganzheitlichen, kundenorientierten Ansatz darstellen.<\/p>\n<\/div>\n                                                                                                                            <div class=\"banner-author-info\">\n                                                                                                    <p class=\"banner-author accent-color\">Florian Binder-Krieglstein\n                                                                                                            <\/p>\n                                                                                                                                                    <p class=\"banner-author-position\">CEO Business Unit Cigarette<\/p>\n                                                                                            <\/div>\n                                                                                                                    <\/div>\n                                <\/div>\n                                                                                             <div class=\"swiper-slide\">\n                                    <div class=\"banner-info-content\"  data-aos=\"fade-up\" data-aos-duration=\"1000\">\n                                                                                                                                                                    <div class=\"banner_text custom-list\"><p>Unser ergebnisorientierter Ansatz stellt sicher, dass wir Angebote und Vereinbarungen kundenorientiert gestalten und zugleich die finanziellen Zielkennzahlen f\u00fcr MM erreichen. So sichern wir den langfristigen Erfolg unseres Unternehmens. M\u00f6glich wird dies durch das Zusammenspiel aller Unternehmensbereiche, die gemeinsam nachhaltigen Mehrwert f\u00fcr unsere Kunden schaffen.<\/p>\n<\/div>\n                                                                                                                            <div class=\"banner-author-info\">\n                                                                                                    <p class=\"banner-author accent-color\">Olivier Serre\n                                                                                                            <\/p>\n                                                                                                                                                    <p class=\"banner-author-position\">VP Sales &#038; Innovation<\/p>\n                                                                                            <\/div>\n                                                                                                                    <\/div>\n                                <\/div>\n                                                    <\/div>\n                    <\/div>\n                                            <div class=\"navigation-buttons\">\n                            <button title=\"Previous slide\" class=\"swiper-button-prev accent-color\"><svg width=\"60\" height=\"60\" viewBox=\"0 0 60 60\" fill=\"none\" xmlns=\"http:\/\/www.w3.org\/2000\/svg\">\n<path d=\"M24.42 52.4961L26.7484 49.8621L6.26789 31.7579L60 31.7579L60 28.2423L6.26789 28.2423L26.7484 10.1381L24.42 7.50406L2.04617e-06 29.0906L1.88715e-06 30.9096L24.42 52.4961Z\" fill=\"currentColor\"\/>\n<\/svg><\/button>\n                            <button title=\"Next slide\" class=\"swiper-button-next accent-color\"><svg width=\"60\" height=\"60\" viewBox=\"0 0 60 60\" fill=\"none\" xmlns=\"http:\/\/www.w3.org\/2000\/svg\">\n<path d=\"M24.42 52.4961L26.7484 49.8621L6.26789 31.7579L60 31.7579L60 28.2423L6.26789 28.2423L26.7484 10.1381L24.42 7.50406L2.04617e-06 29.0906L1.88715e-06 30.9096L24.42 52.4961Z\" fill=\"currentColor\"\/>\n<\/svg><\/button>\n                        <\/div>\n                                    <\/div>\n            <\/div>\n            <\/div>\n<\/section>\n\n\n<section id=\"block_7a283984038d3f564dcd4cbbce9cac67\" data-block_7a283984038d3f564dcd4cbbce9cac67 class=\"separator-w-icon align transparent position-right  container-bg  \">\n  <div class=\"container\">\n    <div class=\"inner relative\" data-aos=\"fade-up\" data-aos-duration=\"1000\">\n      <picture>\n                  <source media=\"(min-width: 1024px)\" srcset=\"https:\/\/mm.group\/wp-content\/uploads\/icon-13.svg\">\n                <img src=\"https:\/\/mm.group\/wp-content\/uploads\/icon-13.svg\" alt=\"\" width=\"1\" height=\"1\" loading=\"lazy\" decoding=\"async\" class=\"bg-image\">\n    <\/picture>\n    <\/div>\n  <\/div>\n<\/section>\n\n<section id=\"block_5f101a135c2bf2cba7c0e863d06f2f77\" data-block_5f101a135c2bf2cba7c0e863d06f2f77\n    class=\"banner-cta-full align    light-green  container-bg\"\n        >\n    <div class=\"container\">\n                    <div class=\"section-info mb-10 max-w-[833px]\">\n                                    <div class=\"pretitle accent-color mb-3\">Karrierem\u00f6glichkeiten<\/div>\n                                                    <h2 class=\"title mb-4\">Schlie\u00dfe dich uns noch heute an!<\/h2>\n                                                    <div class=\"section_text mb-4\"><p>Entdecke unsere Karrierem\u00f6glichkeiten und finde dein n\u00e4chstes berufliches Abenteuer.<\/p>\n<\/div>\n                            <\/div>\n                            <div class=\"banner-links\">\n                                                                                                    <a class=\"btn  btn-primary \"\n                            href=\"https:\/\/mm.group\/de\/menschen\/dein-job-bei-mm\/\" target=\"\">\n                            <span>\n                                Stellen nach Standort entdecken\n                                                            <\/span>\n                        <\/a>\n                                                                                                                                            <a class=\"btn  btn-secondary \" href=\"https:\/\/www.linkedin.com\/jobs\/search\/?currentJobId=4005359578&#038;f_C=19151313&#038;geoId=92000000&#038;origin=JOB_SEARCH_PAGE_JOB_FILTER&#038;sortBy=R&#038;start=50\" target=\"_blank\" rel=\"nofollow noopener\">\n                            <span>\n                                Alle Stellen durchsuchen\n                                                            <\/span>\n                        <\/a>\n                                                                    <\/div>\n            <\/div>\n<\/section>\n","protected":false},"excerpt":{"rendered":"","protected":false},"author":1,"featured_media":0,"parent":16646,"menu_order":75,"comment_status":"closed","ping_status":"closed","template":"","meta":{"_acf_changed":false,"inline_featured_image":false,"footnotes":""},"page-category":[],"class_list":["post-16647","page","type-page","status-publish","hentry"],"acf":[],"_links":{"self":[{"href":"https:\/\/mm.group\/de\/wp-json\/wp\/v2\/pages\/16647","targetHints":{"allow":["GET"]}}],"collection":[{"href":"https:\/\/mm.group\/de\/wp-json\/wp\/v2\/pages"}],"about":[{"href":"https:\/\/mm.group\/de\/wp-json\/wp\/v2\/types\/page"}],"author":[{"embeddable":true,"href":"https:\/\/mm.group\/de\/wp-json\/wp\/v2\/users\/1"}],"replies":[{"embeddable":true,"href":"https:\/\/mm.group\/de\/wp-json\/wp\/v2\/comments?post=16647"}],"version-history":[{"count":1,"href":"https:\/\/mm.group\/de\/wp-json\/wp\/v2\/pages\/16647\/revisions"}],"predecessor-version":[{"id":77819,"href":"https:\/\/mm.group\/de\/wp-json\/wp\/v2\/pages\/16647\/revisions\/77819"}],"up":[{"embeddable":true,"href":"https:\/\/mm.group\/de\/wp-json\/wp\/v2\/pages\/16646"}],"wp:attachment":[{"href":"https:\/\/mm.group\/de\/wp-json\/wp\/v2\/media?parent=16647"}],"wp:term":[{"taxonomy":"page-category","embeddable":true,"href":"https:\/\/mm.group\/de\/wp-json\/wp\/v2\/page-category?post=16647"}],"curies":[{"name":"wp","href":"https:\/\/api.w.org\/{rel}","templated":true}]}}