{"id":16662,"date":"2024-05-10T12:48:32","date_gmt":"2024-05-10T10:48:32","guid":{"rendered":"https:\/\/mm-live.digilicious.cloud\/reports\/"},"modified":"2025-07-23T13:23:45","modified_gmt":"2025-07-23T11:23:45","slug":"berichte","status":"publish","type":"page","link":"https:\/\/mm.group\/de\/nachhaltigkeit\/berichte\/","title":{"rendered":"Berichte"},"content":{"rendered":"<section id=\"block_8bc7f87cc4783fee5073ef496bb3b8dd\" data-block_8bc7f87cc4783fee5073ef496bb3b8dd class=\"hero-page align light-green  container-bg  page-child\">\n  <div class=\"container-big\">\n    <div class=\"container\">\n      <div class=\"col-info\">\n                                  <h1 class=\"title mb-2\">Berichte<\/h1>\n                              <\/div>\n    <\/div>\n    <div class=\"col-imgs \">\n              <picture class=\"patterns\">\n          <source media=\"(min-width:1280px)\" srcset=\"https:\/\/mm.group\/wp-content\/uploads\/header-pattern-image-inside-desktop.webp\">\n          <source media=\"(min-width:768px)\" srcset=\"https:\/\/mm.group\/wp-content\/uploads\/header-pattern-image-inside-tablet.webp\">\n          <img fetchpriority=\"high\" src=\"https:\/\/mm.group\/wp-content\/uploads\/header-pattern-image-inside-mobile-1.webp\" alt=\"\" width=\"1538\" height=\"512\" loading=\"eager\" decoding=\"async\" >\n        <\/picture>      \n                    <picture class=\"background-image\">\n          <source media=\"(min-width:1280px)\" srcset=\"https:\/\/mm.group\/wp-content\/uploads\/header-background-sustainability-reports-desktop.webp\">\n          <source media=\"(min-width:768px)\" srcset=\"https:\/\/mm.group\/wp-content\/uploads\/header-background-sustainability-reports-tablet.webp\">\n          <img src=\"https:\/\/mm.group\/wp-content\/uploads\/header-background-sustainability-reports-mobile.webp\" alt=\"\" width=\"1536\" height=\"514\" loading=\"eager\" decoding=\"async\" >\n        <\/picture> \n          <\/div>\n  <\/div>\n<\/section>\n<section class=\"section-breadcrumb container-bg\">\n        <div class=\"container\">\n            <nav aria-label=\"breadcrumbs\" class=\"rank-math-breadcrumb\"><p><a href=\"https:\/\/mm.group\/de\/\">MM Group<\/a><span class=\"separator\"> \/ <\/span><a href=\"https:\/\/mm.group\/de\/wp-json\/\">Wp Json<\/a><span class=\"separator\"> \/ <\/span><a href=\"https:\/\/mm.group\/de\/wp-json\/wp\/\">Wp<\/a><span class=\"separator\"> \/ <\/span><a href=\"https:\/\/mm.group\/de\/wp-json\/wp\/v2\/\">V2<\/a><span class=\"separator\"> \/ <\/span><a href=\"https:\/\/mm.group\/de\/wp-json\/wp\/v2\/pages\/\">Pages<\/a><span class=\"separator\"> \/ <\/span><span class=\"last\">16662<\/span><\/p><\/nav>    \n        <\/div>\n    <\/section>\n\n\n<section id=\"block_3a1b27748a02251e94b7c44c797f40ed\" data-block_3a1b27748a02251e94b7c44c797f40ed\n    class=\"banner-xl align transparent  container-bg  \">\n    <div class=\"container\">\n            <\/div>\n    <div class=\"container container-wrapper  reverse \">\n                    <div class=\"col-image\">\n                <div class=\"swiper\">\n                    <div class=\"swiper-wrapper\">\n                                                                                                            <div class=\"swiper-slide \">\n                                                                    <img decoding=\"async\" loading=\"lazy\" width=\"550\" height=\"550\"\n                                        src=\"https:\/\/mm.group\/wp-content\/uploads\/dummy-image-reports.jpg\" alt=\"\"\n                                        >\n                                                            <\/div>\n                                            <\/div>\n                <\/div>\n            <\/div> <!-- Cierre de la col-image -->\n            <div class=\"col-content\">\n                                <div class=\"swiper-container\">\n                    <div class=\"swiper\">\n                        <div class=\"swiper-wrapper\">\n                                                                                             <div class=\"swiper-slide\">\n                                    <div class=\"banner-info-content\"  data-aos=\"fade-up\" data-aos-duration=\"1000\">\n                                                                                                                            <h2\n                                                class=\"mb-4  title \">\n                                                Bericht 2024<\/h2>\n                                                                                                                            <div class=\"banner_text custom-list\"><p><span data-sheets-root=\"1\">Unser Nachhaltigkeitsbericht gibt einen \u00dcberblick \u00fcber unser Bestreben, nachhaltige Praktiken in unseren Betriebsabl\u00e4ufen zu f\u00f6rdern. Er zeigt unseren Fortschritt bei der Erreichung unserer Nachhaltigkeitsziele auf, einschlie\u00dflich der Reduzierung unseres Umwelteinflusses, der F\u00f6rderung der Arbeitssicherheit und der Unterst\u00fctzung der Gemeinden, in denen wir t\u00e4tig sind. Durch diesen Bericht m\u00f6chten wir transparent \u00fcber unsere Nachhaltigkeitsleistung sein und andere dazu inspirieren, sich uns anzuschlie\u00dfen, um eine nachhaltigere Zukunft zu schaffen<\/span><\/p>\n<\/div>\n                                                                                                                                                                    <div class=\"mt-9 mb-3\">\n                                                <a class=\"btn btn-secondary\" href=\"https:\/\/mm.group\/wp-content\/uploads\/MM_Annual_Report_2024.pdf\"\n                                                    target=\"_blank\">\n                                                    <span>\n                                                        Bericht 2024\n                                                                                                            <\/span>\n                                                <\/a>\n                                            <\/div>\n                                                                            <\/div>\n                                <\/div>\n                                                    <\/div>\n                    <\/div>\n                                    <\/div>\n            <\/div>\n            <\/div>\n<\/section>\n\n\n<section id=\"block_1bc9af971a1c7c8d4c42ce8696770ad5\" data-block_1bc9af971a1c7c8d4c42ce8696770ad5 class=\"grid-cards-image align transparent  container-bg \">\n<div class=\"container\">\n    \n    <div class=\"grid_wrapper\">\n                                 <a href=\" https:\/\/mm.group\/wp-content\/uploads\/MM_Annual_Report_2024.pdf \">\n            <div class=\"card\">\n                                  <img src=\"https:\/\/mm.group\/wp-content\/uploads\/document.svg\" alt=\"\" width=\"1\" height=\"1\" loading=\"lazy\" decoding=\"async\" >\n                                <h3> Gesch\u00e4ftsbericht 2024<\/h3>\n                                            <\/div>\n            <\/a>\n                                   <a href=\" https:\/\/mm.group\/wp-content\/uploads\/MM_Geschaeftsbericht_2023-1.pdf \">\n            <div class=\"card\">\n                                  <img src=\"https:\/\/mm.group\/wp-content\/uploads\/document.svg\" alt=\"\" width=\"1\" height=\"1\" loading=\"lazy\" decoding=\"async\" >\n                                <h3> Gesch\u00e4ftsbericht 2023<\/h3>\n                                            <\/div>\n            <\/a>\n                                   <a href=\" https:\/\/mm.group\/wp-content\/uploads\/MM_Konsolidierter_nichtfinanzieller_Bericht_2023-2.pdf \">\n            <div class=\"card\">\n                                  <img src=\"https:\/\/mm.group\/wp-content\/uploads\/document.svg\" alt=\"\" width=\"1\" height=\"1\" loading=\"lazy\" decoding=\"async\" >\n                                <h3> Konsolidierter nichtfinanzieller Bericht 2023<\/h3>\n                                            <\/div>\n            <\/a>\n              <\/div>\n  <\/div>\n<\/section>\n\n<section id=\"block_b5f7e7ee1502eed308af7a22996d23f8\" data-block_b5f7e7ee1502eed308af7a22996d23f8 class=\"reports-list align pb-20 md:pb-[100px]\">\n  <div class=\"report-header bg-light_grey py-[50px]\">\n    <div class=\"container\">\n                    <div class=\"title mt-[11px]\">Alle Berichte<\/div>\n                    <div class=\"swiper-general-wrapper\">\n          <button class=\"swiper-button swiper-button-prev accent-color\"><svg width=\"60\" height=\"60\" viewBox=\"0 0 60 60\" fill=\"none\" xmlns=\"http:\/\/www.w3.org\/2000\/svg\">\n<path d=\"M24.42 52.4961L26.7484 49.8621L6.26789 31.7579L60 31.7579L60 28.2423L6.26789 28.2423L26.7484 10.1381L24.42 7.50406L2.04617e-06 29.0906L1.88715e-06 30.9096L24.42 52.4961Z\" fill=\"currentColor\"\/>\n<\/svg><\/button>\n          <div class=\"filter-year-links swiper\">\n            <div class=\"facetwp-facet facetwp-facet-years facetwp-type-radio\" data-name=\"years\" data-type=\"radio\"><\/div>\n          <\/div>\n          <button class=\"swiper-button swiper-button-next accent-color\"><svg width=\"60\" height=\"60\" viewBox=\"0 0 60 60\" fill=\"none\" xmlns=\"http:\/\/www.w3.org\/2000\/svg\">\n<path d=\"M24.42 52.4961L26.7484 49.8621L6.26789 31.7579L60 31.7579L60 28.2423L6.26789 28.2423L26.7484 10.1381L24.42 7.50406L2.04617e-06 29.0906L1.88715e-06 30.9096L24.42 52.4961Z\" fill=\"currentColor\"\/>\n<\/svg><\/button>\n        <\/div>\n          <\/div>\n\n  <\/div>\n  <div class=\"container\">\n    <div class=\"reports-wrapper mt-10 md:mt-[64px]\">\n      <div class=\" facetwp-template \">\n        <div class=\"grid-reports mt-10 md:mt-[100px] grid gap-x-8 gap-y-10 auto-rows-fr grid-cols-1 md:grid-cols-2\">\n                                   <a href=\"https:\/\/mm.group\/wp-content\/uploads\/MM_Geschaeftsbericht-2025.pdf\" class=\"card-download \" target=\"_blank\" >\n        <div class=\"top-download\">\n                            <div class=\"download-title\">Gesch\u00e4ftsbericht 2025<\/div>\n                        <div class=\"download-icon\">\n                                    <svg width=\"20\" height=\"20\" viewBox=\"0 0 20 20\" fill=\"none\" xmlns=\"http:\/\/www.w3.org\/2000\/svg\">\n<mask id=\"mask0_3969_27664\" style=\"mask-type:luminance\" maskUnits=\"userSpaceOnUse\" x=\"0\" y=\"0\" width=\"20\" height=\"20\">\n<path d=\"M0 1.90735e-06H20V20H0V1.90735e-06Z\" fill=\"white\"\/>\n<\/mask>\n<g mask=\"url(#mask0_3969_27664)\">\n<path fill-rule=\"evenodd\" clip-rule=\"evenodd\" d=\"M1.21094 20H18.7891V14.1406H17.6172V18.8281H2.38281V14.1406H1.21094V20Z\" fill=\"currentColor\"\/>\n<\/g>\n<path d=\"M10.0795 13.2427L10.0795 0.832031L10.2513 0.832031L10.2513 13.2427L10.2513 14.5633L11.1259 13.5739L16.8295 7.12167L16.9583 7.2355L10.2432 14.832L10.0876 14.832L3.37249 7.2355L3.50126 7.12167L9.20483 13.5739L10.0795 14.5633L10.0795 13.2427Z\" fill=\"currentColor\" stroke=\"currentColor\"\/>\n<\/svg>\n                            <\/div>\n        <\/div>\n            <\/a>\n                                   <a href=\"https:\/\/mm.group\/wp-content\/uploads\/MM_Geschaeftsbericht-2024.pdf\" class=\"card-download \" target=\"_blank\" >\n        <div class=\"top-download\">\n                            <div class=\"download-title\">Gesch\u00e4ftsbericht 2024<\/div>\n                        <div class=\"download-icon\">\n                                    <svg width=\"20\" height=\"20\" viewBox=\"0 0 20 20\" fill=\"none\" xmlns=\"http:\/\/www.w3.org\/2000\/svg\">\n<mask id=\"mask0_3969_27664\" style=\"mask-type:luminance\" maskUnits=\"userSpaceOnUse\" x=\"0\" y=\"0\" width=\"20\" height=\"20\">\n<path d=\"M0 1.90735e-06H20V20H0V1.90735e-06Z\" fill=\"white\"\/>\n<\/mask>\n<g mask=\"url(#mask0_3969_27664)\">\n<path fill-rule=\"evenodd\" clip-rule=\"evenodd\" d=\"M1.21094 20H18.7891V14.1406H17.6172V18.8281H2.38281V14.1406H1.21094V20Z\" fill=\"currentColor\"\/>\n<\/g>\n<path d=\"M10.0795 13.2427L10.0795 0.832031L10.2513 0.832031L10.2513 13.2427L10.2513 14.5633L11.1259 13.5739L16.8295 7.12167L16.9583 7.2355L10.2432 14.832L10.0876 14.832L3.37249 7.2355L3.50126 7.12167L9.20483 13.5739L10.0795 14.5633L10.0795 13.2427Z\" fill=\"currentColor\" stroke=\"currentColor\"\/>\n<\/svg>\n                            <\/div>\n        <\/div>\n            <\/a>\n                                   <a href=\"https:\/\/mm.group\/wp-content\/uploads\/MM_Geschaeftsbericht_2023-1.pdf\" class=\"card-download \" target=\"_blank\" >\n        <div class=\"top-download\">\n                            <div class=\"download-title\"> Gesch\u00e4ftsbericht 2023<\/div>\n                        <div class=\"download-icon\">\n                                    <svg width=\"20\" height=\"20\" viewBox=\"0 0 20 20\" fill=\"none\" xmlns=\"http:\/\/www.w3.org\/2000\/svg\">\n<mask id=\"mask0_3969_27664\" style=\"mask-type:luminance\" maskUnits=\"userSpaceOnUse\" x=\"0\" y=\"0\" width=\"20\" height=\"20\">\n<path d=\"M0 1.90735e-06H20V20H0V1.90735e-06Z\" fill=\"white\"\/>\n<\/mask>\n<g mask=\"url(#mask0_3969_27664)\">\n<path fill-rule=\"evenodd\" clip-rule=\"evenodd\" d=\"M1.21094 20H18.7891V14.1406H17.6172V18.8281H2.38281V14.1406H1.21094V20Z\" fill=\"currentColor\"\/>\n<\/g>\n<path d=\"M10.0795 13.2427L10.0795 0.832031L10.2513 0.832031L10.2513 13.2427L10.2513 14.5633L11.1259 13.5739L16.8295 7.12167L16.9583 7.2355L10.2432 14.832L10.0876 14.832L3.37249 7.2355L3.50126 7.12167L9.20483 13.5739L10.0795 14.5633L10.0795 13.2427Z\" fill=\"currentColor\" stroke=\"currentColor\"\/>\n<\/svg>\n                            <\/div>\n        <\/div>\n            <\/a>\n                                   <a href=\"https:\/\/mm.group\/wp-content\/uploads\/MM_Konsolidierter_nichtfinanzieller_Bericht_2023-2.pdf\" class=\"card-download \" target=\"_blank\" >\n        <div class=\"top-download\">\n                            <div class=\"download-title\"> Konsolidierter nichtfinanzieller Bericht 2023<\/div>\n                        <div class=\"download-icon\">\n                                    <svg width=\"20\" height=\"20\" viewBox=\"0 0 20 20\" fill=\"none\" xmlns=\"http:\/\/www.w3.org\/2000\/svg\">\n<mask id=\"mask0_3969_27664\" style=\"mask-type:luminance\" maskUnits=\"userSpaceOnUse\" x=\"0\" y=\"0\" width=\"20\" height=\"20\">\n<path d=\"M0 1.90735e-06H20V20H0V1.90735e-06Z\" fill=\"white\"\/>\n<\/mask>\n<g mask=\"url(#mask0_3969_27664)\">\n<path fill-rule=\"evenodd\" clip-rule=\"evenodd\" d=\"M1.21094 20H18.7891V14.1406H17.6172V18.8281H2.38281V14.1406H1.21094V20Z\" fill=\"currentColor\"\/>\n<\/g>\n<path d=\"M10.0795 13.2427L10.0795 0.832031L10.2513 0.832031L10.2513 13.2427L10.2513 14.5633L11.1259 13.5739L16.8295 7.12167L16.9583 7.2355L10.2432 14.832L10.0876 14.832L3.37249 7.2355L3.50126 7.12167L9.20483 13.5739L10.0795 14.5633L10.0795 13.2427Z\" fill=\"currentColor\" stroke=\"currentColor\"\/>\n<\/svg>\n                            <\/div>\n        <\/div>\n            <\/a>\n                                   <a href=\"https:\/\/mm.group\/wp-content\/uploads\/MM_Konsolidierter_nichtfinanzieller_Bericht_2021.pdf\" class=\"card-download \" target=\"_blank\" >\n        <div class=\"top-download\">\n                            <div class=\"download-title\">Konsolidierter nichtfinanzieller Bericht 2021<\/div>\n                        <div class=\"download-icon\">\n                                    <svg width=\"20\" height=\"20\" viewBox=\"0 0 20 20\" fill=\"none\" xmlns=\"http:\/\/www.w3.org\/2000\/svg\">\n<mask id=\"mask0_3969_27664\" style=\"mask-type:luminance\" maskUnits=\"userSpaceOnUse\" x=\"0\" y=\"0\" width=\"20\" height=\"20\">\n<path d=\"M0 1.90735e-06H20V20H0V1.90735e-06Z\" fill=\"white\"\/>\n<\/mask>\n<g mask=\"url(#mask0_3969_27664)\">\n<path fill-rule=\"evenodd\" clip-rule=\"evenodd\" d=\"M1.21094 20H18.7891V14.1406H17.6172V18.8281H2.38281V14.1406H1.21094V20Z\" fill=\"currentColor\"\/>\n<\/g>\n<path d=\"M10.0795 13.2427L10.0795 0.832031L10.2513 0.832031L10.2513 13.2427L10.2513 14.5633L11.1259 13.5739L16.8295 7.12167L16.9583 7.2355L10.2432 14.832L10.0876 14.832L3.37249 7.2355L3.50126 7.12167L9.20483 13.5739L10.0795 14.5633L10.0795 13.2427Z\" fill=\"currentColor\" stroke=\"currentColor\"\/>\n<\/svg>\n                            <\/div>\n        <\/div>\n            <\/a>\n                                   <a href=\"https:\/\/mm.group\/wp-content\/uploads\/MM_Konsolidierter_nichtfinanzieller_Bericht_2020.pdf\" class=\"card-download \" target=\"_blank\" >\n        <div class=\"top-download\">\n                            <div class=\"download-title\">Konsolidierter nichtfinanzieller Bericht 2020<\/div>\n                        <div class=\"download-icon\">\n                                    <svg width=\"20\" height=\"20\" viewBox=\"0 0 20 20\" fill=\"none\" xmlns=\"http:\/\/www.w3.org\/2000\/svg\">\n<mask id=\"mask0_3969_27664\" style=\"mask-type:luminance\" maskUnits=\"userSpaceOnUse\" x=\"0\" y=\"0\" width=\"20\" height=\"20\">\n<path d=\"M0 1.90735e-06H20V20H0V1.90735e-06Z\" fill=\"white\"\/>\n<\/mask>\n<g mask=\"url(#mask0_3969_27664)\">\n<path fill-rule=\"evenodd\" clip-rule=\"evenodd\" d=\"M1.21094 20H18.7891V14.1406H17.6172V18.8281H2.38281V14.1406H1.21094V20Z\" fill=\"currentColor\"\/>\n<\/g>\n<path d=\"M10.0795 13.2427L10.0795 0.832031L10.2513 0.832031L10.2513 13.2427L10.2513 14.5633L11.1259 13.5739L16.8295 7.12167L16.9583 7.2355L10.2432 14.832L10.0876 14.832L3.37249 7.2355L3.50126 7.12167L9.20483 13.5739L10.0795 14.5633L10.0795 13.2427Z\" fill=\"currentColor\" stroke=\"currentColor\"\/>\n<\/svg>\n                            <\/div>\n        <\/div>\n            <\/a>\n                            <\/div>\n      <\/div>\n              <div class=\"mt-[60px]\">\n          <div class=\"pagination\">\n            <div class=\"facetwp-facet facetwp-facet-pagination facetwp-type-pager\" data-name=\"pagination\" data-type=\"pager\"><\/div>\n          <\/div>\n        <\/div>\n          <\/div>\n  <\/div>\n<\/section>\n\n\n<section id=\"block_1d7591e6fe2a007043b30935b89ea91b\" data-block_1d7591e6fe2a007043b30935b89ea91b class=\"separator-w-icon align transparent position-right  container-bg  \">\n  <div class=\"container\">\n    <div class=\"inner relative\" data-aos=\"fade-up\" data-aos-duration=\"1000\">\n      <picture>\n                  <source media=\"(min-width: 1024px)\" srcset=\"https:\/\/mm.group\/wp-content\/uploads\/icon-1.svg\">\n                <img src=\"https:\/\/mm.group\/wp-content\/uploads\/icon-1.svg\" alt=\"\" width=\"400\" height=\"200\" loading=\"lazy\" decoding=\"async\" class=\"bg-image\">\n    <\/picture>\n    <\/div>\n  <\/div>\n<\/section>\n\n<section id=\"block_5ad3d0d9a0a194c1380c2d3666a926b7\" data-block_5ad3d0d9a0a194c1380c2d3666a926b7 class=\"related-news align light-green  container-bg \">\n  <div class=\"container\">\n    <div class=\"section-info mb-10 max-w-[833px] \">\n                            <h2 class=\"title mb-4\">Aktuelle News<\/h2>\n                        \n            <\/div>\n    <div class=\"related-news\">\n                      <article\n    class=\"new-card  division-packaging  \">\n    <a href=\"https:\/\/mm.group\/de\/news\/packaging\/innovative-verpackung-fuer-klinische-studien-wie-clinical-trial-technology-den-rechtzeitigen-zugang-sicherstellt\/\" title=\"Innovative Verpackung f\u00fcr klinische Studien: Wie Clinical Trial Technology den rechtzeitigen Zugang sicherstellt\">\n        <div class=\"image-wrapper\">\n                            <div class=\"new-card-sectors\">\n                                            <div class=\"category sector-packaging\">Packaging<\/div>\n                                    <\/div>\n                                        <img src=\"https:\/\/mm.group\/wp-content\/uploads\/2e76bf80-4722-40fa-85e2-402d753dcc4f-scaled.jpg\" alt=\"Innovative Clinical trial packaging by MM Group\" width=\"2560\" height=\"2560\" loading=\"lazy\" decoding=\"async\" >\n                    <\/div>\n        <div class=\"new-card-meta\">\n            <time datetime=\"15\/04\/26\">15\/04\/26<\/time>\n                            <div class=\"tag-news swiper\">\n                    <div class=\"swiper-wrapper\">\n                                                    <div class=\"tag sector-pharma-hc-industry-insights-de swiper-slide\">Pharma &amp; HC Industry Insights<\/div>\n                            <span class=\"separator swiper-slide\">\u00b7<\/span>\n                                                    <div class=\"tag sector-clinical-trials swiper-slide\">Clinical Trials<\/div>\n                            <span class=\"separator swiper-slide\">\u00b7<\/span>\n                                            <\/div>\n                <\/div>\n                        <p class=\"new-card-title\">Innovative Verpackung f\u00fcr klinische Studien: Wie Clinical Trial Technology den rechtzeitigen Zugang sicherstellt<\/p>\n        <\/div>\n    <\/a>\n<\/article>\n                      <article\n    class=\"new-card  division-packaging  \">\n    <a href=\"https:\/\/mm.group\/de\/news\/packaging\/verzoegerungen-bei-klinischen-studien-wie-verpackungsexperten-durch-fruehzeitige-protokollentwicklung-zur-verkuerzung-von-zeitplaenen-beitragen-koennen\/\" title=\"Verz\u00f6gerungen bei klinischen Studien: Wie Verpackungsexperten durch fr\u00fchzeitige Protokollentwicklung zur Verk\u00fcrzung von Zeitpl\u00e4nen beitragen k\u00f6nnen\">\n        <div class=\"image-wrapper\">\n                            <div class=\"new-card-sectors\">\n                                            <div class=\"category sector-packaging\">Packaging<\/div>\n                                    <\/div>\n                                        <img src=\"https:\/\/mm.group\/wp-content\/uploads\/Pharma-Photoshoot-square.jpg\" alt=\"\" width=\"1024\" height=\"1024\" loading=\"lazy\" decoding=\"async\" >\n                    <\/div>\n        <div class=\"new-card-meta\">\n            <time datetime=\"12\/03\/26\">12\/03\/26<\/time>\n                            <div class=\"tag-news swiper\">\n                    <div class=\"swiper-wrapper\">\n                                                    <div class=\"tag sector-pharma-hc-industry-insights-de swiper-slide\">Pharma &amp; HC Industry Insights<\/div>\n                            <span class=\"separator swiper-slide\">\u00b7<\/span>\n                                            <\/div>\n                <\/div>\n                        <p class=\"new-card-title\">Verz\u00f6gerungen bei klinischen Studien: Wie Verpackungsexperten durch fr\u00fchzeitige Protokollentwicklung zur Verk\u00fcrzung von Zeitpl\u00e4nen beitragen k\u00f6nnen<\/p>\n        <\/div>\n    <\/a>\n<\/article>\n                      <article\n    class=\"new-card  division-packaging  \">\n    <a href=\"https:\/\/mm.group\/de\/news\/packaging\/zukunft-der-sekundaeren-pharma-verpackungen-in-den-usa-einblicke-von-russell-hill\/\" title=\"Zukunft der sekund\u00e4ren Pharma-Verpackungen in den USA: Einblicke von Russell Hill\">\n        <div class=\"image-wrapper\">\n                            <div class=\"new-card-sectors\">\n                                            <div class=\"category sector-packaging\">Packaging<\/div>\n                                    <\/div>\n                                        <img src=\"https:\/\/mm.group\/wp-content\/uploads\/Image-1-5.jpg\" alt=\"\" width=\"2544\" height=\"2539\" loading=\"lazy\" decoding=\"async\" >\n                    <\/div>\n        <div class=\"new-card-meta\">\n            <time datetime=\"19\/12\/25\">19\/12\/25<\/time>\n                            <div class=\"tag-news swiper\">\n                    <div class=\"swiper-wrapper\">\n                                                    <div class=\"tag sector-pharma-hc-industry-insights-de swiper-slide\">Pharma &amp; HC Industry Insights<\/div>\n                            <span class=\"separator swiper-slide\">\u00b7<\/span>\n                                            <\/div>\n                <\/div>\n                        <p class=\"new-card-title\">Zukunft der sekund\u00e4ren Pharma-Verpackungen in den USA: Einblicke von Russell Hill<\/p>\n        <\/div>\n    <\/a>\n<\/article>\n                <\/div>\n  <\/div>\n<\/section>\n\n<section id=\"block_e422df2bc40380359034a55551a4515b\" data-block_e422df2bc40380359034a55551a4515b class=\"button-centered align light-green  container-bg  relative pb-10 lg:pb-20 lg:-mt-10\">\n    <div class=\"container flex justify-center\">\n      <a class=\"btn  btn-secondary \" href=\"https:\/\/mm.group\/news\/\" target=\"\">\n        <span>\n          Alle News\n                      <svg width=\"20\" height=\"20\" viewBox=\"0 0 20 20\" fill=\"none\" xmlns=\"http:\/\/www.w3.org\/2000\/svg\">\n<path d=\"M17.9107 10.2096H0.375V9.78773H17.9107H18.9011L18.1591 9.13177L11.6132 3.34541L11.8926 3.02933L19.625 9.86453V10.1328L11.8926 16.968L11.6132 16.6519L18.1591 10.8656L18.9011 10.2096H17.9107Z\" fill=\"currentColor\" stroke=\"currentColor\" stroke-width=\"0.75\"\/>\n<\/svg>\n                  <\/span>\n      <\/a>\n    <\/div>\n  <\/section>\n","protected":false},"excerpt":{"rendered":"","protected":false},"author":1,"featured_media":0,"parent":51634,"menu_order":48,"comment_status":"closed","ping_status":"closed","template":"","meta":{"_acf_changed":false,"inline_featured_image":false,"footnotes":""},"page-category":[],"class_list":["post-16662","page","type-page","status-publish","hentry"],"acf":[],"_links":{"self":[{"href":"https:\/\/mm.group\/de\/wp-json\/wp\/v2\/pages\/16662","targetHints":{"allow":["GET"]}}],"collection":[{"href":"https:\/\/mm.group\/de\/wp-json\/wp\/v2\/pages"}],"about":[{"href":"https:\/\/mm.group\/de\/wp-json\/wp\/v2\/types\/page"}],"author":[{"embeddable":true,"href":"https:\/\/mm.group\/de\/wp-json\/wp\/v2\/users\/1"}],"replies":[{"embeddable":true,"href":"https:\/\/mm.group\/de\/wp-json\/wp\/v2\/comments?post=16662"}],"version-history":[{"count":2,"href":"https:\/\/mm.group\/de\/wp-json\/wp\/v2\/pages\/16662\/revisions"}],"predecessor-version":[{"id":48050,"href":"https:\/\/mm.group\/de\/wp-json\/wp\/v2\/pages\/16662\/revisions\/48050"}],"up":[{"embeddable":true,"href":"https:\/\/mm.group\/de\/wp-json\/wp\/v2\/pages\/51634"}],"wp:attachment":[{"href":"https:\/\/mm.group\/de\/wp-json\/wp\/v2\/media?parent=16662"}],"wp:term":[{"taxonomy":"page-category","embeddable":true,"href":"https:\/\/mm.group\/de\/wp-json\/wp\/v2\/page-category?post=16662"}],"curies":[{"name":"wp","href":"https:\/\/api.w.org\/{rel}","templated":true}]}}