{"id":16675,"date":"2024-08-30T16:01:13","date_gmt":"2024-08-30T14:01:13","guid":{"rendered":"https:\/\/mm-live.digilicious.cloud\/our-organisation\/mm-food-premium-packaging\/"},"modified":"2025-11-05T14:44:19","modified_gmt":"2025-11-05T13:44:19","slug":"mm-food-premium-packaging","status":"publish","type":"page","link":"https:\/\/mm.group\/de\/unternehmen\/unsere-organisation\/mm-food-premium-packaging\/","title":{"rendered":"MM Food &amp; Premium Packaging"},"content":{"rendered":"<section id=\"block_2c67b7f39ee614689d70e8e17d961d68\" data-block_2c67b7f39ee614689d70e8e17d961d68 class=\"hero-page align light-green  container-bg  page-subchild\">\n  <div class=\"container-big\">\n    <div class=\"container\">\n      <div class=\"col-info\">\n                                  <h1 class=\"title mb-2\">MM Food &#038; Premium Packaging<\/h1>\n                          <div class=\"text\"><p>MM Food &#038; Premium Packaging ist ein weltweit f\u00fchrender Produzent von Faltschachteln<\/p>\n<\/div>\n                      <\/div>\n    <\/div>\n    <div class=\"col-imgs \">\n              <picture class=\"patterns\">\n          <source media=\"(min-width:1280px)\" srcset=\"https:\/\/mm.group\/wp-content\/uploads\/header-pattern-image-inside-desktop.webp\">\n          <source media=\"(min-width:768px)\" srcset=\"https:\/\/mm.group\/wp-content\/uploads\/header-pattern-image-inside-tablet.webp\">\n          <img fetchpriority=\"high\" src=\"https:\/\/mm.group\/wp-content\/uploads\/header-pattern-image-inside-mobile-1.webp\" alt=\"\" width=\"1538\" height=\"512\" loading=\"eager\" decoding=\"async\" >\n        <\/picture>      \n                    <picture class=\"background-image\">\n          <source media=\"(min-width:1280px)\" srcset=\"https:\/\/mm.group\/wp-content\/uploads\/header-background-company-our-organisational-structure-mm-food-premium-packaging-desktop.webp\">\n          <source media=\"(min-width:768px)\" srcset=\"https:\/\/mm.group\/wp-content\/uploads\/header-background-company-our-organisational-structure-mm-food-premium-packaging-tablet.webp\">\n          <img src=\"https:\/\/mm.group\/wp-content\/uploads\/header-background-company-our-organisational-structure-mm-food-premium-packaging-mobile.webp\" alt=\"\" width=\"1516\" height=\"512\" loading=\"eager\" decoding=\"async\" >\n        <\/picture> \n          <\/div>\n  <\/div>\n<\/section>\n<section class=\"section-breadcrumb container-bg\">\n        <div class=\"container\">\n            <nav aria-label=\"breadcrumbs\" class=\"rank-math-breadcrumb\"><p><a href=\"https:\/\/mm.group\/de\/\">MM Group<\/a><span class=\"separator\"> \/ <\/span><a href=\"https:\/\/mm.group\/de\/wp-json\/\">Wp Json<\/a><span class=\"separator\"> \/ <\/span><a href=\"https:\/\/mm.group\/de\/wp-json\/wp\/\">Wp<\/a><span class=\"separator\"> \/ <\/span><a href=\"https:\/\/mm.group\/de\/wp-json\/wp\/v2\/\">V2<\/a><span class=\"separator\"> \/ <\/span><a href=\"https:\/\/mm.group\/de\/wp-json\/wp\/v2\/pages\/\">Pages<\/a><span class=\"separator\"> \/ <\/span><span class=\"last\">16675<\/span><\/p><\/nav>    \n        <\/div>\n    <\/section>\n\n\n<section id=\"block_00ef817c345fae3f677f940998db12cf\" data-block_00ef817c345fae3f677f940998db12cf class=\"basic-info align white  container-bg   text-center \">\n  <div class=\"container\">\n    <div class=\"info_wrapper\" data-aos=\"fade-up\" data-aos-duration=\"1000\">\n                    <div class=\"basic_text title-small\"><p>MM Food &amp; Premium Packaging deckt bei Verpackungen f\u00fcr Konsumg\u00fcter des t\u00e4glichen Bedarfes ein breites Branchenportfolio ab. Kunden sind sowohl gro\u00dfe multinationale als auch lokale Konsumg\u00fcterproduzenten.<\/p>\n<\/div>\n                <\/div>\n  <\/div>\n<\/section>\n\n<section id=\"block_c9cea3fe3c713c446e42415d9067622e\" data-block_c9cea3fe3c713c446e42415d9067622e class=\"side-by-side-charts align container-bg transparent\">\n  <div class=\"charts-lists\">\n                 <div class=\"chart color-mm-group\">\n        <div class=\"chart-heading\">\n          <p class=\"chart-title title-small\">Anteil Konzernumsatz<\/p>\n          <p class=\"chart-subtitle\">Werte Q3 2025 (LTM)<\/p>\n        <\/div>\n        <div class=\"highcharts-container  first_highlighted \">\n                                   <div class=\"chart-data \" data-chart-title=\"\" data-chart-value=\"41\" data-chart-color=\"#18764c\"><\/div>\n                                   <div class=\"chart-data \" data-chart-title=\"\" data-chart-value=\"59\" data-chart-color=\"#75ad94\"><\/div>\n                  <\/div>\n      <\/div>\n                 <div class=\"chart color-mm-group\">\n        <div class=\"chart-heading\">\n          <p class=\"chart-title title-small\">Anteil bereinigtes EBITDA Konzern<\/p>\n          <p class=\"chart-subtitle\">Werte Q3 2025 (LTM)<\/p>\n        <\/div>\n        <div class=\"highcharts-container  first_highlighted \">\n                                   <div class=\"chart-data \" data-chart-title=\"\" data-chart-value=\"54\" data-chart-color=\"#18764c\"><\/div>\n                                   <div class=\"chart-data \" data-chart-title=\"\" data-chart-value=\"46\" data-chart-color=\"#75ad94\"><\/div>\n                  <\/div>\n      <\/div>\n      <\/div>\n<\/section>\n\n<section id=\"block_2a87b79a9ad9e0b3b1f91ce3e26d2555\" data-block_2a87b79a9ad9e0b3b1f91ce3e26d2555 class=\"info-w-charts align\">\n  <div class=\"container\">\n    <div class=\"charts-w-info\">\n      <div class=\"max-w-[606px]\">\n        <div class=\"section-info mb-10 max-w-[833px] \">\n                            <h2 class=\"title mb-4\">Wettbewerbsstarkes Standortnetzwerk<\/h2>\n                            <div class=\"section_text \"><p>Ein internationales Netzwerk von 37 Standorten in Europa, Amerika und Asien beliefert unsere Kunden verl\u00e4sslich aus wettbewerbsstarken, geografisch gut positionierten Werken. Mit technologisch gezielt ausgerichteten Standorten und profunder Marktexpertise produziert MM Food &#038; Premium Packaging sowohl f\u00fcr den gro\u00dfen Markt Food als auch Premium &#038; Specialities sowie Beauty &#038; Personal Care.<\/p>\n<p>MM Food &#038; Premium Packaging hat in j\u00fcngster Zeit erhebliche Investitionen in die Erweiterung der Produktionskapazit\u00e4ten und Modernisierung des Maschinenparkes get\u00e4tigt. Diese Anstrengungen haben unsere Wettbewerbsvorteile in operativen Schl\u00fcsselbereichen gest\u00e4rkt und neue Wachstumsm\u00f6glichkeiten mit unseren Kunden geschaffen. Dar\u00fcber hinaus erm\u00f6glichte unser Fokus auf technische Innovationen die Expansion in neue M\u00e4rkte, wie z. B. hochgradig kundenspezifische L\u00f6sungen im Digitaldruck.<\/p>\n<\/div>\n                \n            <\/div>\n      <\/div>\n      <div class=\"chart\">\n        <div class=\"chart-heading\">\n                      <p class=\"chart-title title-small\">Umsatz nach Region (Werte 2024)<\/p>\n            \n        <\/div>\n        <div class=\"highcharts-container\">\n                                   \n            <div class=\"chart-data\" data-chart-title=\"Europa\" data-chart-value=\"71\" data-chart-color=\"#18764c\" data-chart-donut=\"75\"><\/div>\n                                   \n            <div class=\"chart-data\" data-chart-title=\"Amerika\" data-chart-value=\"8\" data-chart-color=\"#75ad94\" data-chart-donut=\"75\"><\/div>\n                                   \n            <div class=\"chart-data\" data-chart-title=\"\u00dcbrige Welt\" data-chart-value=\"21\" data-chart-color=\"#014c3c\" data-chart-donut=\"75\"><\/div>\n                  <\/div>\n      <\/div>\n    <\/div>\n  <\/div>  \n<\/section>\n\n\n<section id=\"block_d9437bb85d0c7abfe1cd87c933a53628\" data-block_d9437bb85d0c7abfe1cd87c933a53628\n    class=\"banner-xl align transparent  container-bg  \">\n    <div class=\"container\">\n            <\/div>\n    <div class=\"container container-wrapper  reverse \">\n                    <div class=\"col-image\">\n                <div class=\"swiper\">\n                    <div class=\"swiper-wrapper\">\n                                                                                                            <div class=\"swiper-slide \">\n                                                                    <img decoding=\"async\" loading=\"lazy\" width=\"390\" height=\"390\"\n                                        src=\"https:\/\/mm.group\/wp-content\/uploads\/csm_Lancome_2_45588e96dc-2.webp\" alt=\"\"\n                                        >\n                                                            <\/div>\n                                            <\/div>\n                <\/div>\n            <\/div> <!-- Cierre de la col-image -->\n            <div class=\"col-content\">\n                                <div class=\"swiper-container\">\n                    <div class=\"swiper\">\n                        <div class=\"swiper-wrapper\">\n                                                                                             <div class=\"swiper-slide\">\n                                    <div class=\"banner-info-content\"  data-aos=\"fade-up\" data-aos-duration=\"1000\">\n                                                                                                                            <h2\n                                                class=\"mb-4  title \">\n                                                Nachhaltig und innovativ f\u00fcr weiteres Wachstum<\/h2>\n                                                                                                                            <div class=\"banner_text custom-list\"><p>MM Food &amp; Premium Packaging verfolgt das Ziel, langfristig organisch und \u00fcber Akquisitionen zu wachsen. Verst\u00e4rkte Wettbewerbs- und Innovationskraft wie auch die kontinuierliche Ausrichtung auf attraktive Zukunftsm\u00e4rkte stehen im Mittelpunkt, da sich die Konsumenten kontinuierlich nachhaltigeren und recycelbaren faserbasierten Verpackungsl\u00f6sungen zuwenden.<\/p>\n<p>Nachhaltigkeit hat daher f\u00fcr MM Food &amp; Premium Packaging oberste Priorit\u00e4t durch laufende Entwicklung neuer L\u00f6sungen zur Optimierung des CO<sub>2<\/sub>-Fu\u00dfabdruckes und Substitution von Kunststoffverpackungen. Die Division beabsichtigt, weiter an der Konsolidierung innerhalb der Branche aktiv teilzunehmen, insbesondere im Bereich Beauty.<\/p>\n<\/div>\n                                                                                                                                                            <\/div>\n                                <\/div>\n                                                    <\/div>\n                    <\/div>\n                                    <\/div>\n            <\/div>\n            <\/div>\n<\/section>\n\n\n<section id=\"block_0b7ba2693f3965c45d08629866251089\" data-block_0b7ba2693f3965c45d08629866251089\n    class=\"banner-cta-full align    light-green  container-bg\"\n        >\n    <div class=\"container\">\n                    <div class=\"section-info mb-10 max-w-[833px]\">\n                                                    <h2 class=\"title mb-4\">Mehr \u00fcber MM Food <br>&#038; Premium Packaging<\/h2>\n                                                    <div class=\"section_text mb-4\"><p>Sie interessieren sich f\u00fcr die Produkte und Anwendungsm\u00f6glichkeiten? Dann klicken Sie hier, um mehr zu erfahren.<\/p>\n<\/div>\n                            <\/div>\n                            <div class=\"banner-links\">\n                                                                                                    <a class=\"btn  btn-primary \"\n                            href=\"https:\/\/mm.group\/de\/packaging\/\" target=\"\">\n                            <span>\n                                Mehr erfahren\n                                                            <\/span>\n                        <\/a>\n                                                                    <\/div>\n            <\/div>\n<\/section>\n\n\n\n\n<section id=\"block_9acd4335a74065ecaafb15b2b8f5f398\" data-block_9acd4335a74065ecaafb15b2b8f5f398 class=\"banner-cta-side-by-side align transparent  transparent container-bg  style-investors\">\n  <div class=\"container-big\">\n                 <div class=\"cta-col\">\n        <p class=\"cta-col-pretitle pretitle\">Investors<\/p>\n        <h2 class=\"cta-col-title title\">Nehmen Sie Kontakt mit Investor Relations auf<\/h2>\n        <div class=\"cta-col-text section_text\"><p>Wir freuen uns auf Ihre Nachricht und sind stets um eine schnelle Antwort bem\u00fcht.<\/p>\n<\/div>\n        <a href=\"https:\/\/mm.group\/de\/investoren\/kontaktieren-sie-uns\/\" class=\"btn btn-primary\" target=\"\" title=\"Kontakt aufnehmen\">\n          <span>\n            Kontakt aufnehmen\n                      <\/span>\n        <\/a>\n      <\/div>\n                 <div class=\"cta-col\">\n        <p class=\"cta-col-pretitle pretitle\">IR News<\/p>\n        <h2 class=\"cta-col-title title\">Publikationsmailing<\/h2>\n        <div class=\"cta-col-text section_text\"><p>Zum laufenden Erhalt von Unternehmensberichten sowie Pressemitteilungen der Gesellschaft bieten wir f\u00fcr Aktion\u00e4re und Interessenten die M\u00f6glichkeit einer diesbez\u00fcglichen Registrierung.<\/p>\n<\/div>\n        <a href=\"#form-id-12\" class=\"btn btn-primary\" target=\"\" title=\"Jetzt anfragen\">\n          <span>\n            Jetzt anfragen\n                      <\/span>\n        <\/a>\n      <\/div>\n      <\/div>\n<\/section>","protected":false},"excerpt":{"rendered":"","protected":false},"author":1,"featured_media":0,"parent":16673,"menu_order":0,"comment_status":"closed","ping_status":"closed","template":"","meta":{"_acf_changed":false,"inline_featured_image":false,"footnotes":""},"page-category":[],"class_list":["post-16675","page","type-page","status-publish","hentry"],"acf":[],"_links":{"self":[{"href":"https:\/\/mm.group\/de\/wp-json\/wp\/v2\/pages\/16675","targetHints":{"allow":["GET"]}}],"collection":[{"href":"https:\/\/mm.group\/de\/wp-json\/wp\/v2\/pages"}],"about":[{"href":"https:\/\/mm.group\/de\/wp-json\/wp\/v2\/types\/page"}],"author":[{"embeddable":true,"href":"https:\/\/mm.group\/de\/wp-json\/wp\/v2\/users\/1"}],"replies":[{"embeddable":true,"href":"https:\/\/mm.group\/de\/wp-json\/wp\/v2\/comments?post=16675"}],"version-history":[{"count":1,"href":"https:\/\/mm.group\/de\/wp-json\/wp\/v2\/pages\/16675\/revisions"}],"predecessor-version":[{"id":67477,"href":"https:\/\/mm.group\/de\/wp-json\/wp\/v2\/pages\/16675\/revisions\/67477"}],"up":[{"embeddable":true,"href":"https:\/\/mm.group\/de\/wp-json\/wp\/v2\/pages\/16673"}],"wp:attachment":[{"href":"https:\/\/mm.group\/de\/wp-json\/wp\/v2\/media?parent=16675"}],"wp:term":[{"taxonomy":"page-category","embeddable":true,"href":"https:\/\/mm.group\/de\/wp-json\/wp\/v2\/page-category?post=16675"}],"curies":[{"name":"wp","href":"https:\/\/api.w.org\/{rel}","templated":true}]}}