{"id":16678,"date":"2024-05-14T20:40:00","date_gmt":"2024-05-14T18:40:00","guid":{"rendered":"https:\/\/mm-live.digilicious.cloud\/responsibility\/"},"modified":"2025-12-15T17:15:29","modified_gmt":"2025-12-15T16:15:29","slug":"unsere-verantwortung","status":"publish","type":"page","link":"https:\/\/mm.group\/de\/unternehmen\/unsere-verantwortung\/","title":{"rendered":"Unsere Verantwortung"},"content":{"rendered":"<section id=\"block_4d6c5f522724d472a0a05dc5a4b81d35\" data-block_4d6c5f522724d472a0a05dc5a4b81d35 class=\"hero-page align light-green  container-bg  page-child\">\n  <div class=\"container-big\">\n    <div class=\"container\">\n      <div class=\"col-info\">\n                                  <h1 class=\"title mb-2\">Unsere Verantwortung<\/h1>\n                              <\/div>\n    <\/div>\n    <div class=\"col-imgs \">\n              <picture class=\"patterns\">\n          <source media=\"(min-width:1280px)\" srcset=\"https:\/\/mm.group\/wp-content\/uploads\/header-pattern-image-inside-desktop.webp\">\n          <source media=\"(min-width:768px)\" srcset=\"https:\/\/mm.group\/wp-content\/uploads\/header-pattern-image-inside-tablet.webp\">\n          <img fetchpriority=\"high\" src=\"https:\/\/mm.group\/wp-content\/uploads\/header-pattern-image-inside-mobile-1.webp\" alt=\"\" width=\"1538\" height=\"512\" loading=\"eager\" decoding=\"async\" >\n        <\/picture>      \n                    <picture class=\"background-image\">\n          <source media=\"(min-width:1280px)\" srcset=\"https:\/\/mm.group\/wp-content\/uploads\/hero-page-our-responsibility-desktop.webp\">\n          <source media=\"(min-width:768px)\" srcset=\"https:\/\/mm.group\/wp-content\/uploads\/hero-page-our-responsibility-tablet.webp\">\n          <img src=\"https:\/\/mm.group\/wp-content\/uploads\/hero-page-our-responsibility-mobile.webp\" alt=\"\" width=\"1516\" height=\"512\" loading=\"eager\" decoding=\"async\" >\n        <\/picture> \n          <\/div>\n  <\/div>\n<\/section>\n<section class=\"section-breadcrumb container-bg\">\n        <div class=\"container\">\n            <nav aria-label=\"breadcrumbs\" class=\"rank-math-breadcrumb\"><p><a href=\"https:\/\/mm.group\/de\/\">MM Group<\/a><span class=\"separator\"> \/ <\/span><a href=\"https:\/\/mm.group\/de\/wp-json\/\">Wp Json<\/a><span class=\"separator\"> \/ <\/span><a href=\"https:\/\/mm.group\/de\/wp-json\/wp\/\">Wp<\/a><span class=\"separator\"> \/ <\/span><a href=\"https:\/\/mm.group\/de\/wp-json\/wp\/v2\/\">V2<\/a><span class=\"separator\"> \/ <\/span><a href=\"https:\/\/mm.group\/de\/wp-json\/wp\/v2\/pages\/\">Pages<\/a><span class=\"separator\"> \/ <\/span><span class=\"last\">16678<\/span><\/p><\/nav>    \n        <\/div>\n    <\/section>\n\n\n<section id=\"block_3a42333427832325b09db7bfca1ad5e3\" data-block_3a42333427832325b09db7bfca1ad5e3\n    class=\"banner-xl align transparent  container-bg  \">\n    <div class=\"container\">\n            <\/div>\n    <div class=\"container container-wrapper \">\n                    <div class=\"col-image\">\n                <div class=\"swiper\">\n                    <div class=\"swiper-wrapper\">\n                                                                                                            <div class=\"swiper-slide \">\n                                                                    <img decoding=\"async\" loading=\"lazy\" width=\"567\" height=\"567\"\n                                        src=\"https:\/\/mm.group\/wp-content\/uploads\/New-graph-square.jpg\" alt=\"Our responsability infographic\"\n                                        >\n                                                            <\/div>\n                                            <\/div>\n                <\/div>\n            <\/div> <!-- Cierre de la col-image -->\n            <div class=\"col-content\">\n                                <div class=\"swiper-container\">\n                    <div class=\"swiper\">\n                        <div class=\"swiper-wrapper\">\n                                                                                             <div class=\"swiper-slide\">\n                                    <div class=\"banner-info-content\"  data-aos=\"fade-up\" data-aos-duration=\"1000\">\n                                                                                    <div class=\"pretitle mb-[11px] accent-color\">NACHHALTIGKEIT<\/div>\n                                                                                                                            <h2\n                                                class=\"mb-4  title \">\n                                                Nachhaltige Nutzung von Ressourcen<\/h2>\n                                                                                                                            <div class=\"banner_text custom-list\"><p>Nachhaltige Entwicklung ist fester Bestandteil unserer Unternehmensstrategie und neben Qualit\u00e4t, Innovation und Technologie Teil unserer Erfolgsprinzipien bei MM. Unsere Produkte basieren auf erneuerbaren Rohstoffen und sind in sehr hohen Ausma\u00df recycelbar. Auf diese Weise reduzieren wir den \u00f6kologischen Fu\u00dfabdruck von Verpackungsmaterial. So gestalten wird die Zukunft der Verpackung und tragen zum Wohl unseres Planeten und der Menschen in unserer Umgebung bei.<\/p>\n<\/div>\n                                                                                                                                                                    <div class=\"mt-9 mb-3\">\n                                                <a class=\"btn btn-secondary\" href=\"https:\/\/mm.group\/de\/nachhaltigkeit\/\"\n                                                    target=\"\">\n                                                    <span>\n                                                        Weiter zur Nachhaltigkeit\n                                                                                                            <\/span>\n                                                <\/a>\n                                            <\/div>\n                                                                            <\/div>\n                                <\/div>\n                                                    <\/div>\n                    <\/div>\n                                    <\/div>\n            <\/div>\n            <\/div>\n<\/section>\n\n\n<section id=\"block_e7196828f51796a277488f8c6f4e035c\" data-block_e7196828f51796a277488f8c6f4e035c\n    class=\"banner-xl align transparent  container-bg  \">\n    <div class=\"container\">\n            <\/div>\n    <div class=\"container container-wrapper  reverse \">\n                    <div class=\"col-image\">\n                <div class=\"swiper\">\n                    <div class=\"swiper-wrapper\">\n                                                                                                            <div class=\"swiper-slide \">\n                                                                    <img decoding=\"async\" loading=\"lazy\" width=\"2560\" height=\"2560\"\n                                        src=\"https:\/\/mm.group\/wp-content\/uploads\/MMBP-Follacell-Employee-24-1-scaled-1.webp\" alt=\"COMPANY_Responsibility_Culture_Employee\"\n                                        >\n                                                            <\/div>\n                                            <\/div>\n                <\/div>\n            <\/div> <!-- Cierre de la col-image -->\n            <div class=\"col-content\">\n                                <div class=\"swiper-container\">\n                    <div class=\"swiper\">\n                        <div class=\"swiper-wrapper\">\n                                                                                             <div class=\"swiper-slide\">\n                                    <div class=\"banner-info-content\"  data-aos=\"fade-up\" data-aos-duration=\"1000\">\n                                                                                                                            <h2\n                                                class=\"mb-4  title \">\n                                                Unsere Kultur<\/h2>\n                                                                                                                            <div class=\"banner_text custom-list\"><p>Mit rund 14.000 Mitarbeiter in 30 L\u00e4ndern haben wir die globale Pr\u00e4senz und Erfahrung, um die Bed\u00fcrfnisse unserer Kunden zu erf\u00fcllen. Unsere Kultur ist gepr\u00e4gt von der Hingabe und Begeisterung unserer Mitarbeiter. Wir setzen auf gelebte Werte mit einem starken Fokus auf Nachhaltigkeit. Wir gehen unsere Arbeit mit Verantwortung, Leidenschaft, Ergebnisorientierung und Zusammenarbeit an. Bei MM folgen wir dem Motto \u201eThink next.\u201c, um einen positiven Einfluss auf das Leben der Menschen und den Planeten zu nehmen.<\/p>\n<\/div>\n                                                                                                                                                                    <div class=\"mt-9 mb-3\">\n                                                <a class=\"btn btn-secondary\" href=\"https:\/\/mm.group\/de\/menschen\/leben-mm\/\"\n                                                    target=\"\">\n                                                    <span>\n                                                        Weiter zu HR\n                                                                                                            <\/span>\n                                                <\/a>\n                                            <\/div>\n                                                                            <\/div>\n                                <\/div>\n                                                    <\/div>\n                    <\/div>\n                                    <\/div>\n            <\/div>\n            <\/div>\n<\/section>\n\n\n\n\n<section id=\"block_3ef1a4fbfce09007c3c83679f90e3e99\" data-block_3ef1a4fbfce09007c3c83679f90e3e99\n    class=\"banner-xl align light-green  container-bg  \">\n    <div class=\"container\">\n            <\/div>\n    <div class=\"container container-wrapper \">\n                    <div class=\"col-image\">\n                <div class=\"swiper\">\n                    <div class=\"swiper-wrapper\">\n                                                                                                            <div class=\"swiper-slide \">\n                                                                    <img decoding=\"async\" loading=\"lazy\" width=\"2560\" height=\"2560\"\n                                        src=\"https:\/\/mm.group\/wp-content\/uploads\/MMBP-Kwidzyn-Mill-Employees-_48_-scaled-1.webp\" alt=\"COMPANY_Responsibility_Code of Conduct_Employee\"\n                                        >\n                                                            <\/div>\n                                            <\/div>\n                <\/div>\n            <\/div> <!-- Cierre de la col-image -->\n            <div class=\"col-content\">\n                                <div class=\"swiper-container\">\n                    <div class=\"swiper\">\n                        <div class=\"swiper-wrapper\">\n                                                                                             <div class=\"swiper-slide\">\n                                    <div class=\"banner-info-content\"  data-aos=\"fade-up\" data-aos-duration=\"1000\">\n                                                                                                                            <h2\n                                                class=\"mb-4  title \">\n                                                Code of Conduct<\/h2>\n                                                                                                                            <div class=\"banner_text custom-list\"><p>Die Verhaltensprinzipien der <span data-teams=\"true\">MM Gruppe<\/span> sind in unserem Unternehmenskodex (Code of Conduct) zusammengefasst. Sie schlie\u00dfen die universellen Prinzipien des \u201eUnited Nations Global Compact\u201c mit ein und bilden die Leitlinie f\u00fcr das verantwortungsvolle Handeln unserer Mitarbeiter, um den ethischen Leitprinzipien aus den Bereichen Gesetzeskonformit\u00e4t, Menschenrechte und Arbeitsstandards allerorts im Konzern zu entsprechen.<\/p>\n<\/div>\n                                                                                                                                                                    <div class=\"mt-9 mb-3\">\n                                                <a class=\"btn btn-secondary\" href=\"https:\/\/mm.group\/de\/unternehmen\/unsere-verantwortung\/code-of-conduct-and-policies\/\"\n                                                    target=\"\">\n                                                    <span>\n                                                        Weiter zum Code of Conduct\n                                                                                                            <\/span>\n                                                <\/a>\n                                            <\/div>\n                                                                            <\/div>\n                                <\/div>\n                                                    <\/div>\n                    <\/div>\n                                    <\/div>\n            <\/div>\n            <\/div>\n<\/section>\n\n\n<section id=\"block_c3f98ade583ceb6c8e4baa681eee4524\" data-block_c3f98ade583ceb6c8e4baa681eee4524\n    class=\"banner-xl align transparent  container-bg  \">\n    <div class=\"container\">\n            <\/div>\n    <div class=\"container container-wrapper  reverse \">\n                    <div class=\"col-image\">\n                <div class=\"swiper\">\n                    <div class=\"swiper-wrapper\">\n                                                                                                            <div class=\"swiper-slide \">\n                                                                    <img decoding=\"async\" loading=\"lazy\" width=\"556\" height=\"556\"\n                                        src=\"https:\/\/mm.group\/wp-content\/uploads\/mm_service_2u_talogo_27001_24.jpg\" alt=\"\"\n                                        >\n                                                            <\/div>\n                                            <\/div>\n                <\/div>\n            <\/div> <!-- Cierre de la col-image -->\n            <div class=\"col-content\">\n                                <div class=\"swiper-container\">\n                    <div class=\"swiper\">\n                        <div class=\"swiper-wrapper\">\n                                                                                             <div class=\"swiper-slide\">\n                                    <div class=\"banner-info-content\"  data-aos=\"fade-up\" data-aos-duration=\"1000\">\n                                                                                                                            <h2\n                                                class=\"mb-4  title \">\n                                                T\u00dcV Zertifizierung ISO 27001 <\/h2>\n                                                                                                                            <div class=\"banner_text custom-list\"><p>Die <span data-teams=\"true\">MM Gruppe<\/span> freut sich bekannt zu geben, dass sie erfolgreich die Rezertifizierung f\u00fcr den ISO27001-Standard zur Informationssicherheit erreicht hat. Diese Zertifizierung ist ein Beweis f\u00fcr das Engagement des Unternehmens, das h\u00f6chste Niveau der Informationssicherheit aufrechtzuerhalten und die Vertraulichkeit, Integrit\u00e4t und Verf\u00fcgbarkeit der Daten seiner Kunden zu sch\u00fctzen.<\/p>\n<\/div>\n                                                                                                                                                                    <div class=\"mt-9 mb-3\">\n                                                <a class=\"btn btn-secondary\" href=\"https:\/\/mm.group\/de\/news\/mmgroup\/mm-group-besteht-erfolgreich-iso-27001-zertifizierung\/\"\n                                                    target=\"\">\n                                                    <span>\n                                                        Erfahren Sie mehr\n                                                                                                            <\/span>\n                                                <\/a>\n                                            <\/div>\n                                                                            <\/div>\n                                <\/div>\n                                                    <\/div>\n                    <\/div>\n                                    <\/div>\n            <\/div>\n            <\/div>\n<\/section>\n\n\n<section id=\"block_4eb87a7951c721ffcd000f073c794439\" data-block_4eb87a7951c721ffcd000f073c794439 class=\"separator-w-icon align transparent position-right  container-bg  \">\n  <div class=\"container\">\n    <div class=\"inner relative\" data-aos=\"fade-up\" data-aos-duration=\"1000\">\n      <picture>\n                  <source media=\"(min-width: 1024px)\" srcset=\"https:\/\/mm.group\/wp-content\/uploads\/icon-13.svg\">\n                <img src=\"https:\/\/mm.group\/wp-content\/uploads\/icon-13.svg\" alt=\"\" width=\"1\" height=\"1\" loading=\"lazy\" decoding=\"async\" class=\"bg-image\">\n    <\/picture>\n    <\/div>\n  <\/div>\n<\/section>\n\n<section id=\"block_ac064a4f1ee804b73d536dbb44ac9ebb\" data-block_ac064a4f1ee804b73d536dbb44ac9ebb\n    class=\"banner-cta-full align    light-green  container-bg\"\n        >\n    <div class=\"container\">\n                    <div class=\"section-info mb-10 max-w-[833px]\">\n                                                    <h2 class=\"title mb-4\">Nehmen Sie Kontakt mit uns auf!<\/h2>\n                                                    <div class=\"section_text mb-4\"><p>Wir freuen uns auf Ihre Nachricht und sind stets um eine schnelle Antwort bem\u00fcht.<\/p>\n<\/div>\n                            <\/div>\n                            <div class=\"banner-links\">\n                                                                                                    <a class=\"btn  btn-primary \"\n                            href=\"https:\/\/mm.group\/de\/kontakt\/\" target=\"\">\n                            <span>\n                                Kontakt aufnehmen\n                                                            <\/span>\n                        <\/a>\n                                                                    <\/div>\n            <\/div>\n<\/section>\n","protected":false},"excerpt":{"rendered":"","protected":false},"author":1,"featured_media":0,"parent":16679,"menu_order":59,"comment_status":"closed","ping_status":"closed","template":"","meta":{"_acf_changed":false,"inline_featured_image":false,"footnotes":""},"page-category":[],"class_list":["post-16678","page","type-page","status-publish","hentry"],"acf":[],"_links":{"self":[{"href":"https:\/\/mm.group\/de\/wp-json\/wp\/v2\/pages\/16678","targetHints":{"allow":["GET"]}}],"collection":[{"href":"https:\/\/mm.group\/de\/wp-json\/wp\/v2\/pages"}],"about":[{"href":"https:\/\/mm.group\/de\/wp-json\/wp\/v2\/types\/page"}],"author":[{"embeddable":true,"href":"https:\/\/mm.group\/de\/wp-json\/wp\/v2\/users\/1"}],"replies":[{"embeddable":true,"href":"https:\/\/mm.group\/de\/wp-json\/wp\/v2\/comments?post=16678"}],"version-history":[{"count":1,"href":"https:\/\/mm.group\/de\/wp-json\/wp\/v2\/pages\/16678\/revisions"}],"predecessor-version":[{"id":76107,"href":"https:\/\/mm.group\/de\/wp-json\/wp\/v2\/pages\/16678\/revisions\/76107"}],"up":[{"embeddable":true,"href":"https:\/\/mm.group\/de\/wp-json\/wp\/v2\/pages\/16679"}],"wp:attachment":[{"href":"https:\/\/mm.group\/de\/wp-json\/wp\/v2\/media?parent=16678"}],"wp:term":[{"taxonomy":"page-category","embeddable":true,"href":"https:\/\/mm.group\/de\/wp-json\/wp\/v2\/page-category?post=16678"}],"curies":[{"name":"wp","href":"https:\/\/api.w.org\/{rel}","templated":true}]}}