{"id":17605,"date":"2024-07-04T10:23:55","date_gmt":"2024-07-04T08:23:55","guid":{"rendered":"https:\/\/mm-live.digilicious.cloud\/packaging\/added-value-services\/"},"modified":"2025-12-15T16:29:36","modified_gmt":"2025-12-15T15:29:36","slug":"mehrwert-dienstleistungen","status":"publish","type":"page","link":"https:\/\/mm.group\/de\/packaging\/mehrwert-dienstleistungen\/","title":{"rendered":"Mehrwert &amp; Dienstleistungen"},"content":{"rendered":"<section id=\"block_5c0e79e46ae2263a0a7647fea67b7046\" data-block_5c0e79e46ae2263a0a7647fea67b7046 class=\"hero-page align dark-pink  container-bg  page-child\">\n  <div class=\"container-big\">\n    <div class=\"container\">\n      <div class=\"col-info\">\n                                  <h1 class=\"title mb-2\">Mehrwert &#038; Dienstleistungen<\/h1>\n                          <div class=\"text\"><p><span data-sheets-root=\"1\">Wir verbessern Verpackungen mit Mehrwert f\u00fcr Logistik, Nachhaltigkeit, Konnektivit\u00e4t und Sicherheit. \u200b\u200b<\/span><\/p>\n<\/div>\n                      <\/div>\n    <\/div>\n    <div class=\"col-imgs  patterns-full \">\n              <picture class=\"patterns\">\n          <source media=\"(min-width:1280px)\" srcset=\"https:\/\/mm.group\/wp-content\/uploads\/header-pattern-full-red-v1-desktop.svg\">\n          <source media=\"(min-width:768px)\" srcset=\"https:\/\/mm.group\/wp-content\/uploads\/header-pattern-full-red-v1-tablet.svg\">\n          <img fetchpriority=\"high\" src=\"https:\/\/mm.group\/wp-content\/uploads\/header-pattern-full-red-v1-mobile.svg\" alt=\"\" width=\"640\" height=\"256\" loading=\"eager\" decoding=\"async\" >\n        <\/picture>      \n                <\/div>\n  <\/div>\n<\/section>\n<section class=\"section-breadcrumb container-bg\">\n        <div class=\"container\">\n            <nav aria-label=\"breadcrumbs\" class=\"rank-math-breadcrumb\"><p><a href=\"https:\/\/mm.group\/de\/\">MM Group<\/a><span class=\"separator\"> \/ <\/span><a href=\"https:\/\/mm.group\/de\/wp-json\/\">Wp Json<\/a><span class=\"separator\"> \/ <\/span><a href=\"https:\/\/mm.group\/de\/wp-json\/wp\/\">Wp<\/a><span class=\"separator\"> \/ <\/span><a href=\"https:\/\/mm.group\/de\/wp-json\/wp\/v2\/\">V2<\/a><span class=\"separator\"> \/ <\/span><a href=\"https:\/\/mm.group\/de\/wp-json\/wp\/v2\/pages\/\">Pages<\/a><span class=\"separator\"> \/ <\/span><span class=\"last\">17605<\/span><\/p><\/nav>    \n        <\/div>\n    <\/section>\n\n\n<section id=\"block_3a9b2945e0c0a44a361bc2febde44ca4\" data-block_3a9b2945e0c0a44a361bc2febde44ca4\n    class=\"banner-xl align transparent  container-bg  \">\n    <div class=\"container\">\n            <\/div>\n    <div class=\"container container-wrapper \">\n                    <div class=\"col-image\">\n                <div class=\"swiper\">\n                    <div class=\"swiper-wrapper\">\n                                                                                                            <div class=\"swiper-slide \">\n                                                                    <img decoding=\"async\" loading=\"lazy\" width=\"550\" height=\"550\"\n                                        src=\"https:\/\/mm.group\/wp-content\/uploads\/Edited-MMP-P_HC-Security-Cartons-01-scaled-e1724156829447-1-e1724156884579.webp\" alt=\"\"\n                                        >\n                                                            <\/div>\n                                            <\/div>\n                <\/div>\n            <\/div> <!-- Cierre de la col-image -->\n            <div class=\"col-content\">\n                                <div class=\"swiper-container\">\n                    <div class=\"swiper\">\n                        <div class=\"swiper-wrapper\">\n                                                                                             <div class=\"swiper-slide\">\n                                    <div class=\"banner-info-content\"  data-aos=\"fade-up\" data-aos-duration=\"1000\">\n                                                                                                                            <h2\n                                                class=\"mb-4  title \">\n                                                Sicherheit und Authentifizierung<\/h2>\n                                                                                                                            <div class=\"banner_text custom-list\"><p><span data-sheets-root=\"1\">Wir bieten sichere Sekund\u00e4rverpackungen mit manipulationssicheren Etiketten, eindeutigen Serialisierungscodes, offenen und verdeckten F\u00e4lschungsschutzmerkmalen und Profound Micro-Optics. Unsere L\u00f6sungen stellen die Produktintegrit\u00e4t sicher, bek\u00e4mpfen F\u00e4lschungen und erf\u00fcllen die weltweiten gesetzlichen Standards.<\/span><\/p>\n<\/div>\n                                                                                                                                                                    <div class=\"mt-9 mb-3\">\n                                                <a class=\"btn btn-secondary\" href=\"https:\/\/mm.group\/de\/packaging\/mehrwert-dienstleistungen\/sicherheit-authentifizierung\/\"\n                                                    target=\"\">\n                                                    <span>\n                                                        Mehr erfahren\n                                                                                                            <\/span>\n                                                <\/a>\n                                            <\/div>\n                                                                            <\/div>\n                                <\/div>\n                                                    <\/div>\n                    <\/div>\n                                    <\/div>\n            <\/div>\n            <\/div>\n<\/section>\n\n\n<section id=\"block_97ad034d2cab5dec90b61fcd06f79bbf\" data-block_97ad034d2cab5dec90b61fcd06f79bbf\n    class=\"banner-xl align dark-pink  container-bg  \">\n    <div class=\"container\">\n            <\/div>\n    <div class=\"container container-wrapper  reverse \">\n                    <div class=\"col-image\">\n                <div class=\"swiper\">\n                    <div class=\"swiper-wrapper\">\n                                                                                                            <div class=\"swiper-slide \">\n                                                                    <img decoding=\"async\" loading=\"lazy\" width=\"550\" height=\"550\"\n                                        src=\"https:\/\/mm.group\/wp-content\/uploads\/Edited-MMP-P_HC-Security-Cartons-01-scaled-e1724156829447-1-e1724156884579.webp\" alt=\"\"\n                                        >\n                                                            <\/div>\n                                            <\/div>\n                <\/div>\n            <\/div> <!-- Cierre de la col-image -->\n            <div class=\"col-content\">\n                                <div class=\"swiper-container\">\n                    <div class=\"swiper\">\n                        <div class=\"swiper-wrapper\">\n                                                                                             <div class=\"swiper-slide\">\n                                    <div class=\"banner-info-content\"  data-aos=\"fade-up\" data-aos-duration=\"1000\">\n                                                                                                                            <h2\n                                                class=\"mb-4  title \">\n                                                Co-Verpackung<\/h2>\n                                                                                                                            <div class=\"banner_text custom-list\"><p><span data-sheets-root=\"1\">Neben der Herstellung von Faltschachteln bieten wir auch logistische Dienstleistungen wie Co-Verpackung (Lohnverpackung) an, bei dem die vom Kunden bereitgestellten Produkte nach der Produktion in die Verpackung eingelegt und vor der Auslieferung vollst\u00e4ndig verpackt werden. Dabei kommen sowohl automatisierte als auch manuelle Verfahren zum Einsatz, haupts\u00e4chlich f\u00fcr die Bereiche Pharmazeutik, K\u00f6rperpflege, vorverpackte Lebensmittel und S\u00fc\u00dfwaren.<\/span><\/p>\n<\/div>\n                                                                                                                                                                    <div class=\"mt-9 mb-3\">\n                                                <a class=\"btn btn-secondary\" href=\"mailto:food.specialities@mm.group\"\n                                                    target=\"\">\n                                                    <span>\n                                                        Mehr Informationen\n                                                                                                                    <svg width=\"21\" height=\"21\" viewBox=\"0 0 21 21\" fill=\"none\" xmlns=\"http:\/\/www.w3.org\/2000\/svg\">\n<g clip-path=\"url(#clip0_6132_5198)\">\n<path d=\"M18.1441 5.82542L19.6672 4.89832H17.8841H3.47527H1.69218L3.2153 5.82542L10.0491 9.98506C10.4375 10.2216 10.922 10.2213 11.3101 9.98519L11.3102 9.98511L11.36 9.95482L11.3601 9.95475L18.1441 5.82542ZM19.4552 16.1024H19.9552V15.6024V5.87543V4.98574L19.1952 5.44833L11.4269 10.1768C11.1954 10.3178 10.9372 10.3876 10.6797 10.3876C10.4222 10.3876 10.164 10.3178 9.93244 10.1768L2.16415 5.44833L1.40418 4.98574V5.87543V15.6024V16.1024H1.90418H19.4552ZM1.29191 4.67383H20.0675H20.1797V16.3269H1.17969V4.67383H1.29191Z\" fill=\"currentColor\" stroke=\"currentColor\"\/>\n<\/g>\n<defs>\n<clipPath id=\"clip0_6132_5198\">\n<rect width=\"20\" height=\"20\" fill=\"white\" transform=\"translate(0.679688 0.5)\"\/>\n<\/clipPath>\n<\/defs>\n<\/svg>\n                                                                                                            <\/span>\n                                                <\/a>\n                                            <\/div>\n                                                                            <\/div>\n                                <\/div>\n                                                    <\/div>\n                    <\/div>\n                                    <\/div>\n            <\/div>\n            <\/div>\n<\/section>\n\n\n<section id=\"block_860fa35db98fef1edc600dfec7883bf9\" data-block_860fa35db98fef1edc600dfec7883bf9\n    class=\"banner-xl align transparent  container-bg  \">\n    <div class=\"container\">\n            <\/div>\n    <div class=\"container container-wrapper \">\n                    <div class=\"col-image\">\n                <div class=\"swiper\">\n                    <div class=\"swiper-wrapper\">\n                                                                                                            <div class=\"swiper-slide \">\n                                                                    <img decoding=\"async\" loading=\"lazy\" width=\"640\" height=\"639\"\n                                        src=\"https:\/\/mm.group\/wp-content\/uploads\/Serialization-and-variable-coding-scaled-2.webp\" alt=\"\"\n                                        >\n                                                            <\/div>\n                                            <\/div>\n                <\/div>\n            <\/div> <!-- Cierre de la col-image -->\n            <div class=\"col-content\">\n                                <div class=\"swiper-container\">\n                    <div class=\"swiper\">\n                        <div class=\"swiper-wrapper\">\n                                                                                             <div class=\"swiper-slide\">\n                                    <div class=\"banner-info-content\"  data-aos=\"fade-up\" data-aos-duration=\"1000\">\n                                                                                                                            <h2\n                                                class=\"mb-4  title \">\n                                                Serialisierung und Variablencodierung<\/h2>\n                                                                                                                            <div class=\"banner_text custom-list\"><p><span data-sheets-root=\"1\">Unsere L\u00f6sungen f\u00fcr die Serialisierung von Kartons und Etiketten zeichnen sich durch einzigartige Codes aus, die auf unseren Anlagen hergestellt werden. Dies gew\u00e4hrleistet Effizienz, die Einhaltung gesetzlicher Vorschriften und die Unterst\u00fctzung von Sonderformaten und komplexen Anforderungen.<\/span><\/p>\n<\/div>\n                                                                                                                                                                    <div class=\"mt-9 mb-3\">\n                                                <a class=\"btn btn-secondary\" href=\"https:\/\/mm.group\/de\/packaging\/mehrwert-dienstleistungen\/serialisierung-variablencodierung\/\"\n                                                    target=\"\">\n                                                    <span>\n                                                        Mehr erfahren\n                                                                                                            <\/span>\n                                                <\/a>\n                                            <\/div>\n                                                                            <\/div>\n                                <\/div>\n                                                    <\/div>\n                    <\/div>\n                                    <\/div>\n            <\/div>\n            <\/div>\n<\/section>\n\n\n<section id=\"block_9fc4012b23903de038238846e04614a8\" data-block_9fc4012b23903de038238846e04614a8\n    class=\"banner-xl align transparent  container-bg  \">\n    <div class=\"container\">\n            <\/div>\n    <div class=\"container container-wrapper  reverse \">\n                    <div class=\"col-image\">\n                <div class=\"swiper\">\n                    <div class=\"swiper-wrapper\">\n                                                                                                            <div class=\"swiper-slide \">\n                                                                    <img decoding=\"async\" loading=\"lazy\" width=\"2250\" height=\"2250\"\n                                        src=\"https:\/\/mm.group\/wp-content\/uploads\/Smart-Packaging-Solutions.webp\" alt=\"\"\n                                        >\n                                                            <\/div>\n                                            <\/div>\n                <\/div>\n            <\/div> <!-- Cierre de la col-image -->\n            <div class=\"col-content\">\n                                <div class=\"swiper-container\">\n                    <div class=\"swiper\">\n                        <div class=\"swiper-wrapper\">\n                                                                                             <div class=\"swiper-slide\">\n                                    <div class=\"banner-info-content\"  data-aos=\"fade-up\" data-aos-duration=\"1000\">\n                                                                                                                            <h2\n                                                class=\"mb-4  title \">\n                                                Intelligente Verpackung<\/h2>\n                                                                                                                            <div class=\"banner_text custom-list\"><p><span data-sheets-root=\"1\">Unsere intelligenten Verpackungsl\u00f6sungen integrieren eindeutige Codes, NFC, RFID und TTI in Etiketten und Kartons, um die Patientenbindung zu verbessern und Pharmaherstellern robuste Track-and-Trace-M\u00f6glichkeiten zu bieten.<\/span><\/p>\n<\/div>\n                                                                                                                                                                    <div class=\"mt-9 mb-3\">\n                                                <a class=\"btn btn-secondary\" href=\"https:\/\/mm.group\/de\/packaging\/mehrwert-dienstleistungen\/intelligente-verpackungsloesungen\/\"\n                                                    target=\"\">\n                                                    <span>\n                                                        Mehr erfahren\n                                                                                                            <\/span>\n                                                <\/a>\n                                            <\/div>\n                                                                            <\/div>\n                                <\/div>\n                                                    <\/div>\n                    <\/div>\n                                    <\/div>\n            <\/div>\n            <\/div>\n<\/section>\n\n\n<section id=\"block_2d6ace033dd7ed013ec7f2ef581e49dc\" data-block_2d6ace033dd7ed013ec7f2ef581e49dc\n    class=\"banner-xl align light-pink  container-bg  \">\n    <div class=\"container\">\n            <\/div>\n    <div class=\"container container-wrapper \">\n                    <div class=\"col-image\">\n                <div class=\"swiper\">\n                    <div class=\"swiper-wrapper\">\n                                                                                                            <div class=\"swiper-slide \">\n                                                                    <img decoding=\"async\" loading=\"lazy\" width=\"2560\" height=\"2560\"\n                                        src=\"https:\/\/mm.group\/wp-content\/uploads\/Pharma-Supply-Chain-Solutions-scaled.webp\" alt=\"\"\n                                        >\n                                                            <\/div>\n                                            <\/div>\n                <\/div>\n            <\/div> <!-- Cierre de la col-image -->\n            <div class=\"col-content\">\n                                <div class=\"swiper-container\">\n                    <div class=\"swiper\">\n                        <div class=\"swiper-wrapper\">\n                                                                                             <div class=\"swiper-slide\">\n                                    <div class=\"banner-info-content\"  data-aos=\"fade-up\" data-aos-duration=\"1000\">\n                                                                                                                            <h2\n                                                class=\"mb-4  title \">\n                                                L\u00f6sungen f\u00fcr die Pharma-Lieferkette<\/h2>\n                                                                                                                            <div class=\"banner_text custom-list\"><p><span data-sheets-root=\"1\">Unsere Lieferkettenl\u00f6sungen f\u00fcr Pharmaverpackungen umfassen Combopack, Piggyback und Etikettenspender, die die Geschwindigkeit und Effizienz von Verpackungslinien optimieren. Diese integrierten Verpackungsprodukte optimieren Prozesse und gew\u00e4hrleisten eine problemlose Produktion f\u00fcr Hersteller.<\/span><\/p>\n<\/div>\n                                                                                                                                                                    <div class=\"mt-9 mb-3\">\n                                                <a class=\"btn btn-secondary\" href=\"https:\/\/mm.group\/de\/packaging\/mehrwert-dienstleistungen\/pharma-lieferkettenloesungen\/\"\n                                                    target=\"\">\n                                                    <span>\n                                                        Mehr erfahren\n                                                                                                            <\/span>\n                                                <\/a>\n                                            <\/div>\n                                                                            <\/div>\n                                <\/div>\n                                                    <\/div>\n                    <\/div>\n                                    <\/div>\n            <\/div>\n            <\/div>\n<\/section>\n\n\n<section id=\"block_f75670b1543e82df8d82afe6dee6c9ef\" data-block_f75670b1543e82df8d82afe6dee6c9ef class=\"separator-w-icon align white position-right  container-bg  \">\n  <div class=\"container\">\n    <div class=\"inner relative\" data-aos=\"fade-up\" data-aos-duration=\"1000\">\n      <picture>\n                  <source media=\"(min-width: 1024px)\" srcset=\"https:\/\/mm.group\/wp-content\/uploads\/Group-1000004977-2.png\">\n                <img src=\"https:\/\/mm.group\/wp-content\/uploads\/Group-1000004977-2.png\" alt=\"\" width=\"300\" height=\"200\" loading=\"lazy\" decoding=\"async\" class=\"bg-image\">\n    <\/picture>\n    <\/div>\n  <\/div>\n<\/section>\n\n<section id=\"block_cd6429ff761666716a07744e151684a6\" data-block_cd6429ff761666716a07744e151684a6\n    class=\"banner-cta-full align    dark-pink  container-bg\"\n        >\n    <div class=\"container\">\n                    <div class=\"section-info mb-10 max-w-[833px]\">\n                                                    <h2 class=\"title mb-4\">Brauchen Sie Hilfe?<\/h2>\n                                            <\/div>\n                            <div class=\"banner-links\">\n                                                                                                    <a class=\"btn  btn-primary \"\n                            href=\"https:\/\/mm.group\/de\/kontakt\/\" target=\"\">\n                            <span>\n                                Kontaktieren Sie uns\n                                                            <\/span>\n                        <\/a>\n                                                                    <\/div>\n            <\/div>\n<\/section>\n","protected":false},"excerpt":{"rendered":"","protected":false},"author":1,"featured_media":0,"parent":17536,"menu_order":0,"comment_status":"closed","ping_status":"closed","template":"","meta":{"_acf_changed":false,"inline_featured_image":false,"footnotes":""},"page-category":[],"class_list":["post-17605","page","type-page","status-publish","hentry"],"acf":[],"_links":{"self":[{"href":"https:\/\/mm.group\/de\/wp-json\/wp\/v2\/pages\/17605","targetHints":{"allow":["GET"]}}],"collection":[{"href":"https:\/\/mm.group\/de\/wp-json\/wp\/v2\/pages"}],"about":[{"href":"https:\/\/mm.group\/de\/wp-json\/wp\/v2\/types\/page"}],"author":[{"embeddable":true,"href":"https:\/\/mm.group\/de\/wp-json\/wp\/v2\/users\/1"}],"replies":[{"embeddable":true,"href":"https:\/\/mm.group\/de\/wp-json\/wp\/v2\/comments?post=17605"}],"version-history":[{"count":1,"href":"https:\/\/mm.group\/de\/wp-json\/wp\/v2\/pages\/17605\/revisions"}],"predecessor-version":[{"id":76085,"href":"https:\/\/mm.group\/de\/wp-json\/wp\/v2\/pages\/17605\/revisions\/76085"}],"up":[{"embeddable":true,"href":"https:\/\/mm.group\/de\/wp-json\/wp\/v2\/pages\/17536"}],"wp:attachment":[{"href":"https:\/\/mm.group\/de\/wp-json\/wp\/v2\/media?parent=17605"}],"wp:term":[{"taxonomy":"page-category","embeddable":true,"href":"https:\/\/mm.group\/de\/wp-json\/wp\/v2\/page-category?post=17605"}],"curies":[{"name":"wp","href":"https:\/\/api.w.org\/{rel}","templated":true}]}}