{"id":17606,"date":"2024-07-04T10:24:16","date_gmt":"2024-07-04T08:24:16","guid":{"rendered":"https:\/\/mm-live.digilicious.cloud\/packaging\/added-value-services\/security-authentification\/"},"modified":"2024-09-19T13:16:55","modified_gmt":"2024-09-19T11:16:55","slug":"sicherheit-authentifizierung","status":"publish","type":"page","link":"https:\/\/mm.group\/de\/packaging\/mehrwert-dienstleistungen\/sicherheit-authentifizierung\/","title":{"rendered":"Sicherheit und Authentifizierung"},"content":{"rendered":"<section id=\"block_844a7eb6adb4ba1a7672b6eb60c2c821\" data-block_844a7eb6adb4ba1a7672b6eb60c2c821 class=\"hero-page align light-pink  container-bg  page-subchild\">\n  <div class=\"container-big\">\n    <div class=\"container\">\n      <div class=\"col-info\">\n                          <div class=\"pretitle mb-2\">Mehrwert &#038; Dienstleistungen<\/div>\n                          <h1 class=\"title mb-2\">Sicherheit und Authentifizierung<\/h1>\n                          <div class=\"text\"><p><span data-sheets-root=\"1\">Wir bieten fortschrittliche Verpackungsl\u00f6sungen mit modernster Sicherheit und Authentifizierung, um die Integrit\u00e4t und Sicherheit Ihrer pharmazeutischen Produkte zu gew\u00e4hrleisten.<\/span><\/p>\n<\/div>\n                      <\/div>\n    <\/div>\n    <div class=\"col-imgs \">\n              <picture class=\"patterns\">\n          <source media=\"(min-width:1280px)\" srcset=\"https:\/\/mm.group\/wp-content\/uploads\/header-pattern-red-service-v3-desktop.svg\">\n          <source media=\"(min-width:768px)\" srcset=\"https:\/\/mm.group\/wp-content\/uploads\/header-pattern-red-service-v3-v1-tablet.svg\">\n          <img fetchpriority=\"high\" src=\"https:\/\/mm.group\/wp-content\/uploads\/header-pattern-red-service-v3-mobile.svg\" alt=\"\" width=\"769\" height=\"256\" loading=\"eager\" decoding=\"async\" >\n        <\/picture>      \n                    <picture class=\"background-image\">\n          <source media=\"(min-width:1280px)\" srcset=\"https:\/\/mm.group\/wp-content\/uploads\/header-background-packaging_added-value_security-authentification-desktop-1.webp\">\n          <source media=\"(min-width:768px)\" srcset=\"https:\/\/mm.group\/wp-content\/uploads\/header-background-packaging_added-value_security-authentification-tablet.webp\">\n          <img src=\"https:\/\/mm.group\/wp-content\/uploads\/header-background-packaging_added-value_security-authentification-mobile.webp\" alt=\"\" width=\"1516\" height=\"512\" loading=\"eager\" decoding=\"async\" >\n        <\/picture> \n          <\/div>\n  <\/div>\n<\/section>\n<section class=\"section-breadcrumb container-bg\">\n        <div class=\"container\">\n            <nav aria-label=\"breadcrumbs\" class=\"rank-math-breadcrumb\"><p><a href=\"https:\/\/mm.group\/de\/\">MM Group<\/a><span class=\"separator\"> \/ <\/span><a href=\"https:\/\/mm.group\/de\/wp-json\/\">Wp Json<\/a><span class=\"separator\"> \/ <\/span><a href=\"https:\/\/mm.group\/de\/wp-json\/wp\/\">Wp<\/a><span class=\"separator\"> \/ <\/span><a href=\"https:\/\/mm.group\/de\/wp-json\/wp\/v2\/\">V2<\/a><span class=\"separator\"> \/ <\/span><a href=\"https:\/\/mm.group\/de\/wp-json\/wp\/v2\/pages\/\">Pages<\/a><span class=\"separator\"> \/ <\/span><span class=\"last\">17606<\/span><\/p><\/nav>    \n        <\/div>\n    <\/section>\n\n\n<section id=\"block_879b9ecd90b6602f6f91bd12826a1b34\" data-block_879b9ecd90b6602f6f91bd12826a1b34\n    class=\"banner-xl align transparent  container-bg  \">\n    <div class=\"container\">\n            <\/div>\n    <div class=\"container container-wrapper  reverse \">\n                    <div class=\"col-image\">\n                <div class=\"swiper\">\n                    <div class=\"swiper-wrapper\">\n                                                                                                            <div class=\"swiper-slide \">\n                                                                    <img decoding=\"async\" loading=\"lazy\" width=\"550\" height=\"550\"\n                                        src=\"https:\/\/mm.group\/wp-content\/uploads\/2.4.1.-Security-and-Authentication-1-scaled-e1723034802313.webp\" alt=\"\"\n                                        >\n                                                            <\/div>\n                                            <\/div>\n                <\/div>\n            <\/div> <!-- Cierre de la col-image -->\n            <div class=\"col-content\">\n                                <div class=\"swiper-container\">\n                    <div class=\"swiper\">\n                        <div class=\"swiper-wrapper\">\n                                                                                             <div class=\"swiper-slide\">\n                                    <div class=\"banner-info-content\"  data-aos=\"fade-up\" data-aos-duration=\"1000\">\n                                                                                    <div class=\"pretitle mb-[11px] accent-color\">Offen und verdeckt<\/div>\n                                                                                                                            <h2\n                                                class=\"mb-4  title \">\n                                                L\u00f6sungen zur Bek\u00e4mpfung von F\u00e4lschungen<\/h2>\n                                                                                                                            <div class=\"banner_text custom-list\"><p><span data-sheets-root=\"1\">Herausragende Sicherheitsl\u00f6sung, hochsichere und kosteneffektive offene Authentifizierungstechnologie, die in ein Etikett integriert ist. Unser Ansatz f\u00fcr Sicherheitsl\u00f6sungen ist in hohem Ma\u00dfe anpassbar und spiegelt die spezifischen Bed\u00fcrfnisse und Bedrohungsumgebungen unserer Kunden wider. Je nach Bedarf verwenden wir eine einzelne Sicherheitsstufe oder kombinieren mehrere Technologien f\u00fcr einen individuelleren Ansatz.<\/p>\n<p>In enger Zusammenarbeit mit Markeninhabern entwickeln wir Sicherheitsl\u00f6sungen, die auf ihre Anforderungen zugeschnitten sind. Dies kann von verdeckten Eigenschaften, die von Zollbeh\u00f6rden verwendet werden, bis hin zu speziellen Etiketten und Klebeb\u00e4ndern reichen, die die Attraktivit\u00e4t und Sicherheit der Verpackung verbessern.<\/span><\/p>\n<\/div>\n                                                                                                                                                            <\/div>\n                                <\/div>\n                                                    <\/div>\n                    <\/div>\n                                    <\/div>\n            <\/div>\n            <\/div>\n<\/section>\n\n\n<section id=\"block_513c8ab5f987cc501ef479c883c75d24\" data-block_513c8ab5f987cc501ef479c883c75d24\n    class=\"banner-xl align light-pink  container-bg  \">\n    <div class=\"container\">\n            <\/div>\n    <div class=\"container container-wrapper \">\n                    <div class=\"col-image\">\n                <div class=\"swiper\">\n                    <div class=\"swiper-wrapper\">\n                                                                                                            <div class=\"swiper-slide \">\n                                                                    <img decoding=\"async\" loading=\"lazy\" width=\"1024\" height=\"1024\"\n                                        src=\"https:\/\/mm.group\/wp-content\/uploads\/MMP-P_HC-Crane-Window-03._bpsd-1-1.jpg\" alt=\"\"\n                                        >\n                                                            <\/div>\n                                            <\/div>\n                <\/div>\n            <\/div> <!-- Cierre de la col-image -->\n            <div class=\"col-content\">\n                                <div class=\"swiper-container\">\n                    <div class=\"swiper\">\n                        <div class=\"swiper-wrapper\">\n                                                                                             <div class=\"swiper-slide\">\n                                    <div class=\"banner-info-content\"  data-aos=\"fade-up\" data-aos-duration=\"1000\">\n                                                                                    <div class=\"pretitle mb-[11px] accent-color\">PROFOUND\u2122 Micro-Optics<\/div>\n                                                                                                                            <h2\n                                                class=\"mb-4  title \">\n                                                Erstklassige Markenauthentifizierung<\/h2>\n                                                                                                                            <div class=\"banner_text custom-list\"><p><span data-sheets-root=\"1\" data-sheets-value=\"{&quot;1&quot;:2,&quot;2&quot;:&quot;We offer the PROFOUND\u2122 Micro-Optics authentication solution, developed by Crane. MM Packaging as Crane\u2019s preferred partner, utilizes this technology to effectively safeguard pharmaceuticals. With millions of microscopic lenses, it ensures reliable authentication with a unique, irreplicable three-dimensional effect. Our partnership seamlessly integrates these anti-counterfeiting measures into pharmaceutical packaging, including tamper-evident labels, serialization, custom designs, and authentication labels for cartons or primary packaging.\\n&quot;}\" data-sheets-userformat=\"{&quot;2&quot;:5035,&quot;3&quot;:{&quot;1&quot;:0},&quot;4&quot;:{&quot;1&quot;:2,&quot;2&quot;:14281427},&quot;6&quot;:{&quot;1&quot;:[{&quot;1&quot;:2,&quot;2&quot;:0,&quot;5&quot;:{&quot;1&quot;:2,&quot;2&quot;:0}},{&quot;1&quot;:0,&quot;2&quot;:0,&quot;3&quot;:3},{&quot;1&quot;:1,&quot;2&quot;:0,&quot;4&quot;:1}]},&quot;8&quot;:{&quot;1&quot;:[{&quot;1&quot;:2,&quot;2&quot;:0,&quot;5&quot;:{&quot;1&quot;:2,&quot;2&quot;:0}},{&quot;1&quot;:0,&quot;2&quot;:0,&quot;3&quot;:3},{&quot;1&quot;:1,&quot;2&quot;:0,&quot;4&quot;:1}]},&quot;10&quot;:1,&quot;11&quot;:4,&quot;12&quot;:0,&quot;15&quot;:&quot;Arial&quot;}\">Wir bieten die von Crane entwickelte Authentifizierungsl\u00f6sung PROFOUND\u2122 Micro-Optics an. MM Packaging, der bevorzugte Partner von Crane, nutzt diese Technologie, um Pharmazeutika effektiv zu sch\u00fctzen. Mit Millionen von mikroskopischen Linsen sorgt es f\u00fcr eine zuverl\u00e4ssige Authentifizierung mit einem einzigartigen, nicht reproduzierbaren dreidimensionalen Effekt. Unsere Partnerschaft integriert diese Ma\u00dfnahmen zum Schutz vor F\u00e4lschungen nahtlos in pharmazeutische Verpackungen, einschlie\u00dflich manipulationssichere Etiketten, Serialisierung, kundenspezifische Designs und Authentifizierungsetiketten f\u00fcr Kartons oder Prim\u00e4rverpackungen.<\/span><\/p>\n<\/div>\n                                                                                                                                                            <\/div>\n                                <\/div>\n                                                    <\/div>\n                    <\/div>\n                                    <\/div>\n            <\/div>\n            <\/div>\n<\/section>\n\n\n<section id=\"block_0687a00fd96034413383aa35f2bd81ae\" data-block_0687a00fd96034413383aa35f2bd81ae\n    class=\"banner-xl align transparent  container-bg  \">\n    <div class=\"container\">\n            <\/div>\n    <div class=\"container container-wrapper  reverse \">\n                    <div class=\"col-image\">\n                <div class=\"swiper\">\n                    <div class=\"swiper-wrapper\">\n                                                                                                            <div class=\"swiper-slide \">\n                                                                    <img decoding=\"async\" loading=\"lazy\" width=\"1540\" height=\"1540\"\n                                        src=\"https:\/\/mm.group\/wp-content\/uploads\/2.4.1.-Security-and-Authentication-3-e1723034416451.webp\" alt=\"\"\n                                        >\n                                                            <\/div>\n                                            <\/div>\n                <\/div>\n            <\/div> <!-- Cierre de la col-image -->\n            <div class=\"col-content\">\n                                <div class=\"swiper-container\">\n                    <div class=\"swiper\">\n                        <div class=\"swiper-wrapper\">\n                                                                                             <div class=\"swiper-slide\">\n                                    <div class=\"banner-info-content\"  data-aos=\"fade-up\" data-aos-duration=\"1000\">\n                                                                                    <div class=\"pretitle mb-[11px] accent-color\">Manipulationssichere Etiketten und Kartons<\/div>\n                                                                                                                            <h2\n                                                class=\"mb-4  title \">\n                                                Inhaltsintegrit\u00e4t sicherstellen<\/h2>\n                                                                                                                            <div class=\"banner_text custom-list\"><p><span data-sheets-root=\"1\">Unsere manipulationssicheren L\u00f6sungen zeigen dem Benutzer deutlich an, dass eine Manipulation stattgefunden hat. Diese L\u00f6sungen k\u00f6nnen mit versiegelten Zugangspunkten in den Karton integriert werden, wobei entweder eine Klappenstruktur oder eine Etikettenl\u00f6sung verwendet wird. Sie erh\u00f6hen die Produktsicherheit und sind unerl\u00e4sslich, um die Unversehrtheit w\u00e4hrend der Lagerung und des Transports zu gew\u00e4hrleisten, so dass Hersteller und Verbraucher beruhigt sein k\u00f6nnen.<\/span><\/p>\n<\/div>\n                                                                                                                                                            <\/div>\n                                <\/div>\n                                                    <\/div>\n                    <\/div>\n                                    <\/div>\n            <\/div>\n            <\/div>\n<\/section>\n\n\n<section id=\"block_0c048f3201fe03b6999959a2e9771ec1\" data-block_0c048f3201fe03b6999959a2e9771ec1 class=\"separator-w-icon align white position-right  container-bg  \">\n  <div class=\"container\">\n    <div class=\"inner relative\" data-aos=\"fade-up\" data-aos-duration=\"1000\">\n      <picture>\n                  <source media=\"(min-width: 1024px)\" srcset=\"https:\/\/mm.group\/wp-content\/uploads\/Group-1000004977-2.png\">\n                <img src=\"https:\/\/mm.group\/wp-content\/uploads\/Group-1000004977-2.png\" alt=\"\" width=\"300\" height=\"200\" loading=\"lazy\" decoding=\"async\" class=\"bg-image\">\n    <\/picture>\n    <\/div>\n  <\/div>\n<\/section>\n\n<section id=\"block_5d6043a7e273eebbc3b713b263683532\" data-block_5d6043a7e273eebbc3b713b263683532\n    class=\"banner-cta-full align    dark-pink  container-bg\"\n        >\n    <div class=\"container\">\n                    <div class=\"section-info mb-10 max-w-[833px]\">\n                                                    <h2 class=\"title mb-4\">Brauchen Sie Hilfe?<\/h2>\n                                            <\/div>\n                            <div class=\"banner-links\">\n                                                                                                    <a class=\"btn  btn-primary \"\n                            href=\"https:\/\/mm.group\/de\/kontakt\/\" target=\"\">\n                            <span>\n                                Kontaktieren Sie uns\n                                                            <\/span>\n                        <\/a>\n                                                                    <\/div>\n            <\/div>\n<\/section>\n","protected":false},"excerpt":{"rendered":"","protected":false},"author":1,"featured_media":0,"parent":17605,"menu_order":0,"comment_status":"closed","ping_status":"closed","template":"","meta":{"_acf_changed":false,"inline_featured_image":false,"footnotes":""},"page-category":[],"class_list":["post-17606","page","type-page","status-publish","hentry"],"acf":[],"_links":{"self":[{"href":"https:\/\/mm.group\/de\/wp-json\/wp\/v2\/pages\/17606","targetHints":{"allow":["GET"]}}],"collection":[{"href":"https:\/\/mm.group\/de\/wp-json\/wp\/v2\/pages"}],"about":[{"href":"https:\/\/mm.group\/de\/wp-json\/wp\/v2\/types\/page"}],"author":[{"embeddable":true,"href":"https:\/\/mm.group\/de\/wp-json\/wp\/v2\/users\/1"}],"replies":[{"embeddable":true,"href":"https:\/\/mm.group\/de\/wp-json\/wp\/v2\/comments?post=17606"}],"version-history":[{"count":1,"href":"https:\/\/mm.group\/de\/wp-json\/wp\/v2\/pages\/17606\/revisions"}],"predecessor-version":[{"id":28596,"href":"https:\/\/mm.group\/de\/wp-json\/wp\/v2\/pages\/17606\/revisions\/28596"}],"up":[{"embeddable":true,"href":"https:\/\/mm.group\/de\/wp-json\/wp\/v2\/pages\/17605"}],"wp:attachment":[{"href":"https:\/\/mm.group\/de\/wp-json\/wp\/v2\/media?parent=17606"}],"wp:term":[{"taxonomy":"page-category","embeddable":true,"href":"https:\/\/mm.group\/de\/wp-json\/wp\/v2\/page-category?post=17606"}],"curies":[{"name":"wp","href":"https:\/\/api.w.org\/{rel}","templated":true}]}}