{"id":17608,"date":"2024-07-04T10:25:43","date_gmt":"2024-07-04T08:25:43","guid":{"rendered":"https:\/\/mm-live.digilicious.cloud\/packaging\/added-value-services\/smart-packaging\/"},"modified":"2024-09-19T13:27:20","modified_gmt":"2024-09-19T11:27:20","slug":"intelligente-verpackungsloesungen","status":"publish","type":"page","link":"https:\/\/mm.group\/de\/packaging\/mehrwert-dienstleistungen\/intelligente-verpackungsloesungen\/","title":{"rendered":"Intelligente Verpackungsl\u00f6sungen"},"content":{"rendered":"<section id=\"block_c497616918d3256dd0a56820e0554447\" data-block_c497616918d3256dd0a56820e0554447 class=\"hero-page align light-pink  container-bg  page-subchild\">\n  <div class=\"container-big\">\n    <div class=\"container\">\n      <div class=\"col-info\">\n                          <div class=\"pretitle mb-2\">Mehrwert &#038; Dienstleistungen<\/div>\n                          <h1 class=\"title mb-2\">Intelligente Verpackungsl\u00f6sungen<\/h1>\n                          <div class=\"text\"><p><span data-sheets-root=\"1\">Fortschrittliche Verpackungstechnologie zur Verbesserung von Produktsicherheit, Effizienz und Kundenbindung.<\/span><\/p>\n<\/div>\n                      <\/div>\n    <\/div>\n    <div class=\"col-imgs \">\n              <picture class=\"patterns\">\n          <source media=\"(min-width:1280px)\" srcset=\"https:\/\/mm.group\/wp-content\/uploads\/header-pattern-red-service-v3-desktop.svg\">\n          <source media=\"(min-width:768px)\" srcset=\"https:\/\/mm.group\/wp-content\/uploads\/header-pattern-red-service-v3-v1-tablet.svg\">\n          <img fetchpriority=\"high\" src=\"https:\/\/mm.group\/wp-content\/uploads\/header-pattern-red-service-v3-mobile.svg\" alt=\"\" width=\"769\" height=\"256\" loading=\"eager\" decoding=\"async\" >\n        <\/picture>      \n                    <picture class=\"background-image\">\n          <source media=\"(min-width:1280px)\" srcset=\"https:\/\/mm.group\/wp-content\/uploads\/2.4.3-Smart-Packaging-hero-scaled-e1723039190132.webp\">\n          <source media=\"(min-width:768px)\" srcset=\"https:\/\/mm.group\/wp-content\/uploads\/2.4.3-Smart-Packaging-hero-1-scaled-e1723039551566.webp\">\n          <img src=\"https:\/\/mm.group\/wp-content\/uploads\/2.4.3-Smart-Packaging-hero-2-scaled-e1723039567737.webp\" alt=\"\" width=\"2560\" height=\"1105\" loading=\"eager\" decoding=\"async\" >\n        <\/picture> \n          <\/div>\n  <\/div>\n<\/section>\n<section class=\"section-breadcrumb container-bg\">\n        <div class=\"container\">\n            <nav aria-label=\"breadcrumbs\" class=\"rank-math-breadcrumb\"><p><a href=\"https:\/\/mm.group\/de\/\">MM Group<\/a><span class=\"separator\"> \/ <\/span><a href=\"https:\/\/mm.group\/de\/wp-json\/\">Wp Json<\/a><span class=\"separator\"> \/ <\/span><a href=\"https:\/\/mm.group\/de\/wp-json\/wp\/\">Wp<\/a><span class=\"separator\"> \/ <\/span><a href=\"https:\/\/mm.group\/de\/wp-json\/wp\/v2\/\">V2<\/a><span class=\"separator\"> \/ <\/span><a href=\"https:\/\/mm.group\/de\/wp-json\/wp\/v2\/pages\/\">Pages<\/a><span class=\"separator\"> \/ <\/span><span class=\"last\">17608<\/span><\/p><\/nav>    \n        <\/div>\n    <\/section>\n\n\n<section id=\"block_bc73d31777810b1fdbab4baf47bf7a4b\" data-block_bc73d31777810b1fdbab4baf47bf7a4b\n    class=\"banner-xl align transparent  container-bg  \">\n    <div class=\"container\">\n            <\/div>\n    <div class=\"container container-wrapper  reverse \">\n                    <div class=\"col-image\">\n                <div class=\"swiper\">\n                    <div class=\"swiper-wrapper\">\n                                                                                                            <div class=\"swiper-slide \">\n                                                                    <img decoding=\"async\" loading=\"lazy\" width=\"1706\" height=\"1706\"\n                                        src=\"https:\/\/mm.group\/wp-content\/uploads\/2.4.3-Smart-Packaging-1-scaled-e1723038885212.webp\" alt=\"\"\n                                        >\n                                                            <\/div>\n                                            <\/div>\n                <\/div>\n            <\/div> <!-- Cierre de la col-image -->\n            <div class=\"col-content\">\n                                <div class=\"swiper-container\">\n                    <div class=\"swiper\">\n                        <div class=\"swiper-wrapper\">\n                                                                                             <div class=\"swiper-slide\">\n                                    <div class=\"banner-info-content\"  data-aos=\"fade-up\" data-aos-duration=\"1000\">\n                                                                                    <div class=\"pretitle mb-[11px] accent-color\">Unsere Arbeitsweise<\/div>\n                                                                                                                            <h2\n                                                class=\"mb-4  title \">\n                                                Fokus auf Innovation<\/h2>\n                                                                                                                            <div class=\"banner_text custom-list\"><p><span data-sheets-root=\"1\">Wir bei MM Packaging haben uns zu st\u00e4ndiger Innovation verpflichtet und bieten unseren Kunden innovative, intelligente Verpackungsl\u00f6sungen, die einen erheblichen Mehrwert f\u00fcr ihre Produkte darstellen.<\/p>\n<p>Die Integration dieser intelligenten Verpackungsl\u00f6sungen verbessert nicht nur die Produktfunktionalit\u00e4t, sondern steigert auch den Markenwert und das Vertrauen der Kunden. Innovative Technologien wie NFC und RFID sorgen daf\u00fcr, dass die Produkte gesch\u00fctzt, effizient verwaltet und f\u00fcr den Verbraucher attraktiv sind.<\/span><\/p>\n<\/div>\n                                                                                                                                                            <\/div>\n                                <\/div>\n                                                    <\/div>\n                    <\/div>\n                                    <\/div>\n            <\/div>\n            <\/div>\n<\/section>\n\n\n<section id=\"block_0f802fc52dcb613dc4f0f18f7aab28ff\" data-block_0f802fc52dcb613dc4f0f18f7aab28ff\n    class=\"banner-xl align light-pink  container-bg  \">\n    <div class=\"container\">\n            <\/div>\n    <div class=\"container container-wrapper \">\n                    <div class=\"col-image\">\n                <div class=\"swiper\">\n                    <div class=\"swiper-wrapper\">\n                                                                                                            <div class=\"swiper-slide \">\n                                                                    <img decoding=\"async\" loading=\"lazy\" width=\"640\" height=\"649\"\n                                        src=\"https:\/\/mm.group\/wp-content\/uploads\/2.4.3-Smart-Packaging-2-e1723038932914.webp\" alt=\"\"\n                                        >\n                                                            <\/div>\n                                            <\/div>\n                <\/div>\n            <\/div> <!-- Cierre de la col-image -->\n            <div class=\"col-content\">\n                                <div class=\"swiper-container\">\n                    <div class=\"swiper\">\n                        <div class=\"swiper-wrapper\">\n                                                                                             <div class=\"swiper-slide\">\n                                    <div class=\"banner-info-content\"  data-aos=\"fade-up\" data-aos-duration=\"1000\">\n                                                                                    <div class=\"pretitle mb-[11px] accent-color\">Sichere &#038; vernetzte L\u00f6sung<\/div>\n                                                                                                                            <h2\n                                                class=\"mb-4  title \">\n                                                NFC-Tags<\/h2>\n                                                                                                                            <div class=\"banner_text custom-list\"><p><span data-sheets-root=\"1\">Near Field Communication (NFC), eine Untergruppe von RFID, erleichtert die Nahbereichskommunikation zwischen Ger\u00e4ten. Er ist ideal f\u00fcr die letzten Stufen der Lieferkette und erfordert Scannen aus n\u00e4chster N\u00e4he und Sichtverbindung, was eine Datenerfassung aus der Ferne verhindert.<br \/>\nNFC-Etiketten haben sich als sicher erwiesen und eignen sich unter anderem hervorragend f\u00fcr die Patientenadh\u00e4renz und Kundenbindung, den Manipulationsnachweis, die Authentifizierung oder die Gesundheitsaufkl\u00e4rung.<\/span><\/p>\n<\/div>\n                                                                                                                                                            <\/div>\n                                <\/div>\n                                                    <\/div>\n                    <\/div>\n                                    <\/div>\n            <\/div>\n            <\/div>\n<\/section>\n\n\n<section id=\"block_588f272e7c179535228449ab9090faf4\" data-block_588f272e7c179535228449ab9090faf4\n    class=\"banner-xl align transparent  container-bg  \">\n    <div class=\"container\">\n            <\/div>\n    <div class=\"container container-wrapper  reverse \">\n                    <div class=\"col-image\">\n                <div class=\"swiper\">\n                    <div class=\"swiper-wrapper\">\n                                                                                                            <div class=\"swiper-slide \">\n                                                                    <img decoding=\"async\" loading=\"lazy\" width=\"567\" height=\"567\"\n                                        src=\"https:\/\/mm.group\/wp-content\/uploads\/2.4.3-Smart-Packaging.jpg\" alt=\"Green and white MM-branded cardboard box displayed on a light pink background\"\n                                        >\n                                                            <\/div>\n                                            <\/div>\n                <\/div>\n            <\/div> <!-- Cierre de la col-image -->\n            <div class=\"col-content\">\n                                <div class=\"swiper-container\">\n                    <div class=\"swiper\">\n                        <div class=\"swiper-wrapper\">\n                                                                                             <div class=\"swiper-slide\">\n                                    <div class=\"banner-info-content\"  data-aos=\"fade-up\" data-aos-duration=\"1000\">\n                                                                                    <div class=\"pretitle mb-[11px] accent-color\">Verbesserung der Lieferketten<\/div>\n                                                                                                                            <h2\n                                                class=\"mb-4  title \">\n                                                RFID-Etiketten<\/h2>\n                                                                                                                            <div class=\"banner_text custom-list\"><p><span data-sheets-root=\"1\">Radio Frequency Identification (RFID) erm\u00f6glicht die drahtlose Daten\u00fcbertragung zwischen Etiketten und Leseger\u00e4ten. Mit unterschiedlichen Frequenzen \u2013 niedrig, hoch und ultrahoch \u2013 passt es sich an spezifische Bed\u00fcrfnisse und Bereiche an.<br \/>\nRFID kann Etiketten gleichzeitig lesen und Entfernungen von bis zu 30 Metern erreichen. Es verbessert die Effizienz der Lieferkette, verfolgt Anlagen und gew\u00e4hrleistet eine pr\u00e4zise Bestandsverwaltung in pharmazeutischen Sekund\u00e4rverpackungen. Es ist ideal f\u00fcr die Logistik, da es den Standort von Anlagen und den Bestand in der gesamten Lieferkette in Echtzeit sichtbar macht.<\/span><\/p>\n<\/div>\n                                                                                                                                                            <\/div>\n                                <\/div>\n                                                    <\/div>\n                    <\/div>\n                                    <\/div>\n            <\/div>\n            <\/div>\n<\/section>\n\n\n<section id=\"block_1cc615cb54f375953e3e695ab5784e74\" data-block_1cc615cb54f375953e3e695ab5784e74\n    class=\"banner-xl align light-pink  container-bg  \">\n    <div class=\"container\">\n            <\/div>\n    <div class=\"container container-wrapper \">\n                    <div class=\"col-image\">\n                <div class=\"swiper\">\n                    <div class=\"swiper-wrapper\">\n                                                                                                            <div class=\"swiper-slide \">\n                                                                    <img decoding=\"async\" loading=\"lazy\" width=\"2560\" height=\"1633\"\n                                        src=\"https:\/\/mm.group\/wp-content\/uploads\/MMP-P_HC-TTI-04_b-scaled.jpg\" alt=\"\"\n                                        >\n                                                            <\/div>\n                                            <\/div>\n                <\/div>\n            <\/div> <!-- Cierre de la col-image -->\n            <div class=\"col-content\">\n                                <div class=\"swiper-container\">\n                    <div class=\"swiper\">\n                        <div class=\"swiper-wrapper\">\n                                                                                             <div class=\"swiper-slide\">\n                                    <div class=\"banner-info-content\"  data-aos=\"fade-up\" data-aos-duration=\"1000\">\n                                                                                    <div class=\"pretitle mb-[11px] accent-color\">Gew\u00e4hrleistung der K\u00fchlkettensicherheit<\/div>\n                                                                                                                            <h2\n                                                class=\"mb-4  title \">\n                                                Zeit-Temperatur-Indikatoren<\/h2>\n                                                                                                                            <div class=\"banner_text custom-list\"><p><span data-sheets-root=\"1\">Zeit-Temperatur-Indikatoren (TTI) werden verwendet, um sicherzustellen, dass die Behandlungen in der K\u00fchlkette ordnungsgem\u00e4\u00df transportiert und gelagert wurden, um die Qualit\u00e4t und die sichere Anwendung durch die Patienten zu gew\u00e4hrleisten. Diese Indikatoren zeigen in der Regel eine irreversible \u00c4nderung einer physikalischen Eigenschaft, wie z. B. Farbe oder Form, als Reaktion auf Temperaturschwankungen.<br \/>\nSie verbessern die Lieferkette f\u00fcr \u00f6kologisch sensible Produkte, indem sie die Bedingungen w\u00e4hrend des Transports und der Lagerung \u00fcberwachen. Dar\u00fcber hinaus authentifizieren TTIs Produkte und st\u00e4rken so das Vertrauen der Patienten in deren Sicherheit und Wirksamkeit.<\/span><\/p>\n<\/div>\n                                                                                                                                                            <\/div>\n                                <\/div>\n                                                    <\/div>\n                    <\/div>\n                                    <\/div>\n            <\/div>\n            <\/div>\n<\/section>\n\n\n<section id=\"block_0ec3aba48186651998c99e7d2f396af5\" data-block_0ec3aba48186651998c99e7d2f396af5 class=\"separator-w-icon align white position-right  container-bg  \">\n  <div class=\"container\">\n    <div class=\"inner relative\" data-aos=\"fade-up\" data-aos-duration=\"1000\">\n      <picture>\n                  <source media=\"(min-width: 1024px)\" srcset=\"https:\/\/mm.group\/wp-content\/uploads\/Group-1000004977-2.png\">\n                <img src=\"https:\/\/mm.group\/wp-content\/uploads\/Group-1000004977-2.png\" alt=\"\" width=\"300\" height=\"200\" loading=\"lazy\" decoding=\"async\" class=\"bg-image\">\n    <\/picture>\n    <\/div>\n  <\/div>\n<\/section>\n\n<section id=\"block_c71d2948223bff2e73061e8cabc4cd1a\" data-block_c71d2948223bff2e73061e8cabc4cd1a\n    class=\"banner-cta-full align    dark-pink  container-bg\"\n        >\n    <div class=\"container\">\n                    <div class=\"section-info mb-10 max-w-[833px]\">\n                                                    <h2 class=\"title mb-4\">Brauchen Sie Hilfe?<\/h2>\n                                            <\/div>\n                            <div class=\"banner-links\">\n                                                                                                    <a class=\"btn  btn-primary \"\n                            href=\"https:\/\/mm.group\/de\/kontakt\/\" target=\"\">\n                            <span>\n                                Kontaktieren Sie uns\n                                                            <\/span>\n                        <\/a>\n                                                                    <\/div>\n            <\/div>\n<\/section>\n","protected":false},"excerpt":{"rendered":"","protected":false},"author":1,"featured_media":0,"parent":17605,"menu_order":0,"comment_status":"closed","ping_status":"closed","template":"","meta":{"_acf_changed":false,"inline_featured_image":false,"footnotes":""},"page-category":[],"class_list":["post-17608","page","type-page","status-publish","hentry"],"acf":[],"_links":{"self":[{"href":"https:\/\/mm.group\/de\/wp-json\/wp\/v2\/pages\/17608","targetHints":{"allow":["GET"]}}],"collection":[{"href":"https:\/\/mm.group\/de\/wp-json\/wp\/v2\/pages"}],"about":[{"href":"https:\/\/mm.group\/de\/wp-json\/wp\/v2\/types\/page"}],"author":[{"embeddable":true,"href":"https:\/\/mm.group\/de\/wp-json\/wp\/v2\/users\/1"}],"replies":[{"embeddable":true,"href":"https:\/\/mm.group\/de\/wp-json\/wp\/v2\/comments?post=17608"}],"version-history":[{"count":1,"href":"https:\/\/mm.group\/de\/wp-json\/wp\/v2\/pages\/17608\/revisions"}],"predecessor-version":[{"id":30424,"href":"https:\/\/mm.group\/de\/wp-json\/wp\/v2\/pages\/17608\/revisions\/30424"}],"up":[{"embeddable":true,"href":"https:\/\/mm.group\/de\/wp-json\/wp\/v2\/pages\/17605"}],"wp:attachment":[{"href":"https:\/\/mm.group\/de\/wp-json\/wp\/v2\/media?parent=17608"}],"wp:term":[{"taxonomy":"page-category","embeddable":true,"href":"https:\/\/mm.group\/de\/wp-json\/wp\/v2\/page-category?post=17608"}],"curies":[{"name":"wp","href":"https:\/\/api.w.org\/{rel}","templated":true}]}}