{"id":17609,"date":"2024-07-04T10:25:59","date_gmt":"2024-07-04T08:25:59","guid":{"rendered":"https:\/\/mm-live.digilicious.cloud\/packaging\/added-value-services\/pharma-supply-chain-solutions\/"},"modified":"2024-09-19T13:28:35","modified_gmt":"2024-09-19T11:28:35","slug":"pharma-lieferkettenloesungen","status":"publish","type":"page","link":"https:\/\/mm.group\/de\/packaging\/mehrwert-dienstleistungen\/pharma-lieferkettenloesungen\/","title":{"rendered":"Pharma Lieferkettenl\u00f6sungen"},"content":{"rendered":"<section id=\"block_f8f8c149f0014c0a4694824263c96b72\" data-block_f8f8c149f0014c0a4694824263c96b72 class=\"hero-page align light-pink  container-bg  page-subchild\">\n  <div class=\"container-big\">\n    <div class=\"container\">\n      <div class=\"col-info\">\n                          <div class=\"pretitle mb-2\">Optimieren der Verpackungseffizienz<\/div>\n                          <h1 class=\"title mb-2\">L\u00f6sungen f\u00fcr die Pharma-Lieferkette<\/h1>\n                          <div class=\"text\"><p><span data-sheets-root=\"1\">Unsere kombinierten Verpackungsl\u00f6sungen optimieren die Effizienz von Verpackungslinien f\u00fcr eine optimierte Produktion.<\/span><\/p>\n<\/div>\n                      <\/div>\n    <\/div>\n    <div class=\"col-imgs \">\n              <picture class=\"patterns\">\n          <source media=\"(min-width:1280px)\" srcset=\"https:\/\/mm.group\/wp-content\/uploads\/header-pattern-red-service-v3-desktop.svg\">\n          <source media=\"(min-width:768px)\" srcset=\"https:\/\/mm.group\/wp-content\/uploads\/header-pattern-red-service-v3-v1-tablet.svg\">\n          <img fetchpriority=\"high\" src=\"https:\/\/mm.group\/wp-content\/uploads\/header-pattern-red-service-v3-mobile.svg\" alt=\"\" width=\"769\" height=\"256\" loading=\"eager\" decoding=\"async\" >\n        <\/picture>      \n                    <picture class=\"background-image\">\n          <source media=\"(min-width:1280px)\" srcset=\"https:\/\/mm.group\/wp-content\/uploads\/MMP-P_HC-ComboPack-05_b-2.webp\">\n          <source media=\"(min-width:768px)\" srcset=\"https:\/\/mm.group\/wp-content\/uploads\/MMP-P_HC-ComboPack-05_b-2-1.webp\">\n          <img src=\"https:\/\/mm.group\/wp-content\/uploads\/header-background-packaging_added-value_pharma-mobile.webp\" alt=\"\" width=\"1516\" height=\"512\" loading=\"eager\" decoding=\"async\" >\n        <\/picture> \n          <\/div>\n  <\/div>\n<\/section>\n<section class=\"section-breadcrumb container-bg\">\n        <div class=\"container\">\n            <nav aria-label=\"breadcrumbs\" class=\"rank-math-breadcrumb\"><p><a href=\"https:\/\/mm.group\/de\/\">MM Group<\/a><span class=\"separator\"> \/ <\/span><a href=\"https:\/\/mm.group\/de\/wp-json\/\">Wp Json<\/a><span class=\"separator\"> \/ <\/span><a href=\"https:\/\/mm.group\/de\/wp-json\/wp\/\">Wp<\/a><span class=\"separator\"> \/ <\/span><a href=\"https:\/\/mm.group\/de\/wp-json\/wp\/v2\/\">V2<\/a><span class=\"separator\"> \/ <\/span><a href=\"https:\/\/mm.group\/de\/wp-json\/wp\/v2\/pages\/\">Pages<\/a><span class=\"separator\"> \/ <\/span><span class=\"last\">17609<\/span><\/p><\/nav>    \n        <\/div>\n    <\/section>\n\n\n<section id=\"block_7bb9c0c7d598bdad94012a1ce6fe34ba\" data-block_7bb9c0c7d598bdad94012a1ce6fe34ba\n    class=\"banner-xl align transparent  container-bg  \">\n    <div class=\"container\">\n            <\/div>\n    <div class=\"container container-wrapper \">\n                    <div class=\"col-image\">\n                <div class=\"swiper\">\n                    <div class=\"swiper-wrapper\">\n                                                                                                            <div class=\"swiper-slide \">\n                                                                    <img decoding=\"async\" loading=\"lazy\" width=\"1100\" height=\"1100\"\n                                        src=\"https:\/\/mm.group\/wp-content\/uploads\/MMP-P_HC-ComboPack-05_b.webp\" alt=\"\"\n                                        >\n                                                            <\/div>\n                                            <\/div>\n                <\/div>\n            <\/div> <!-- Cierre de la col-image -->\n            <div class=\"col-content\">\n                                <div class=\"swiper-container\">\n                    <div class=\"swiper\">\n                        <div class=\"swiper-wrapper\">\n                                                                                             <div class=\"swiper-slide\">\n                                    <div class=\"banner-info-content\"  data-aos=\"fade-up\" data-aos-duration=\"1000\">\n                                                                                    <div class=\"pretitle mb-[11px] accent-color\">Beipackzettel im Karton<\/div>\n                                                                                                                            <h2\n                                                class=\"mb-4  title \">\n                                                ComboPack<\/h2>\n                                                                                                                            <div class=\"banner_text custom-list\"><p><span data-sheets-root=\"1\">Combopack verbessert die Effizienz von Pharmaverpackungen, indem es Beipackzettel oder Karten in Kartons integriert. Diese rationalisierte L\u00f6sung vereinfacht die Verpackungslinien, reduziert manuelle Prozesse und gew\u00e4hrleistet eine pr\u00e4zise Produktmontage, wodurch Fehler minimiert werden. Durch die Konsolidierung von Verpackungskomponenten vereinfacht Combopack die Logistik und h\u00e4lt strenge Qualit\u00e4tskontrollstandards ein, wodurch Pharmaherstellern eine zuverl\u00e4ssige, konforme und effiziente Verpackungsl\u00f6sung geboten wird.<\/span><\/p>\n<\/div>\n                                                                                                                                                            <\/div>\n                                <\/div>\n                                                    <\/div>\n                    <\/div>\n                                    <\/div>\n            <\/div>\n            <\/div>\n<\/section>\n\n\n<section id=\"block_2828559d848b7300ec263a5334034816\" data-block_2828559d848b7300ec263a5334034816\n    class=\"banner-xl align light-pink  container-bg  \">\n    <div class=\"container\">\n            <\/div>\n    <div class=\"container container-wrapper  reverse \">\n                    <div class=\"col-image\">\n                <div class=\"swiper\">\n                    <div class=\"swiper-wrapper\">\n                                                                                                            <div class=\"swiper-slide \">\n                                                                    <img decoding=\"async\" loading=\"lazy\" width=\"1100\" height=\"1100\"\n                                        src=\"https:\/\/mm.group\/wp-content\/uploads\/Edited-MMP-P_HC-Piggyback-02.webp\" alt=\"\"\n                                        >\n                                                            <\/div>\n                                            <\/div>\n                <\/div>\n            <\/div> <!-- Cierre de la col-image -->\n            <div class=\"col-content\">\n                                <div class=\"swiper-container\">\n                    <div class=\"swiper\">\n                        <div class=\"swiper-wrapper\">\n                                                                                             <div class=\"swiper-slide\">\n                                    <div class=\"banner-info-content\"  data-aos=\"fade-up\" data-aos-duration=\"1000\">\n                                                                                    <div class=\"pretitle mb-[11px] accent-color\">R\u00fccken an R\u00fccken befindliche Beipackzettel<\/div>\n                                                                                                                            <h2\n                                                class=\"mb-4  title \">\n                                                Piggyback<\/h2>\n                                                                                                                            <div class=\"banner_text custom-list\"><p><span data-sheets-root=\"1\">Bei Piggyback-Beipackzetteln werden weitere Beipackzettel an den Hauptbeipackzettel geklebt, was zus\u00e4tzlichen Platz f\u00fcr detaillierte Informationen bietet. Piggyback optimiert die Verpackungsprozesse und bietet Flexibilit\u00e4t f\u00fcr mehrsprachige Inhalte oder zus\u00e4tzliche Anweisungen, wodurch das Kundenerlebnis und die betriebliche Effizienz verbessert werden. Es k\u00f6nnen bis zu 6 Beipackzettel zusammengeklebt werden, wodurch diese L\u00f6sung ideal f\u00fcr pharmazeutische Produkte ist, die in mehreren L\u00e4ndern vermarktet werden. Wir bieten auch Kombinationen von Beipackzetteln mit Karten f\u00fcr vielseitige Verpackungsl\u00f6sungen an, die auf spezifische Bed\u00fcrfnisse zugeschnitten sind.<\/span><\/p>\n<\/div>\n                                                                                                                                                            <\/div>\n                                <\/div>\n                                                    <\/div>\n                    <\/div>\n                                    <\/div>\n            <\/div>\n            <\/div>\n<\/section>\n\n\n<section id=\"block_3668336228f986f043458a85f8dc560d\" data-block_3668336228f986f043458a85f8dc560d\n    class=\"banner-xl align transparent  container-bg  \">\n    <div class=\"container\">\n            <\/div>\n    <div class=\"container container-wrapper \">\n                    <div class=\"col-image\">\n                <div class=\"swiper\">\n                    <div class=\"swiper-wrapper\">\n                                                                                                            <div class=\"swiper-slide \">\n                                                                    <img decoding=\"async\" loading=\"lazy\" width=\"1100\" height=\"1100\"\n                                        src=\"https:\/\/mm.group\/wp-content\/uploads\/MMP-P_HC-Antiharvesting-02_b.webp\" alt=\"\"\n                                        >\n                                                            <\/div>\n                                            <\/div>\n                <\/div>\n            <\/div> <!-- Cierre de la col-image -->\n            <div class=\"col-content\">\n                                <div class=\"swiper-container\">\n                    <div class=\"swiper\">\n                        <div class=\"swiper-wrapper\">\n                                                                                             <div class=\"swiper-slide\">\n                                    <div class=\"banner-info-content\"  data-aos=\"fade-up\" data-aos-duration=\"1000\">\n                                                                                    <div class=\"pretitle mb-[11px] accent-color\">Sicherheitsetikett &#038; Etikettenspender<\/div>\n                                                                                                                            <h2\n                                                class=\"mb-4  title \">\n                                                TagPack<\/h2>\n                                                                                                                            <div class=\"banner_text custom-list\"><p>Unser Etikettenspendeservice f\u00fcr pharmazeutische Verpackungen integriert Etiketten mit Hilfe automatisierter Maschinen in Faltschachteln. Dieser Prozess sorgt f\u00fcr eine pr\u00e4zise Platzierung der Etiketten, \u00fcberpr\u00fcft ihre Genauigkeit und erstellt detaillierte Berichte. Bei serialisierten Etiketten wie Bollino best\u00e4tigt unser System die korrekte Anwendung der Codes und erleichtert so die Berichterstattung an die Beh\u00f6rden. Wir verarbeiten verschiedene Etikettentypen, darunter Peel-to-Read-, Multiplex-und Microoptics F\u00e4lschungsschutz-Etiketten. Damit bieten wir Pharmaherstellern zuverl\u00e4ssige Verpackungsl\u00f6sungen, die die gesetzlichen Vorschriften effektiv erf\u00fcllen.<\/p>\n<\/div>\n                                                                                                                                                            <\/div>\n                                <\/div>\n                                                    <\/div>\n                    <\/div>\n                                    <\/div>\n            <\/div>\n            <\/div>\n<\/section>\n\n\n<section id=\"block_8e78373b546fdbbf55834cfae0bcb3dc\" data-block_8e78373b546fdbbf55834cfae0bcb3dc class=\"faqs hidden align white  container-bg \">\n  <div class=\"container\">\n              \n  <\/div>\n<\/section>\n\n<section id=\"block_7e0d08c545568ac6ef50cab1584d3dd2\" data-block_7e0d08c545568ac6ef50cab1584d3dd2 class=\"separator-w-icon align white position-right  container-bg  \">\n  <div class=\"container\">\n    <div class=\"inner relative\" data-aos=\"fade-up\" data-aos-duration=\"1000\">\n      <picture>\n                  <source media=\"(min-width: 1024px)\" srcset=\"https:\/\/mm.group\/wp-content\/uploads\/Group-1000004977-2.png\">\n                <img src=\"https:\/\/mm.group\/wp-content\/uploads\/Group-1000004977-2.png\" alt=\"\" width=\"300\" height=\"200\" loading=\"lazy\" decoding=\"async\" class=\"bg-image\">\n    <\/picture>\n    <\/div>\n  <\/div>\n<\/section>\n\n<section id=\"block_fa38265f22ad1cbace623e83832a3464\" data-block_fa38265f22ad1cbace623e83832a3464\n    class=\"banner-cta-full align    dark-pink  container-bg\"\n        >\n    <div class=\"container\">\n                    <div class=\"section-info mb-10 max-w-[833px]\">\n                                                    <h2 class=\"title mb-4\">Brauchen Sie Hilfe?<\/h2>\n                                            <\/div>\n                            <div class=\"banner-links\">\n                                                                                                    <a class=\"btn  btn-primary \"\n                            href=\"https:\/\/mm.group\/de\/kontakt\/\" target=\"\">\n                            <span>\n                                Kontaktieren Sie uns\n                                                            <\/span>\n                        <\/a>\n                                                                    <\/div>\n            <\/div>\n<\/section>\n","protected":false},"excerpt":{"rendered":"","protected":false},"author":1,"featured_media":0,"parent":17605,"menu_order":0,"comment_status":"closed","ping_status":"closed","template":"","meta":{"_acf_changed":false,"inline_featured_image":false,"footnotes":""},"page-category":[],"class_list":["post-17609","page","type-page","status-publish","hentry"],"acf":[],"_links":{"self":[{"href":"https:\/\/mm.group\/de\/wp-json\/wp\/v2\/pages\/17609","targetHints":{"allow":["GET"]}}],"collection":[{"href":"https:\/\/mm.group\/de\/wp-json\/wp\/v2\/pages"}],"about":[{"href":"https:\/\/mm.group\/de\/wp-json\/wp\/v2\/types\/page"}],"author":[{"embeddable":true,"href":"https:\/\/mm.group\/de\/wp-json\/wp\/v2\/users\/1"}],"replies":[{"embeddable":true,"href":"https:\/\/mm.group\/de\/wp-json\/wp\/v2\/comments?post=17609"}],"version-history":[{"count":1,"href":"https:\/\/mm.group\/de\/wp-json\/wp\/v2\/pages\/17609\/revisions"}],"predecessor-version":[{"id":30436,"href":"https:\/\/mm.group\/de\/wp-json\/wp\/v2\/pages\/17609\/revisions\/30436"}],"up":[{"embeddable":true,"href":"https:\/\/mm.group\/de\/wp-json\/wp\/v2\/pages\/17605"}],"wp:attachment":[{"href":"https:\/\/mm.group\/de\/wp-json\/wp\/v2\/media?parent=17609"}],"wp:term":[{"taxonomy":"page-category","embeddable":true,"href":"https:\/\/mm.group\/de\/wp-json\/wp\/v2\/page-category?post=17609"}],"curies":[{"name":"wp","href":"https:\/\/api.w.org\/{rel}","templated":true}]}}