{"id":17613,"date":"2024-08-01T11:22:10","date_gmt":"2024-08-01T09:22:10","guid":{"rendered":"https:\/\/mm-live.digilicious.cloud\/packaging\/innovation\/"},"modified":"2024-10-28T09:42:30","modified_gmt":"2024-10-28T08:42:30","slug":"innovationen","status":"publish","type":"page","link":"https:\/\/mm.group\/de\/packaging\/innovationen\/","title":{"rendered":"Innovationen"},"content":{"rendered":"<section id=\"block_275acbe79a81755f540a7879136cbd7d\" data-block_275acbe79a81755f540a7879136cbd7d class=\"hero-page align dark-pink  container-bg  page-child\">\n  <div class=\"container-big\">\n    <div class=\"container\">\n      <div class=\"col-info\">\n                                  <h1 class=\"title mb-2\">Innovationen<\/h1>\n                          <div class=\"text\"><p>Unser Erfolg und unsere F\u00e4higkeit, neue Produkte f\u00fcr unsere Kunden zu entwickeln, beruhen auf unserem Verst\u00e4ndnis von Markttrends und zuk\u00fcnftigen Entwicklungen.<\/p>\n<\/div>\n                      <\/div>\n    <\/div>\n    <div class=\"col-imgs \">\n              <picture class=\"patterns\">\n          <source media=\"(min-width:1280px)\" srcset=\"https:\/\/mm.group\/wp-content\/uploads\/header-pattern-red-v1-desktop.svg\">\n          <source media=\"(min-width:768px)\" srcset=\"https:\/\/mm.group\/wp-content\/uploads\/header-pattern-red-v1-tablet.svg\">\n          <img fetchpriority=\"high\" src=\"https:\/\/mm.group\/wp-content\/uploads\/header-pattern-red-v1-mobile.svg\" alt=\"\" width=\"769\" height=\"256\" loading=\"eager\" decoding=\"async\" >\n        <\/picture>      \n                    <picture class=\"background-image\">\n          <source media=\"(min-width:1280px)\" srcset=\"https:\/\/mm.group\/wp-content\/uploads\/hero-page-image-packaging-innovation-bigdesktop.webp\">\n          <source media=\"(min-width:768px)\" srcset=\"https:\/\/mm.group\/wp-content\/uploads\/hero-page-image-packaging-innovation-mobile.webp\">\n          <img src=\"https:\/\/mm.group\/wp-content\/uploads\/hero-page-image-packaging-innovation-smalldesktop.webp\" alt=\"\" width=\"386\" height=\"515\" loading=\"eager\" decoding=\"async\" >\n        <\/picture> \n          <\/div>\n  <\/div>\n<\/section>\n<section class=\"section-breadcrumb container-bg\">\n        <div class=\"container\">\n            <nav aria-label=\"breadcrumbs\" class=\"rank-math-breadcrumb\"><p><a href=\"https:\/\/mm.group\/de\/\">MM Group<\/a><span class=\"separator\"> \/ <\/span><a href=\"https:\/\/mm.group\/de\/wp-json\/\">Wp Json<\/a><span class=\"separator\"> \/ <\/span><a href=\"https:\/\/mm.group\/de\/wp-json\/wp\/\">Wp<\/a><span class=\"separator\"> \/ <\/span><a href=\"https:\/\/mm.group\/de\/wp-json\/wp\/v2\/\">V2<\/a><span class=\"separator\"> \/ <\/span><a href=\"https:\/\/mm.group\/de\/wp-json\/wp\/v2\/pages\/\">Pages<\/a><span class=\"separator\"> \/ <\/span><span class=\"last\">17613<\/span><\/p><\/nav>    \n        <\/div>\n    <\/section>\n\n\n<section id=\"block_e3fa9a95dd63b3efe7059e4c533bcfa9\" data-block_e3fa9a95dd63b3efe7059e4c533bcfa9 class=\"basic-info align light-pink  container-bg  \">\n  <div class=\"container\">\n    <div class=\"info_wrapper\" data-aos=\"fade-up\" data-aos-duration=\"1000\">\n                    <div class=\"basic_text title-small\"><p>In einer Welt, die von stetig wachsenden Verpackungsvorschriften und der steigenden Nachfrage nach nachhaltigen, leicht recycelbaren L\u00f6sungen mit minimalem \u00f6kologischen Fu\u00dfabdruck gepr\u00e4gt ist, setzt die MM Group auf kundenorientierte Innovationsprozesse, um neue Ma\u00dfst\u00e4be zu setzen. Unser Erfolg und unsere F\u00e4higkeit, zukunftsweisende Produkte f\u00fcr unsere Kunden zu entwickeln, beruhen auf unserem tiefen Verst\u00e4ndnis f\u00fcr Markttrends und kommende Entwicklungen.<\/p>\n<\/div>\n                <\/div>\n  <\/div>\n<\/section>\n\n<section id=\"block_c66171a8c7136bd5c26eb865999233fe\" data-block_c66171a8c7136bd5c26eb865999233fe class=\"image align transparent  container-bg  relative block w-full overflow-hidden py-10\">\n  <div class=\"container\">\n      <\/div>\n  <div class=\" container \">\n                <img src=\"https:\/\/mm.group\/wp-content\/uploads\/packaging-innovation-graphic-2.webp\" alt=\"\" width=\"1252\" height=\"635\" loading=\"lazy\" decoding=\"async\" class=\"mx-auto block\">\n          <\/div>\n<\/section>\n\n<section id=\"block_71e3a10ddebc34c9b7d4af5f7529c538\" data-block_71e3a10ddebc34c9b7d4af5f7529c538\n    class=\"banner-xl align transparent  container-bg  \">\n    <div class=\"container\">\n            <\/div>\n    <div class=\"container container-wrapper \">\n                    <div class=\"col-image\">\n                <div class=\"swiper\">\n                    <div class=\"swiper-wrapper\">\n                                                                                                            <div class=\"swiper-slide \">\n                                                                    <img decoding=\"async\" loading=\"lazy\" width=\"385\" height=\"514\"\n                                        src=\"https:\/\/mm.group\/wp-content\/uploads\/packaging-innovation-our-vision-e1723810539572-1.webp\" alt=\"\"\n                                        >\n                                                            <\/div>\n                                            <\/div>\n                <\/div>\n            <\/div> <!-- Cierre de la col-image -->\n            <div class=\"col-content\">\n                                <div class=\"swiper-container\">\n                    <div class=\"swiper\">\n                        <div class=\"swiper-wrapper\">\n                                                                                             <div class=\"swiper-slide\">\n                                    <div class=\"banner-info-content\"  data-aos=\"fade-up\" data-aos-duration=\"1000\">\n                                                                                    <div class=\"pretitle mb-[11px] accent-color\">Innovation<\/div>\n                                                                                                                            <h2\n                                                class=\"mb-4  title \">\n                                                MM Packaging XBU-Innovation &#8211; Unser Ansatz<\/h2>\n                                                                                                                            <div class=\"banner_text custom-list\"><p>Bei MM Packaging setzen wir auf nachhaltige, kundenorientierte und marktorientierte Innovationen, um L\u00f6sungen zu schaffen, die die Bed\u00fcrfnisse unserer Kunden erf\u00fcllen und zu einer besseren Zukunft beitragen.<\/p>\n<\/div>\n                                                                                                                                                                    <div class=\"mt-9 mb-3\">\n                                                <a class=\"btn btn-secondary\" href=\"https:\/\/mm.group\/de\/packaging\/innovationen\/unser-ansatz\/\"\n                                                    target=\"\">\n                                                    <span>\n                                                        Erfahren Sie mehr\n                                                                                                            <\/span>\n                                                <\/a>\n                                            <\/div>\n                                                                            <\/div>\n                                <\/div>\n                                                    <\/div>\n                    <\/div>\n                                    <\/div>\n            <\/div>\n            <\/div>\n<\/section>\n\n\n<section id=\"block_b8be987d3fc9af9dcbbf35d7421aefd5\" data-block_b8be987d3fc9af9dcbbf35d7421aefd5 class=\"image align light-pink  container-bg  relative block w-full overflow-hidden py-10\">\n  <div class=\"container\">\n    <div class=\"section-info mb-10 max-w-[833px] \">\n                    <div class=\"pretitle accent-color mb-3\">Innovation<\/div>\n                            <h2 class=\"title mb-4\"> Inklusives und vernetztes Innovationsmodell<\/h2>\n                            <div class=\"section_text \"><p>Wir verfolgen einen projektbasierten Ansatz der Zusammenarbeit, der es uns erm\u00f6glicht, eng mit unseren Kunden und Partnern zusammenzuarbeiten, um innovative L\u00f6sungen zu entwickeln, die genau auf ihre Bed\u00fcrfnisse zugeschnitten sind.<\/p>\n<\/div>\n                \n                    <div class=\"links-wrapper flex flex-wrap mt-8 gap-4\">\n                                                                                 <a class=\"btn  btn-primary \" href=\"https:\/\/mm.group\/de\/packaging\/innovationen\/unser-netzwerk\/\" target=\"\">\n                            <span>\n                                Zukunft gemeinsam gestalten\n                                                            <\/span>\n                    <\/a>\n                                                <\/div>\n            <\/div>\n  <\/div>\n  <div class=\" container \">\n                <img src=\"https:\/\/mm.group\/wp-content\/uploads\/Innovation_image_mod_1606_25_s-01.png\" alt=\"\" width=\"1098\" height=\"608\" loading=\"lazy\" decoding=\"async\" class=\"mx-auto block\">\n          <\/div>\n<\/section>\n\n<section id=\"block_6848faaa5ed11a128ff9e3eaf85b4d2c\" data-block_6848faaa5ed11a128ff9e3eaf85b4d2c class=\"image align transparent  container-bg  relative block w-full overflow-hidden py-10\">\n  <div class=\"container\">\n    <div class=\"section-info mb-10 max-w-[833px] \">\n                    <div class=\"pretitle accent-color mb-3\">Innovation<\/div>\n                            <h2 class=\"title mb-4\">Trendconnector<\/h2>\n                            <div class=\"section_text \"><p>Megatrends + Verbrauchertrends = Verpackungstrends<\/p>\n<\/div>\n                \n                    <div class=\"links-wrapper flex flex-wrap mt-8 gap-4\">\n                                                                                 <a class=\"btn  btn-primary \" href=\"https:\/\/mm.group\/de\/packaging\/innovationen\/innovationstrends\/\" target=\"\">\n                            <span>\n                                Immer einen Schritt voraus\n                                                            <\/span>\n                    <\/a>\n                                                <\/div>\n            <\/div>\n  <\/div>\n  <div class=\" container \">\n                <img src=\"https:\/\/mm.group\/wp-content\/uploads\/packaging-innovation-trends-2.webp\" alt=\"\" width=\"1252\" height=\"638\" loading=\"lazy\" decoding=\"async\" class=\"mx-auto block\">\n          <\/div>\n<\/section>\n\n<section id=\"block_ce45bdde0bcca06a680a0df62b32c727\" data-block_ce45bdde0bcca06a680a0df62b32c727\n    class=\"banner-xl align transparent  container-bg  \">\n    <div class=\"container\">\n            <\/div>\n    <div class=\"container container-wrapper \">\n                    <div class=\"col-image\">\n                <div class=\"swiper\">\n                    <div class=\"swiper-wrapper\">\n                                                                                                            <div class=\"swiper-slide \">\n                                                                    <img decoding=\"async\" loading=\"lazy\" width=\"700\" height=\"751\"\n                                        src=\"https:\/\/mm.group\/wp-content\/uploads\/packaging-innovation-customer-centric.webp\" alt=\"\"\n                                        >\n                                                            <\/div>\n                                            <\/div>\n                <\/div>\n            <\/div> <!-- Cierre de la col-image -->\n            <div class=\"col-content\">\n                                <div class=\"swiper-container\">\n                    <div class=\"swiper\">\n                        <div class=\"swiper-wrapper\">\n                                                                                             <div class=\"swiper-slide\">\n                                    <div class=\"banner-info-content\"  data-aos=\"fade-up\" data-aos-duration=\"1000\">\n                                                                                    <div class=\"pretitle mb-[11px] accent-color\">Innovation<\/div>\n                                                                                                                            <h2\n                                                class=\"mb-4  title \">\n                                                Innovative L\u00f6sungen, die Ihre Bed\u00fcrfnisse erf\u00fcllen<\/h2>\n                                                                                                                            <div class=\"banner_text custom-list\"><p>M\u00f6chten Sie Beispiele sehen, wie wir unseren Kunden helfen, der Konkurrenz immer einen Schritt voraus zu sein?<\/p>\n<\/div>\n                                                                                                                                                                    <div class=\"mt-9 mb-3\">\n                                                <a class=\"btn btn-secondary\" href=\"https:\/\/mm.group\/de\/packaging\/innovationen\/innovative-losungen\/\"\n                                                    target=\"\">\n                                                    <span>\n                                                        L\u00f6sungen entdecken\n                                                                                                            <\/span>\n                                                <\/a>\n                                            <\/div>\n                                                                            <\/div>\n                                <\/div>\n                                                    <\/div>\n                    <\/div>\n                                    <\/div>\n            <\/div>\n            <\/div>\n<\/section>\n","protected":false},"excerpt":{"rendered":"","protected":false},"author":1,"featured_media":0,"parent":17536,"menu_order":0,"comment_status":"closed","ping_status":"closed","template":"","meta":{"_acf_changed":false,"inline_featured_image":false,"footnotes":""},"page-category":[],"class_list":["post-17613","page","type-page","status-publish","hentry"],"acf":[],"_links":{"self":[{"href":"https:\/\/mm.group\/de\/wp-json\/wp\/v2\/pages\/17613","targetHints":{"allow":["GET"]}}],"collection":[{"href":"https:\/\/mm.group\/de\/wp-json\/wp\/v2\/pages"}],"about":[{"href":"https:\/\/mm.group\/de\/wp-json\/wp\/v2\/types\/page"}],"author":[{"embeddable":true,"href":"https:\/\/mm.group\/de\/wp-json\/wp\/v2\/users\/1"}],"replies":[{"embeddable":true,"href":"https:\/\/mm.group\/de\/wp-json\/wp\/v2\/comments?post=17613"}],"version-history":[{"count":1,"href":"https:\/\/mm.group\/de\/wp-json\/wp\/v2\/pages\/17613\/revisions"}],"predecessor-version":[{"id":30297,"href":"https:\/\/mm.group\/de\/wp-json\/wp\/v2\/pages\/17613\/revisions\/30297"}],"up":[{"embeddable":true,"href":"https:\/\/mm.group\/de\/wp-json\/wp\/v2\/pages\/17536"}],"wp:attachment":[{"href":"https:\/\/mm.group\/de\/wp-json\/wp\/v2\/media?parent=17613"}],"wp:term":[{"taxonomy":"page-category","embeddable":true,"href":"https:\/\/mm.group\/de\/wp-json\/wp\/v2\/page-category?post=17613"}],"curies":[{"name":"wp","href":"https:\/\/api.w.org\/{rel}","templated":true}]}}