{"id":17614,"date":"2024-08-01T14:59:29","date_gmt":"2024-08-01T12:59:29","guid":{"rendered":"https:\/\/mm-live.digilicious.cloud\/packaging\/innovation\/vision\/"},"modified":"2024-09-19T14:46:28","modified_gmt":"2024-09-19T12:46:28","slug":"unser-ansatz","status":"publish","type":"page","link":"https:\/\/mm.group\/de\/packaging\/innovationen\/unser-ansatz\/","title":{"rendered":"Unser Ansatz"},"content":{"rendered":"<section id=\"block_547bf8c809dda58633ba523d63a11998\" data-block_547bf8c809dda58633ba523d63a11998 class=\"hero-page align superlight-pink  container-bg  page-subchild\">\n  <div class=\"container-big\">\n    <div class=\"container\">\n      <div class=\"col-info\">\n                                  <h1 class=\"title mb-2\">Unser Ansatz<\/h1>\n                          <div class=\"text\"><p>Bei MM Packaging setzen wir auf nachhaltige, kundenorientierte und marktorientierte Innovationen, um L\u00f6sungen zu entwickeln, die die Bed\u00fcrfnisse unserer Kunden erf\u00fcllen und zu einer besseren Zukunft beitragen.<\/p>\n<\/div>\n                      <\/div>\n    <\/div>\n    <div class=\"col-imgs \">\n              <picture class=\"patterns\">\n          <source media=\"(min-width:1280px)\" srcset=\"https:\/\/mm.group\/wp-content\/uploads\/header-pattern-red-v1-desktop.svg\">\n          <source media=\"(min-width:768px)\" srcset=\"https:\/\/mm.group\/wp-content\/uploads\/header-pattern-red-v1-tablet.svg\">\n          <img fetchpriority=\"high\" src=\"https:\/\/mm.group\/wp-content\/uploads\/header-pattern-red-v1-mobile.svg\" alt=\"\" width=\"769\" height=\"256\" loading=\"eager\" decoding=\"async\" >\n        <\/picture>      \n                    <picture class=\"background-image\">\n          <source media=\"(min-width:1280px)\" srcset=\"https:\/\/mm.group\/wp-content\/uploads\/packaging-innovation-our-vision-e1723810539572-1.webp\">\n          <source media=\"(min-width:768px)\" srcset=\"https:\/\/mm.group\/wp-content\/uploads\/packaging-innovation-our-vision-e1723810539572-1.webp\">\n          <img src=\"https:\/\/mm.group\/wp-content\/uploads\/packaging-innovation-our-vision-e1723810539572-1.webp\" alt=\"\" width=\"385\" height=\"514\" loading=\"eager\" decoding=\"async\" >\n        <\/picture> \n          <\/div>\n  <\/div>\n<\/section>\n<section class=\"section-breadcrumb container-bg\">\n        <div class=\"container\">\n            <nav aria-label=\"breadcrumbs\" class=\"rank-math-breadcrumb\"><p><a href=\"https:\/\/mm.group\/de\/\">MM Group<\/a><span class=\"separator\"> \/ <\/span><a href=\"https:\/\/mm.group\/de\/wp-json\/\">Wp Json<\/a><span class=\"separator\"> \/ <\/span><a href=\"https:\/\/mm.group\/de\/wp-json\/wp\/\">Wp<\/a><span class=\"separator\"> \/ <\/span><a href=\"https:\/\/mm.group\/de\/wp-json\/wp\/v2\/\">V2<\/a><span class=\"separator\"> \/ <\/span><a href=\"https:\/\/mm.group\/de\/wp-json\/wp\/v2\/pages\/\">Pages<\/a><span class=\"separator\"> \/ <\/span><span class=\"last\">17614<\/span><\/p><\/nav>    \n        <\/div>\n    <\/section>\n\n\n<section id=\"features\" data-features\n    class=\"banner-xl align white  container-bg  \">\n    <div class=\"container\">\n            <\/div>\n    <div class=\"container container-wrapper \">\n                    <div class=\"col-image\">\n                <div class=\"swiper\">\n                    <div class=\"swiper-wrapper\">\n                                                                                                            <div class=\"swiper-slide \">\n                                                                    <img decoding=\"async\" loading=\"lazy\" width=\"4167\" height=\"4167\"\n                                        src=\"https:\/\/mm.group\/wp-content\/uploads\/Pillars-dots_Zeichenflache-1.png\" alt=\"\"\n                                        >\n                                                            <\/div>\n                                            <\/div>\n                <\/div>\n            <\/div> <!-- Cierre de la col-image -->\n            <div class=\"col-content\">\n                                <div class=\"swiper-container\">\n                    <div class=\"swiper\">\n                        <div class=\"swiper-wrapper\">\n                                                                                             <div class=\"swiper-slide\">\n                                    <div class=\"banner-info-content\"  data-aos=\"fade-up\" data-aos-duration=\"1000\">\n                                                                                    <div class=\"pretitle mb-[11px] accent-color\">INNOVATION<\/div>\n                                                                                                                            <h2\n                                                class=\"mb-4  title \">\n                                                MM Packaging&#8217;s vier S\u00e4ulen f\u00fcr marktreife Innovationen <\/h2>\n                                                                                                                            <div class=\"banner_text custom-list\"><p>Bei MM Packaging haben wir vier S\u00e4ulen etabliert, um sicherzustellen, dass unsere Innovationen zweckm\u00e4\u00dfig und marktreif sind:<\/p>\n<ul>\n<li>Technische Machbarkeit &amp; Reproduzierbarkeit<\/li>\n<li>Einfache Anwendung f\u00fcr Kunden<\/li>\n<li>Reduzierung der Gesamtbetriebskosten<\/li>\n<li>Differenzierung<\/li>\n<\/ul>\n<\/div>\n                                                                                                                                                            <\/div>\n                                <\/div>\n                                                    <\/div>\n                    <\/div>\n                                    <\/div>\n            <\/div>\n            <\/div>\n<\/section>\n\n\n<section id=\"block_c50201ed842be267316e2da86b15fd69\" data-block_c50201ed842be267316e2da86b15fd69 class=\"content-basic align transparent  container-bg \">\n  <div class=\"container\">\n    <div class=\"info_basic \">\n      <div class=\"section-info mb-10 max-w-[833px] \">\n                    <div class=\"pretitle accent-color mb-3\">INNOVATION<\/div>\n                            <h2 class=\"title mb-4\">Entdecken Sie unsere Vorteile<\/h2>\n                        \n            <\/div>\n    <\/div>\n  <\/div>\n<\/section>\n\n<section id=\"block_8db606f1a23bce0c4dead3da39c46536\" data-block_8db606f1a23bce0c4dead3da39c46536\n    class=\"list-icon-photo align primary-pink  container-bg \">\n    <div\n        class=\" container-full  \">\n                    <div class=\"big-image-wrapper\">\n                <div class=\"big-image\">\n                    <picture>\n                                                    <source media=\"(min-width: 768px)\" srcset=\"https:\/\/mm.group\/wp-content\/uploads\/AdobeStock_288905161-2.webp\">\n                                                <img src=\"https:\/\/mm.group\/wp-content\/uploads\/AdobeStock_288905161-2.webp\" alt=\"Two-piece carton\" width=\"699\" height=\"1010\" loading=\"lazy\" decoding=\"async\" class=\"big-image\">\n                    <\/picture>\n                <\/div>\n            <\/div>\n                            <div class=\"card-list\">\n                                <div class=\"card-list-grid\">\n                                                                                            <div class=\"card\">\n                                                            <img src=\"https:\/\/mm.group\/wp-content\/uploads\/icon-packaging-innovation-customer-centric.svg\" alt=\"\" width=\"512\" height=\"512\" loading=\"lazy\" decoding=\"async\" >\n                                                        <div class=\"card-content\">\n                                                                    <h3 class=\"card-title\">Kundenorientiertes Innovations-Setup <\/h3>\n                                                                                                    <p class=\"card-text\"><p>Bei MM Packaging ist unsere Innovationsstruktur kunden- und portfolioorientiert. Wir f\u00f6rdern einen gesch\u00e4fts\u00fcbergreifenden Informationsaustausch, um erstklassige Ergebnisse zu erzielen und Agilit\u00e4t sowie Geschwindigkeit bei Innovationen sicherzustellen.<\/p>\n<\/p>\n                                                            <\/div>\n                        <\/div>\n                                                                                            <div class=\"card\">\n                                                            <img src=\"https:\/\/mm.group\/wp-content\/uploads\/icon-packaging-innovation-collaboration.svg\" alt=\"\" width=\"512\" height=\"512\" loading=\"lazy\" decoding=\"async\" >\n                                                        <div class=\"card-content\">\n                                                                    <h3 class=\"card-title\">Zusammenarbeit ist das A und O!<\/h3>\n                                                                                                    <p class=\"card-text\"><p>Bei MM Packaging findet Innovation nicht hinter den Kulissen statt. Wir sind \u00fcberzeugt, dass wir die besten Ergebnisse erzielen, wenn wir von der ersten Idee bis zur Umsetzung mit unseren Partnern zusammenarbeiten.<\/p>\n<\/p>\n                                                            <\/div>\n                        <\/div>\n                                                                                            <div class=\"card\">\n                                                            <img src=\"https:\/\/mm.group\/wp-content\/uploads\/icon-packaging-innovation-network.svg\" alt=\"\" width=\"512\" height=\"512\" loading=\"lazy\" decoding=\"async\" >\n                                                        <div class=\"card-content\">\n                                                                    <h3 class=\"card-title\">Inklusives und netzwerkbasiertes Innovationsmodell<\/h3>\n                                                                                                    <p class=\"card-text\"><p>Wir haben ein dynamisches, netzwerkbasiertes Innovationsmodell f\u00fcr projektbezogene Zusammenarbeit entwickelt. Unsere Innovationspartner \u2013 von internen Experten aus Technologie, Qualit\u00e4t, Beschaffung, Marktintelligenz, Nachhaltigkeit, Produktsicherheit und weiteren Bereichen \u2013 unterst\u00fctzen uns dabei, unsere kreativen Ideen mit ihrem Fachwissen und den erforderlichen Ressourcen zu realisieren.<\/p>\n<\/p>\n                                                            <\/div>\n                        <\/div>\n                                    <\/div>\n            <\/div>\n            <\/div>\n<\/section>\n\n\n<section id=\"block_ef5a53dd65b635485ef80a92157a3bc7\" data-block_ef5a53dd65b635485ef80a92157a3bc7 class=\"separator-w-icon align white position-right  container-bg  \">\n  <div class=\"container\">\n    <div class=\"inner relative\" data-aos=\"fade-up\" data-aos-duration=\"1000\">\n      <picture>\n                  <source media=\"(min-width: 1024px)\" srcset=\"https:\/\/mm.group\/wp-content\/uploads\/Group-1000004977-2.png\">\n                <img src=\"https:\/\/mm.group\/wp-content\/uploads\/Group-1000004977-2.png\" alt=\"\" width=\"300\" height=\"200\" loading=\"lazy\" decoding=\"async\" class=\"bg-image\">\n    <\/picture>\n    <\/div>\n  <\/div>\n<\/section>\n\n<section id=\"block_9837e3564ab3a56b6970b908b85b02af\" data-block_9837e3564ab3a56b6970b908b85b02af\n    class=\"banner-cta-full align    dark-pink  container-bg\"\n        >\n    <div class=\"container\">\n                    <div class=\"section-info mb-10 max-w-[833px]\">\n                                    <div class=\"pretitle accent-color mb-3\">INNOVATION<\/div>\n                                                    <h2 class=\"title mb-4\">Brauchen Sie hilfe?<\/h2>\n                                            <\/div>\n                            <div class=\"banner-links\">\n                                                                                                    <a class=\"btn  btn-primary \"\n                            href=\"https:\/\/mm.group\/de\/kontakt\/\" target=\"\">\n                            <span>\n                                Kontaktieren Sie uns\n                                                            <\/span>\n                        <\/a>\n                                                                    <\/div>\n            <\/div>\n<\/section>\n","protected":false},"excerpt":{"rendered":"","protected":false},"author":1,"featured_media":0,"parent":17613,"menu_order":0,"comment_status":"closed","ping_status":"closed","template":"","meta":{"_acf_changed":false,"inline_featured_image":false,"footnotes":""},"page-category":[],"class_list":["post-17614","page","type-page","status-publish","hentry"],"acf":[],"_links":{"self":[{"href":"https:\/\/mm.group\/de\/wp-json\/wp\/v2\/pages\/17614","targetHints":{"allow":["GET"]}}],"collection":[{"href":"https:\/\/mm.group\/de\/wp-json\/wp\/v2\/pages"}],"about":[{"href":"https:\/\/mm.group\/de\/wp-json\/wp\/v2\/types\/page"}],"author":[{"embeddable":true,"href":"https:\/\/mm.group\/de\/wp-json\/wp\/v2\/users\/1"}],"replies":[{"embeddable":true,"href":"https:\/\/mm.group\/de\/wp-json\/wp\/v2\/comments?post=17614"}],"version-history":[{"count":1,"href":"https:\/\/mm.group\/de\/wp-json\/wp\/v2\/pages\/17614\/revisions"}],"predecessor-version":[{"id":30537,"href":"https:\/\/mm.group\/de\/wp-json\/wp\/v2\/pages\/17614\/revisions\/30537"}],"up":[{"embeddable":true,"href":"https:\/\/mm.group\/de\/wp-json\/wp\/v2\/pages\/17613"}],"wp:attachment":[{"href":"https:\/\/mm.group\/de\/wp-json\/wp\/v2\/media?parent=17614"}],"wp:term":[{"taxonomy":"page-category","embeddable":true,"href":"https:\/\/mm.group\/de\/wp-json\/wp\/v2\/page-category?post=17614"}],"curies":[{"name":"wp","href":"https:\/\/api.w.org\/{rel}","templated":true}]}}