{"id":17630,"date":"2024-08-08T12:51:51","date_gmt":"2024-08-08T10:51:51","guid":{"rendered":"https:\/\/mm-live.digilicious.cloud\/?page_id=17630"},"modified":"2025-12-15T16:22:51","modified_gmt":"2025-12-15T15:22:51","slug":"plastic-replacement","status":"publish","type":"page","link":"https:\/\/mm.group\/de\/packaging\/innovationen\/innovative-losungen\/plastic-replacement\/","title":{"rendered":"Plastic Replacement"},"content":{"rendered":"<section id=\"block_48a681a9c608e5011e490c60e329e197\" data-block_48a681a9c608e5011e490c60e329e197 class=\"hero-page align superlight-pink  container-bg  page-subchild\">\n  <div class=\"container-big\">\n    <div class=\"container\">\n      <div class=\"col-info\">\n                                  <h1 class=\"title mb-2\">Plastic Replacement<\/h1>\n                          <div class=\"text\"><div class=\"flex-shrink-0 flex flex-col relative items-end\">\n<div>\n<div class=\"pt-0\">\n<div class=\"gizmo-bot-avatar flex h-8 w-8 items-center justify-center overflow-hidden rounded-full\">\n<div class=\"relative p-1 rounded-sm flex items-center justify-center bg-token-main-surface-primary text-token-text-primary h-8 w-8\">MM setzt auf nachhaltige Verpackungsl\u00f6sungen, um Plastikverschmutzung zu bek\u00e4mpfen und den Anforderungen von Markeninhabern und Endverbrauchern gerecht zu werden.<\/div>\n<\/div>\n<\/div>\n<\/div>\n<\/div>\n<\/div>\n                      <\/div>\n    <\/div>\n    <div class=\"col-imgs  patterns-full \">\n              <picture class=\"patterns\">\n          <source media=\"(min-width:1280px)\" srcset=\"https:\/\/mm.group\/wp-content\/uploads\/hero-page-pattern-packaging-default-noimage-bigdesktop-2.svg\">\n          <source media=\"(min-width:768px)\" srcset=\"https:\/\/mm.group\/wp-content\/uploads\/hero-page-pattern-packaging-default-noimage-smalldesktop-2.svg\">\n          <img fetchpriority=\"high\" src=\"https:\/\/mm.group\/wp-content\/uploads\/hero-page-pattern-packaging-default-noimage-mobile-2.svg\" alt=\"\" width=\"776\" height=\"310\" loading=\"eager\" decoding=\"async\" >\n        <\/picture>      \n                <\/div>\n  <\/div>\n<\/section>\n<section class=\"section-breadcrumb container-bg\">\n        <div class=\"container\">\n            <nav aria-label=\"breadcrumbs\" class=\"rank-math-breadcrumb\"><p><a href=\"https:\/\/mm.group\/de\/\">MM Group<\/a><span class=\"separator\"> \/ <\/span><a href=\"https:\/\/mm.group\/de\/wp-json\/\">Wp Json<\/a><span class=\"separator\"> \/ <\/span><a href=\"https:\/\/mm.group\/de\/wp-json\/wp\/\">Wp<\/a><span class=\"separator\"> \/ <\/span><a href=\"https:\/\/mm.group\/de\/wp-json\/wp\/v2\/\">V2<\/a><span class=\"separator\"> \/ <\/span><a href=\"https:\/\/mm.group\/de\/wp-json\/wp\/v2\/pages\/\">Pages<\/a><span class=\"separator\"> \/ <\/span><span class=\"last\">17630<\/span><\/p><\/nav>    \n        <\/div>\n    <\/section>\n\n\n<section id=\"block_fa1e17d76a982bb814427c786acb321b\" data-block_fa1e17d76a982bb814427c786acb321b class=\"basic-info align white  container-bg  \">\n  <div class=\"container\">\n    <div class=\"info_wrapper\" data-aos=\"fade-up\" data-aos-duration=\"1000\">\n                    <div class=\"basic_text title-small\"><div class=\"flex-shrink-0 flex flex-col relative items-end\">\n<div>\n<div class=\"pt-0\">\n<div class=\"gizmo-bot-avatar flex h-8 w-8 items-center justify-center overflow-hidden rounded-full\">\n<div class=\"relative p-1 rounded-sm flex items-center justify-center bg-token-main-surface-primary text-token-text-primary h-8 w-8\">Wir m\u00f6chten Teil der L\u00f6sung sein, indem wir sicherstellen, dass unsere Innovationen nicht nur im Papierkreislauf recycelt werden k\u00f6nnen, sondern auch in allen Phasen der Lieferkette optimal funktionieren und das Produkt sicher f\u00fcr seine Verwendung ist.<\/div>\n<\/div>\n<\/div>\n<\/div>\n<\/div>\n<\/div>\n                <\/div>\n  <\/div>\n<\/section>\n\n<section id=\"features\" data-features\n    class=\"banner-xl align white  container-bg  \">\n    <div class=\"container\">\n            <\/div>\n    <div class=\"container container-wrapper \">\n                    <div class=\"col-image\">\n                <div class=\"swiper\">\n                    <div class=\"swiper-wrapper\">\n                                                                                                            <div class=\"swiper-slide \">\n                                                                    <img decoding=\"async\" loading=\"lazy\" width=\"2558\" height=\"2558\"\n                                        src=\"https:\/\/mm.group\/wp-content\/uploads\/U1A2628-collab.webp\" alt=\"\"\n                                        >\n                                                            <\/div>\n                                            <\/div>\n                <\/div>\n            <\/div> <!-- Cierre de la col-image -->\n            <div class=\"col-content\">\n                                <div class=\"swiper-container\">\n                    <div class=\"swiper\">\n                        <div class=\"swiper-wrapper\">\n                                                                                             <div class=\"swiper-slide\">\n                                    <div class=\"banner-info-content\"  data-aos=\"fade-up\" data-aos-duration=\"1000\">\n                                                                                    <div class=\"pretitle mb-[11px] accent-color\">Plastic Replacement<\/div>\n                                                                                                                            <h2\n                                                class=\"mb-4  title \">\n                                                Wir bieten innovative Packaging-Alternativen zu Plastikverpackungen.<\/h2>\n                                                                                                                            <div class=\"banner_text custom-list\"><p>Faserbasierte Materialien k\u00f6nnen mindestens 25 Mal recycelt werden, ohne ihre mechanische oder strukturelle Integrit\u00e4t zu verlieren. Unser Ziel ist es, den Anteil an recycelbaren Fasern in jeder von uns hergestellten Verpackung zu maximieren. Karton, als erneuerbares und verantwortungsvolles Verpackungsmaterial, weist eine Recyclingrate von 82 % auf.<\/p>\n<\/div>\n                                                                                                                                                            <\/div>\n                                <\/div>\n                                                    <\/div>\n                    <\/div>\n                                    <\/div>\n            <\/div>\n            <\/div>\n<\/section>\n\n\n<section id=\"block_c5ab0e321c59345b4db2e92a43202723\" data-block_c5ab0e321c59345b4db2e92a43202723 class=\"content-basic align superlight-pink  container-bg \">\n  <div class=\"container\">\n    <div class=\"info_basic \">\n      <div class=\"section-info mb-10 max-w-[833px] \">\n                    <div class=\"pretitle accent-color mb-3\">Plastic Replacement<\/div>\n                            <h2 class=\"title mb-4\">Unsere neuesten Innovationen zum Ersatz von Plastik<\/h2>\n                        \n            <\/div>\n    <\/div>\n  <\/div>\n<\/section>\n\n<section id=\"block_72ded8ac9404107423ed5708180f0972\" data-block_72ded8ac9404107423ed5708180f0972 class=\"list-icon-text align prevent-breadcrumb theme-pink  container-bg  dark-pink\">\n  <div class=\"container-big\">\n    <div class=\"list_wrapper\">\n              <div class=\"selector_wrapper\">\n                                         <a href=\"#block_72ded8ac9404107423ed5708180f0972-info-wrapper\" target=\"_self\" class=\"selector_title  active \" data-selector=\"1\">\n                                      <img src=\"https:\/\/mm.group\/wp-content\/uploads\/certificate-1.svg\" alt=\"\" width=\"70\" height=\"71\" loading=\"lazy\" decoding=\"async\" class=\"icon\">\n                                    <span>Re*Flect: Reflektieren Sie Ihre Markenwerte mit nachhaltigeren Metallic-Effekten<\/span>\n                <\/a>\n                                           <a href=\"#block_72ded8ac9404107423ed5708180f0972-info-wrapper\" target=\"_self\" class=\"selector_title \" data-selector=\"2\">\n                                      <img src=\"https:\/\/mm.group\/wp-content\/uploads\/certificate-1.svg\" alt=\"\" width=\"70\" height=\"71\" loading=\"lazy\" decoding=\"async\" class=\"icon\">\n                                    <span>MM Moulded Pulp <\/span>\n                <\/a>\n                                           <a href=\"#block_72ded8ac9404107423ed5708180f0972-info-wrapper\" target=\"_self\" class=\"selector_title \" data-selector=\"3\">\n                                      <img src=\"https:\/\/mm.group\/wp-content\/uploads\/certificate-1.svg\" alt=\"\" width=\"70\" height=\"71\" loading=\"lazy\" decoding=\"async\" class=\"icon\">\n                                    <span>Carton Cavity System<\/span>\n                <\/a>\n                                           <a href=\"#block_72ded8ac9404107423ed5708180f0972-info-wrapper\" target=\"_self\" class=\"selector_title \" data-selector=\"4\">\n                                      <img src=\"https:\/\/mm.group\/wp-content\/uploads\/certificate-1.svg\" alt=\"\" width=\"70\" height=\"71\" loading=\"lazy\" decoding=\"async\" class=\"icon\">\n                                    <span>Nachhaltige Kombinationen f\u00fcr herausragende L\u00f6sungen<\/span>\n                <\/a>\n                    <\/div>\n             \n        <div id=\"block_72ded8ac9404107423ed5708180f0972-info-wrapper\" class=\"info_wrapper\">\n                                         <div class=\"selector_info   active \" data-selector=\"1\">\n                                      <p class=\"content-title\">Re*Flect: Reflektieren Sie Ihre Markenwerte mit nachhaltigeren Metallic-Effekten<\/p>\n                                    <div class=\"content-text text-\">\n                    <p>Unsere Technologien bieten die idealen und modernen Alternativen zum herk\u00f6mmlichen Met Pet. Metallisierungen, die einen umweltfreundlicheren Ansatz gew\u00e4hrleisten, ohne dass das Aussehen und die Haptik darunter leiden. Mit MM Re*flect k\u00f6nnen Sie das gleiche atemberaubende Metallic-Finish erzielen und dabei die Umweltbelastung reduzieren.<\/p>\n<p>Unterst\u00fctzen Sie mit MM Re*flect Finishing Effects die Bewegung hin zu einer nachhaltigeren Zukunft.<\/p>\n<p><img loading=\"lazy\" decoding=\"async\" class=\"alignnone size-full wp-image-22727\" src=\"https:\/\/mm.group\/wp-content\/uploads\/Packaging_reflect.webp\" alt=\"\" width=\"2072\" height=\"1475\" \/><\/p>\n<p><strong>Re*Flect M\u00e4rkte<\/strong><\/p>\n<p><a href=\"https:\/\/mm.group\/de\/packaging\/markte\/beauty-personal-care-packaging\/\">Beauty &amp; Personal Care<\/a><\/p>\n<p><a href=\"https:\/\/mm.group\/de\/packaging\/markte\/pharma-packaging\/\">Pharma &amp; Health Care<\/a><\/p>\n<p><a href=\"https:\/\/mm.group\/de\/packaging\/markte\/essen-getranke-packaging\/\">Essen &amp; Getr\u00e4nke<\/a><\/p>\n\n                  <\/div>\n                <\/div>\n                                           <div class=\"selector_info  \" data-selector=\"2\">\n                                      <p class=\"content-title\">MM Moulded Pulp <\/p>\n                                    <div class=\"content-text text-\">\n                    <p>MM Moulded Pulp ist eine vielseitige und umweltfreundliche Verpackungsl\u00f6sung, die Plastik ersetzt. Diese wiederverwertbare Verpackung nutzt die Thermoform-Nassformtechnologie, ist somit ideal f\u00fcr komplexe Formen, glatte Oberfl\u00e4chenqualit\u00e4ten, Barriereanwendungen und Veredelungseffekte anpassbar. Mit seiner geringen Umweltbelastung und den nachhaltigen Materialien ist MM Moulded Pulp die ideale Wahl f\u00fcr Branchen, die Wert auf innovative und nachhaltige L\u00f6sungen legen, ohne Kompromisse bei der Qualit\u00e4t einzugehen. Dieses bahnbrechende Produkt wird in verschiedenen Marktsegmenten Anwendung finden.<\/p>\n<p>Merkmale:<\/p>\n<ul>\n<li><strong>Produktionsverfahren<\/strong><br \/>\nMM Moulded Pulp bietet nachhaltige und vielseitige Verpackungsl\u00f6sungen durch die Mischung von Holzfasern mit Wasser und Additiven. Unser thermogeformter Zellstoffprozess, bei dem die neueste Technologie zum Einsatz kommt, gew\u00e4hrleistet erstklassige Qualit\u00e4t und glatte Oberfl\u00e4chen, wobei eine Vielzahl von Veredelungseffekten m\u00f6glich ist.<\/li>\n<\/ul>\n<ul>\n<li><strong>Spezialisierung auf modernste Entwicklungsdienstleistungen<\/strong><br \/>\nMit der internen Design-Expertise von MM bieten wir Entwicklungsf\u00e4higkeiten, die selten auf dem Markt zu finden sind. Unter der Leitung unserer Design- und Designberatungsexperten k\u00f6nnen Sie einen gut organisierten und transparenten Entwicklungsprozess erwarten.<\/li>\n<\/ul>\n<ul>\n<li><strong>Strategisch im Herzen Europas positioniert<\/strong><br \/>\nUnsere strategische Lage in unserem Kartonwerk in Polen erm\u00f6glicht es uns, in unmittelbarer N\u00e4he unserer Kunden zu sein und eine schnelle sowie effiziente Lieferkette zu gew\u00e4hrleisten, die Ihren Anforderungen entspricht. Zudem engagieren wir uns f\u00fcr Nachhaltigkeit und streben danach, den CO2-Fu\u00dfabdruck so gering wie m\u00f6glich zu halten \u2013 sodass Sie sich gut f\u00fchlen k\u00f6nnen, wenn Sie uns als Ihren Lieferanten w\u00e4hlen.<\/li>\n<\/ul>\n<p><a href=\"https:\/\/mm.group\/de\/packaging\/produkte\/moulded-pulp\/\">Erfahren Sie mehr \u00fcber MM Moulded Pulp<\/a><\/p>\n\n                  <\/div>\n                <\/div>\n                                           <div class=\"selector_info  \" data-selector=\"3\">\n                                      <p class=\"content-title\">Carton Cavity System<\/p>\n                                    <div class=\"content-text text-\">\n                    <p>Wussten Sie, dass 6 von 10 Verbrauchern bei ihren Kaufentscheidungen die Umweltauswirkungen von Verpackungen ber\u00fccksichtigen? D\u00fcrfen wir vorstellen: das Carton Cavity System (CCS), eine nachhaltige Verpackungsl\u00f6sung, die vollst\u00e4ndig aus Karton besteht. Indem Sie Plastikschalen durch CCS ersetzen, k\u00f6nnen Sie Ihr Engagement f\u00fcr Nachhaltigkeit unter Beweis stellen und umweltbewusste Verbraucher ansprechen.<\/p>\n<ul>\n<li><b>Sehr herausragend: Bedruckbarer Einsatz f\u00fcr verbesserte Markenbildung<\/b><br \/>\nIm Gegensatz zu herk\u00f6mmlichen Plastikeins\u00e4tzen kann unser Kartoneinsatz vollst\u00e4ndig bedruckt werden \u2013 selbst hochwertige Veredelungen sind m\u00f6glich \u2013 und bietet zus\u00e4tzlichen Raum f\u00fcr Marketingbotschaften. Dadurch k\u00f6nnen sich die Au\u00dfenverpackung und der Einsatz im Design und in den Veredelungseffekten angleichen, was ein einheitliches, unvergessliches Auspackerlebnis f\u00fcr die Verbraucher schafft.<\/li>\n<li><b>Besonderer Service: In-House <\/b><b>Packaging<\/b><b> Development Center (PDC)<br \/>\n<\/b>Unser In-House Packaging Development Center (PDC) ist auf die Entwicklung ma\u00dfgeschneiderter, produktspezifischer Verpackungsl\u00f6sungen spezialisiert. Mit Experten f\u00fcr Design und fortschrittliche Prototyping-F\u00e4higkeiten setzen wir Ihre Ideen um. Fordern Sie uns heraus \u2013 erleben Sie eine Verpackungsl\u00f6sung, die auf die Anforderungen Ihres Produkts zugeschnitten ist!<\/li>\n<\/ul>\n<p><a href=\"https:\/\/mm.group\/de\/packaging\/innovationen\/innovative-losungen\/carton-cavity-system\/\"><span data-teams=\"true\">Erfahren Sie mehr<\/span><\/a><\/p>\n<p>&nbsp;<\/p>\n<p><img loading=\"lazy\" decoding=\"async\" class=\"size-full wp-image-10093 aligncenter\" src=\"https:\/\/mm.group\/wp-content\/uploads\/Carton-Cavity-1-e1723721186478.webp\" alt=\"\" width=\"550\" height=\"550\" \/><\/p>\n<p><strong>M\u00e4rkte<\/strong><\/p>\n<p><a href=\"https:\/\/mm.group\/de\/packaging\/markte\/beauty-personal-care-packaging\/\">Beauty &amp; Personal Care<\/a><\/p>\n<p><a href=\"https:\/\/mm.group\/de\/packaging\/markte\/pharma-packaging\/\">Pharma &amp; Health Care<\/a><\/p>\n<p><a href=\"https:\/\/mm.group\/de\/packaging\/markte\/essen-getranke-packaging\/\">Essen &amp; Getr\u00e4nke<\/a><\/p>\n\n                  <\/div>\n                <\/div>\n                                           <div class=\"selector_info  \" data-selector=\"4\">\n                                      <p class=\"content-title\">Nachhaltige Kombinationen f\u00fcr herausragende L\u00f6sungen<\/p>\n                                    <div class=\"content-text text-\">\n                    <p>Zellophan tr\u00e4gt zur Plastikverschmutzung bei und schadet der Umwelt. Wird es aus der Verpackung entfernt, verbessert sich die Recyclingf\u00e4higkeit. Unsere speziell entwickelte Toolbox stellt sicher, dass unsere Produkte auch beim Transport \u00fcber weite Strecken den h\u00f6chsten Qualit\u00e4tsstandards entsprechen.<\/p>\n<p>Merkmale:<\/p>\n<ul>\n<li>Kratzfeste Lacke<\/li>\n<li>Manipulationssichere L\u00f6sungen<\/li>\n<li>Umweltfreundliche Alternativen wie durchscheinendes Papier<\/li>\n<\/ul>\n<p>Wir haben klar definierte Qualit\u00e4tstests in diesem aufstrebenden Bereich entwickelt, um die Zweckm\u00e4\u00dfigkeit jeder Anwendung zu gew\u00e4hrleisten.<\/p>\n<p><img loading=\"lazy\" decoding=\"async\" class=\"size-full wp-image-10069 aligncenter\" src=\"https:\/\/mm.group\/wp-content\/uploads\/csm_box-cello_1_e860e42101-e1723721053775.webp\" alt=\"\" width=\"549\" height=\"549\" \/><\/p>\n<p><strong>M\u00e4rkte<\/strong><\/p>\n<p><a href=\"https:\/\/mm.group\/de\/packaging\/markte\/beauty-personal-care-packaging\/\">Beauty &amp; Personal Care<\/a><\/p>\n<p><a href=\"https:\/\/mm.group\/de\/packaging\/markte\/pharma-packaging\/\">Pharma &amp; Health Care<\/a><\/p>\n\n                  <\/div>\n                <\/div>\n                    <\/div>\n          <\/div>\n  <\/div>\n<\/section>\n\n\n<section id=\"block_2e105ec9bd152a41a1aa5db1df46ccab\" data-block_2e105ec9bd152a41a1aa5db1df46ccab class=\"separator-w-icon align white position-right  container-bg  \">\n  <div class=\"container\">\n    <div class=\"inner relative\" data-aos=\"fade-up\" data-aos-duration=\"1000\">\n      <picture>\n                  <source media=\"(min-width: 1024px)\" srcset=\"https:\/\/mm.group\/wp-content\/uploads\/Group-1000004977-2.png\">\n                <img src=\"https:\/\/mm.group\/wp-content\/uploads\/Group-1000004977-2.png\" alt=\"\" width=\"300\" height=\"200\" loading=\"lazy\" decoding=\"async\" class=\"bg-image\">\n    <\/picture>\n    <\/div>\n  <\/div>\n<\/section>\n\n<section id=\"block_dfd66b50bdc521f9211c7ea2627ebb1a\" data-block_dfd66b50bdc521f9211c7ea2627ebb1a\n    class=\"banner-cta-full align    dark-pink  container-bg\"\n        >\n    <div class=\"container\">\n                    <div class=\"section-info mb-10 max-w-[833px]\">\n                                                    <h2 class=\"title mb-4\">Brauchen Sie Hilfe?<\/h2>\n                                            <\/div>\n                            <div class=\"banner-links\">\n                                                                                                    <a class=\"btn  btn-primary \"\n                            href=\"https:\/\/mm.group\/de\/kontakt\/\" target=\"\">\n                            <span>\n                                Kontaktieren Sie uns\n                                                            <\/span>\n                        <\/a>\n                                                                    <\/div>\n            <\/div>\n<\/section>\n","protected":false},"excerpt":{"rendered":"","protected":false},"author":1,"featured_media":0,"parent":17634,"menu_order":0,"comment_status":"closed","ping_status":"closed","template":"","meta":{"_acf_changed":false,"inline_featured_image":false,"footnotes":""},"page-category":[],"class_list":["post-17630","page","type-page","status-publish","hentry"],"acf":[],"_links":{"self":[{"href":"https:\/\/mm.group\/de\/wp-json\/wp\/v2\/pages\/17630","targetHints":{"allow":["GET"]}}],"collection":[{"href":"https:\/\/mm.group\/de\/wp-json\/wp\/v2\/pages"}],"about":[{"href":"https:\/\/mm.group\/de\/wp-json\/wp\/v2\/types\/page"}],"author":[{"embeddable":true,"href":"https:\/\/mm.group\/de\/wp-json\/wp\/v2\/users\/1"}],"replies":[{"embeddable":true,"href":"https:\/\/mm.group\/de\/wp-json\/wp\/v2\/comments?post=17630"}],"version-history":[{"count":1,"href":"https:\/\/mm.group\/de\/wp-json\/wp\/v2\/pages\/17630\/revisions"}],"predecessor-version":[{"id":76083,"href":"https:\/\/mm.group\/de\/wp-json\/wp\/v2\/pages\/17630\/revisions\/76083"}],"up":[{"embeddable":true,"href":"https:\/\/mm.group\/de\/wp-json\/wp\/v2\/pages\/17634"}],"wp:attachment":[{"href":"https:\/\/mm.group\/de\/wp-json\/wp\/v2\/media?parent=17630"}],"wp:term":[{"taxonomy":"page-category","embeddable":true,"href":"https:\/\/mm.group\/de\/wp-json\/wp\/v2\/page-category?post=17630"}],"curies":[{"name":"wp","href":"https:\/\/api.w.org\/{rel}","templated":true}]}}