{"id":17633,"date":"2024-08-08T12:52:14","date_gmt":"2024-08-08T10:52:14","guid":{"rendered":"https:\/\/mm-live.digilicious.cloud\/packaging\/innovation\/trends\/"},"modified":"2025-06-16T12:50:02","modified_gmt":"2025-06-16T10:50:02","slug":"innovationstrends","status":"publish","type":"page","link":"https:\/\/mm.group\/de\/packaging\/innovationen\/innovationstrends\/","title":{"rendered":"Innovationstrends"},"content":{"rendered":"<section id=\"block_64f22eb03f36a97141a579f840a43f4d\" data-block_64f22eb03f36a97141a579f840a43f4d class=\"hero-page align superlight-pink  container-bg  page-subchild\">\n  <div class=\"container-big\">\n    <div class=\"container\">\n      <div class=\"col-info\">\n                                  <h1 class=\"title mb-2\">Innovationstrends<\/h1>\n                          <div class=\"text\"><p>Durch das tiefgreifende Verst\u00e4ndnis der Trends in jedem Marktsegment sind wir in der Lage, die spezifischen Bed\u00fcrfnisse unserer Kunden gezielt zu unterst\u00fctzen.<\/p>\n<\/div>\n                      <\/div>\n    <\/div>\n    <div class=\"col-imgs  patterns-full \">\n              <picture class=\"patterns\">\n          <source media=\"(min-width:1280px)\" srcset=\"https:\/\/mm.group\/wp-content\/uploads\/hero-page-pattern-packaging-default-noimage-bigdesktop-2.svg\">\n          <source media=\"(min-width:768px)\" srcset=\"https:\/\/mm.group\/wp-content\/uploads\/hero-page-pattern-packaging-default-noimage-smalldesktop-2.svg\">\n          <img fetchpriority=\"high\" src=\"https:\/\/mm.group\/wp-content\/uploads\/hero-page-pattern-packaging-default-noimage-mobile-2.svg\" alt=\"\" width=\"776\" height=\"310\" loading=\"eager\" decoding=\"async\" >\n        <\/picture>      \n                <\/div>\n  <\/div>\n<\/section>\n<section class=\"section-breadcrumb container-bg\">\n        <div class=\"container\">\n            <nav aria-label=\"breadcrumbs\" class=\"rank-math-breadcrumb\"><p><a href=\"https:\/\/mm.group\/de\/\">MM Group<\/a><span class=\"separator\"> \/ <\/span><a href=\"https:\/\/mm.group\/de\/wp-json\/\">Wp Json<\/a><span class=\"separator\"> \/ <\/span><a href=\"https:\/\/mm.group\/de\/wp-json\/wp\/\">Wp<\/a><span class=\"separator\"> \/ <\/span><a href=\"https:\/\/mm.group\/de\/wp-json\/wp\/v2\/\">V2<\/a><span class=\"separator\"> \/ <\/span><a href=\"https:\/\/mm.group\/de\/wp-json\/wp\/v2\/pages\/\">Pages<\/a><span class=\"separator\"> \/ <\/span><span class=\"last\">17633<\/span><\/p><\/nav>    \n        <\/div>\n    <\/section>\n\n\n<section id=\"block_61f98082d3352fe8c6c87679a1550a16\" data-block_61f98082d3352fe8c6c87679a1550a16 class=\"image align transparent  container-bg  relative block w-full overflow-hidden py-10\">\n  <div class=\"container\">\n    <div class=\"section-info mb-10 max-w-[833px] \">\n                    <div class=\"pretitle accent-color mb-3\">Innovationstrends<\/div>\n                            <h2 class=\"title mb-4\">Wie wir Trends nutzen, um Innovationen zu f\u00f6rdern<\/h2>\n                            <div class=\"section_text \"><p>Bei MM arbeiten wir eng mit unserem Market Intelligence-Team zusammen, um die neuesten Trends in den Marktsegmenten zu analysieren, die wir abdecken.<\/p>\n<p>Durch unseren Zugang zu Plattformen wie GlobalData und IQVIA untersuchen wir Megatrends sowie aktuelle und zuk\u00fcnftige Verbrauchertrends und setzen diese Erkenntnisse in die neuesten Verpackungstrends f\u00fcr jedes Marktsegment um. Diese Grundlage erm\u00f6glicht es uns, den Fokus unserer Innovationsarbeit zu definieren und stets einen Schritt voraus zu sein.<\/p>\n<p>Ein Beispiel daf\u00fcr ist der MM Innovation Team Trendconnector \u2013 ein einfaches Werkzeug, das Megatrends in spezifische Verpackungsanforderungen \u00fcbersetzt.<\/p>\n<p>In Zusammenarbeit mit unserem Innovationszentrum in Hamburg sowie unseren globalen Innovationsteams entwickeln wir kontinuierlich neue, innovative L\u00f6sungen, um Ihre aktuellen sowie zuk\u00fcnftigen Anforderungen zu erf\u00fcllen.<\/p>\n<\/div>\n                \n            <\/div>\n  <\/div>\n  <div class=\" container \">\n                <img src=\"https:\/\/mm.group\/wp-content\/uploads\/packaging-innovation-trends-2.webp\" alt=\"\" width=\"1252\" height=\"638\" loading=\"lazy\" decoding=\"async\" class=\"mx-auto block\">\n          <\/div>\n<\/section>\n\n<section id=\"block_f64801c5b9b3aeb71ecbb3f126d7008f\" data-block_f64801c5b9b3aeb71ecbb3f126d7008f class=\"separator-w-icon align white position-right  container-bg  \">\n  <div class=\"container\">\n    <div class=\"inner relative\" data-aos=\"fade-up\" data-aos-duration=\"1000\">\n      <picture>\n                  <source media=\"(min-width: 1024px)\" srcset=\"https:\/\/mm.group\/wp-content\/uploads\/Group-1000004977-2.png\">\n                <img src=\"https:\/\/mm.group\/wp-content\/uploads\/Group-1000004977-2.png\" alt=\"\" width=\"300\" height=\"200\" loading=\"lazy\" decoding=\"async\" class=\"bg-image\">\n    <\/picture>\n    <\/div>\n  <\/div>\n<\/section>\n\n<section id=\"block_602c48a928ab523611f5c34f243bb494\" data-block_602c48a928ab523611f5c34f243bb494\n    class=\"banner-cta-full align    dark-pink  container-bg\"\n        >\n    <div class=\"container\">\n                    <div class=\"section-info mb-10 max-w-[833px]\">\n                                                    <h2 class=\"title mb-4\">Brauchen Sie Hilfe?<\/h2>\n                                            <\/div>\n                            <div class=\"banner-links\">\n                                                                                                    <a class=\"btn  btn-primary \"\n                            href=\"https:\/\/mm.group\/de\/kontakt\/\" target=\"\">\n                            <span>\n                                Kontaktieren Sie uns\n                                                            <\/span>\n                        <\/a>\n                                                                    <\/div>\n            <\/div>\n<\/section>\n","protected":false},"excerpt":{"rendered":"","protected":false},"author":1,"featured_media":0,"parent":17613,"menu_order":0,"comment_status":"closed","ping_status":"closed","template":"","meta":{"_acf_changed":false,"inline_featured_image":false,"footnotes":""},"page-category":[],"class_list":["post-17633","page","type-page","status-publish","hentry"],"acf":[],"_links":{"self":[{"href":"https:\/\/mm.group\/de\/wp-json\/wp\/v2\/pages\/17633","targetHints":{"allow":["GET"]}}],"collection":[{"href":"https:\/\/mm.group\/de\/wp-json\/wp\/v2\/pages"}],"about":[{"href":"https:\/\/mm.group\/de\/wp-json\/wp\/v2\/types\/page"}],"author":[{"embeddable":true,"href":"https:\/\/mm.group\/de\/wp-json\/wp\/v2\/users\/1"}],"replies":[{"embeddable":true,"href":"https:\/\/mm.group\/de\/wp-json\/wp\/v2\/comments?post=17633"}],"version-history":[{"count":1,"href":"https:\/\/mm.group\/de\/wp-json\/wp\/v2\/pages\/17633\/revisions"}],"predecessor-version":[{"id":45513,"href":"https:\/\/mm.group\/de\/wp-json\/wp\/v2\/pages\/17633\/revisions\/45513"}],"up":[{"embeddable":true,"href":"https:\/\/mm.group\/de\/wp-json\/wp\/v2\/pages\/17613"}],"wp:attachment":[{"href":"https:\/\/mm.group\/de\/wp-json\/wp\/v2\/media?parent=17633"}],"wp:term":[{"taxonomy":"page-category","embeddable":true,"href":"https:\/\/mm.group\/de\/wp-json\/wp\/v2\/page-category?post=17633"}],"curies":[{"name":"wp","href":"https:\/\/api.w.org\/{rel}","templated":true}]}}