{"id":17636,"date":"2024-08-15T13:18:09","date_gmt":"2024-08-15T11:18:09","guid":{"rendered":"https:\/\/mm-live.digilicious.cloud\/packaging\/innovation\/innovative-solutions\/fs-innovation\/"},"modified":"2024-10-29T11:16:42","modified_gmt":"2024-10-29T10:16:42","slug":"food-and-beverages","status":"publish","type":"page","link":"https:\/\/mm.group\/de\/packaging\/innovationen\/innovative-losungen\/food-and-beverages\/","title":{"rendered":"Food &amp; Beverages Innovation"},"content":{"rendered":"<section id=\"block_d6e8fd9c7218347038f3fffdb4abb27a\" data-block_d6e8fd9c7218347038f3fffdb4abb27a class=\"hero-page align superlight-pink  container-bg  page-subchild\">\n  <div class=\"container-big\">\n    <div class=\"container\">\n      <div class=\"col-info\">\n                                  <h1 class=\"title mb-2\">Innovation f\u00fcr Essen &#038; Getr\u00e4nke<\/h1>\n                          <div class=\"text\"><p>Nachhaltige und benutzerfreundliche Verpackungen, die sowohl die Anforderungen der Industrie als auch die W\u00fcnsche der Endverbraucher erf\u00fcllen.<\/p>\n<\/div>\n                      <\/div>\n    <\/div>\n    <div class=\"col-imgs  patterns-full \">\n              <picture class=\"patterns\">\n          <source media=\"(min-width:1280px)\" srcset=\"https:\/\/mm.group\/wp-content\/uploads\/header-pattern-full-red-v1-desktop.svg\">\n          <source media=\"(min-width:768px)\" srcset=\"https:\/\/mm.group\/wp-content\/uploads\/header-pattern-full-red-v1-tablet.svg\">\n          <img fetchpriority=\"high\" src=\"https:\/\/mm.group\/wp-content\/uploads\/header-pattern-full-red-v1-mobile.svg\" alt=\"\" width=\"640\" height=\"256\" loading=\"eager\" decoding=\"async\" >\n        <\/picture>      \n                <\/div>\n  <\/div>\n<\/section>\n<section class=\"section-breadcrumb container-bg\">\n        <div class=\"container\">\n            <nav aria-label=\"breadcrumbs\" class=\"rank-math-breadcrumb\"><p><a href=\"https:\/\/mm.group\/de\/\">MM Group<\/a><span class=\"separator\"> \/ <\/span><a href=\"https:\/\/mm.group\/de\/wp-json\/\">Wp Json<\/a><span class=\"separator\"> \/ <\/span><a href=\"https:\/\/mm.group\/de\/wp-json\/wp\/\">Wp<\/a><span class=\"separator\"> \/ <\/span><a href=\"https:\/\/mm.group\/de\/wp-json\/wp\/v2\/\">V2<\/a><span class=\"separator\"> \/ <\/span><a href=\"https:\/\/mm.group\/de\/wp-json\/wp\/v2\/pages\/\">Pages<\/a><span class=\"separator\"> \/ <\/span><span class=\"last\">17636<\/span><\/p><\/nav>    \n        <\/div>\n    <\/section>\n\n\n<section id=\"features\" data-features\n    class=\"banner-xl align white  container-bg  \">\n    <div class=\"container\">\n            <\/div>\n    <div class=\"container container-wrapper  reverse \">\n                    <div class=\"col-image\">\n                <div class=\"swiper\">\n                    <div class=\"swiper-wrapper\">\n                                                                                                            <div class=\"swiper-slide \">\n                                                                    <img decoding=\"async\" loading=\"lazy\" width=\"1024\" height=\"1024\"\n                                        src=\"https:\/\/mm.group\/wp-content\/uploads\/header-background-Packaging_Greenpeel-desktop.webp\" alt=\"GreenPeel\"\n                                        >\n                                                            <\/div>\n                                            <\/div>\n                <\/div>\n            <\/div> <!-- Cierre de la col-image -->\n            <div class=\"col-content\">\n                                <div class=\"swiper-container\">\n                    <div class=\"swiper\">\n                        <div class=\"swiper-wrapper\">\n                                                                                             <div class=\"swiper-slide\">\n                                    <div class=\"banner-info-content\"  data-aos=\"fade-up\" data-aos-duration=\"1000\">\n                                                                                    <div class=\"pretitle mb-[11px] accent-color\">Innovation f\u00fcr Essen &#038; Getr\u00e4nke<\/div>\n                                                                                                                            <h2\n                                                class=\"mb-4  title \">\n                                                Greenpeel<\/h2>\n                                                                                                                            <div class=\"banner_text custom-list\"><p>Unsere Verpackungen aus Recyclingkarton, Frischfaser, Kraftpapier sowie PP\/EVOH\/PP (f\u00fcr Mikrowellenanwendungen) oder PE\/EVOH\/PE-Kunststofffolie bieten vielseitige Anwendungen f\u00fcr Fertiggerichte, Snacks, Fleisch und Fisch.<\/p>\n<ul>\n<li>Vielseitige Formate (z. B. B5\/6) und ma\u00dfgeschneiderte L\u00f6sungen wie H mini 20 mm<\/li>\n<li>Direkt bedruckbar auf beiden Seiten<\/li>\n<li>Hermetische Abdichtung mit durchgehend flachem Rand<\/li>\n<li>Lebensmittelecht \u2013 modifizierte Atmosph\u00e4re, Skinpack<\/li>\n<li>Leicht abziehbarer Liner<\/li>\n<li>Mindestens 80 % weniger Plastik pro Schale<\/li>\n<\/ul>\n<p>Setzen Sie auf unsere umweltfreundlichen Verpackungen und leisten Sie Ihren Beitrag zu einer nachhaltigeren Zukunft.<\/p>\n<\/div>\n                                                                                                                                                                    <div class=\"mt-9 mb-3\">\n                                                <a class=\"btn btn-secondary\" href=\"https:\/\/mm.group\/de\/packaging\/produkte\/greenpeel\/\"\n                                                    target=\"\">\n                                                    <span>\n                                                        Mehr erfahren\n                                                                                                            <\/span>\n                                                <\/a>\n                                            <\/div>\n                                                                            <\/div>\n                                <\/div>\n                                                    <\/div>\n                    <\/div>\n                                    <\/div>\n            <\/div>\n            <\/div>\n<\/section>\n\n\n<section id=\"block_16a65bbd4aa0216ffe1ed58f539718e1\" data-block_16a65bbd4aa0216ffe1ed58f539718e1\n    class=\"banner-xl align light-pink  container-bg  \">\n    <div class=\"container\">\n            <\/div>\n    <div class=\"container container-wrapper \">\n                    <div class=\"col-image\">\n                <div class=\"swiper\">\n                    <div class=\"swiper-wrapper\">\n                                                                                                            <div class=\"swiper-slide \">\n                                                                    <img decoding=\"async\" loading=\"lazy\" width=\"1024\" height=\"1024\"\n                                        src=\"https:\/\/mm.group\/wp-content\/uploads\/Packaging_Fruit-and-vegetables_-1024x1024-1.jpg\" alt=\"\"\n                                        >\n                                                            <\/div>\n                                            <\/div>\n                <\/div>\n            <\/div> <!-- Cierre de la col-image -->\n            <div class=\"col-content\">\n                                <div class=\"swiper-container\">\n                    <div class=\"swiper\">\n                        <div class=\"swiper-wrapper\">\n                                                                                             <div class=\"swiper-slide\">\n                                    <div class=\"banner-info-content\"  data-aos=\"fade-up\" data-aos-duration=\"1000\">\n                                                                                    <div class=\"pretitle mb-[11px] accent-color\">Innovation f\u00fcr Essen &#038; Getr\u00e4nke<\/div>\n                                                                                                                            <h2\n                                                class=\"mb-4  title \">\n                                                Obst \u2013 und Gem\u00fcseverpackungen<\/h2>\n                                                                                                                            <div class=\"banner_text custom-list\"><p>Jeder Kunde ist einzigartig \u2013 genau wie die Verpackungsl\u00f6sungen, die er w\u00e4hlt. Wenn es um Obst und Gem\u00fcse geht, erwarten die Kunden zu Recht nachhaltige und recycelbare Verpackungsl\u00f6sungen. Die Verpackung muss an die \u00e4u\u00dferst spezifischen Anforderungen des Produkts angepasst werden. Die Umstellung auf nachhaltige Verpackungen ist jetzt einfacher geworden: MM Packaging unterst\u00fctzt sie mit ausgekl\u00fcgelten Faltschachtell\u00f6sungen, die schnell und einfach an das Produkt sowie an die W\u00fcnsche des Kunden angepasst werden k\u00f6nnen.<\/p>\n<\/div>\n                                                                                                                                                                    <div class=\"mt-9 mb-3\">\n                                                <a class=\"btn btn-secondary\" href=\"https:\/\/mm.group\/de\/packaging\/produkte\/obst-gemueseverpackungen\/\"\n                                                    target=\"\">\n                                                    <span>\n                                                        Mehr erfahren\n                                                                                                            <\/span>\n                                                <\/a>\n                                            <\/div>\n                                                                            <\/div>\n                                <\/div>\n                                                    <\/div>\n                    <\/div>\n                                    <\/div>\n            <\/div>\n            <\/div>\n<\/section>\n\n\n<section id=\"block_3dcd8ed3c8d39d220e447467f969a912\" data-block_3dcd8ed3c8d39d220e447467f969a912\n    class=\"banner-xl align transparent  container-bg  \">\n    <div class=\"container\">\n            <\/div>\n    <div class=\"container container-wrapper  reverse \">\n                    <div class=\"col-image\">\n                <div class=\"swiper\">\n                    <div class=\"swiper-wrapper\">\n                                                                                                            <div class=\"swiper-slide \">\n                                                                    <img decoding=\"async\" loading=\"lazy\" width=\"1024\" height=\"1024\"\n                                        src=\"https:\/\/mm.group\/wp-content\/uploads\/Packaging_Beverage-multipack_1024x1024.jpg\" alt=\"Verpackung Getr\u00e4nke-Multipack\"\n                                        >\n                                                            <\/div>\n                                            <\/div>\n                <\/div>\n            <\/div> <!-- Cierre de la col-image -->\n            <div class=\"col-content\">\n                                <div class=\"swiper-container\">\n                    <div class=\"swiper\">\n                        <div class=\"swiper-wrapper\">\n                                                                                             <div class=\"swiper-slide\">\n                                    <div class=\"banner-info-content\"  data-aos=\"fade-up\" data-aos-duration=\"1000\">\n                                                                                    <div class=\"pretitle mb-[11px] accent-color\">Innovation f\u00fcr Essen &#038; Getr\u00e4nke<\/div>\n                                                                                                                            <h2\n                                                class=\"mb-4  title \">\n                                                Getr\u00e4nke-Multipack<\/h2>\n                                                                                                                            <div class=\"banner_text custom-list\"><p>MM PACKAGING \u2013 VERPACKUNGEN AUF FASERBASIS F\u00dcR DEN GETR\u00c4NKEMARKT<\/p>\n<p>MM Packaging bietet eine Reihe innovativer Faltschachtell\u00f6sungen, die an die spezifischen Bed\u00fcrfnisse verschiedener Produkte und Kunden angepasst werden k\u00f6nnen. Unsere Faltschachtel-L\u00f6sungen wurden mit Blick auf Funktionalit\u00e4t, jedoch auch auf Eleganz konzipiert, samt Optionen f\u00fcr verschiedene Gr\u00f6\u00dfen, Formen und Zwecke.<\/p>\n<p>Jeder Kunde ist einzigartig \u2013 genau wie die Verpackungsl\u00f6sungen, die er w\u00e4hlt. Wenn es um Getr\u00e4nke geht, m\u00fcssen unsere Kunden den Geschmack und die Bed\u00fcrfnisse eines vielf\u00e4ltigen Marktes mit seinen unterschiedlichen Marken und einer anspruchsvollen Kundschaft erf\u00fcllen.<\/p>\n<p>Die Verpackung muss an die \u00e4u\u00dferst spezifischen Anforderungen des jeweiligen Produkts angepasst werden. Die Umstellung auf nachhaltige Verpackungen ist jetzt Realit\u00e4t geworden, und das ohne auf die vielen ausgepr\u00e4gten raffinierten Elemente und hochwertigen Veredelungseffekte verzichten zu m\u00fcssen. Ganz wie vom Verbraucher erwartet.<\/p>\n<p>\u00dcber uns Unsere spezialisierten internen Designteams erarbeiten ma\u00dfgeschneiderte L\u00f6sungen, um die individuellen Anforderungen der Kunden zu erf\u00fcllen.<\/p>\n<\/div>\n                                                                                                                                                                    <div class=\"mt-9 mb-3\">\n                                                <a class=\"btn btn-secondary\" href=\"https:\/\/mm.group\/de\/packaging\/produkte\/getraenke-multipack\/\"\n                                                    target=\"\">\n                                                    <span>\n                                                        Mehr erfahren\n                                                                                                            <\/span>\n                                                <\/a>\n                                            <\/div>\n                                                                            <\/div>\n                                <\/div>\n                                                    <\/div>\n                    <\/div>\n                                    <\/div>\n            <\/div>\n            <\/div>\n<\/section>\n\n\n<section id=\"block_14236a4e6f7e313d631dd7a6ae8b6691\" data-block_14236a4e6f7e313d631dd7a6ae8b6691 class=\"separator-w-icon align white position-right  container-bg  \">\n  <div class=\"container\">\n    <div class=\"inner relative\" data-aos=\"fade-up\" data-aos-duration=\"1000\">\n      <picture>\n                  <source media=\"(min-width: 1024px)\" srcset=\"https:\/\/mm.group\/wp-content\/uploads\/Group-1000004977-2.png\">\n                <img src=\"https:\/\/mm.group\/wp-content\/uploads\/Group-1000004977-2.png\" alt=\"\" width=\"300\" height=\"200\" loading=\"lazy\" decoding=\"async\" class=\"bg-image\">\n    <\/picture>\n    <\/div>\n  <\/div>\n<\/section>\n\n<section id=\"block_21c48e05deb74fccdf225d602f5a403a\" data-block_21c48e05deb74fccdf225d602f5a403a\n    class=\"banner-cta-full align    dark-pink  container-bg\"\n        >\n    <div class=\"container\">\n                    <div class=\"section-info mb-10 max-w-[833px]\">\n                                                    <h2 class=\"title mb-4\">Brauchen Sie Hilfe?<\/h2>\n                                            <\/div>\n                            <div class=\"banner-links\">\n                                                                                                    <a class=\"btn  btn-primary \"\n                            href=\"https:\/\/mm.group\/de\/kontakt\/\" target=\"\">\n                            <span>\n                                Kontaktieren Sie uns\n                                                            <\/span>\n                        <\/a>\n                                                                    <\/div>\n            <\/div>\n<\/section>\n","protected":false},"excerpt":{"rendered":"","protected":false},"author":1,"featured_media":0,"parent":17634,"menu_order":0,"comment_status":"closed","ping_status":"closed","template":"","meta":{"_acf_changed":false,"inline_featured_image":false,"footnotes":""},"page-category":[],"class_list":["post-17636","page","type-page","status-publish","hentry"],"acf":[],"_links":{"self":[{"href":"https:\/\/mm.group\/de\/wp-json\/wp\/v2\/pages\/17636","targetHints":{"allow":["GET"]}}],"collection":[{"href":"https:\/\/mm.group\/de\/wp-json\/wp\/v2\/pages"}],"about":[{"href":"https:\/\/mm.group\/de\/wp-json\/wp\/v2\/types\/page"}],"author":[{"embeddable":true,"href":"https:\/\/mm.group\/de\/wp-json\/wp\/v2\/users\/1"}],"replies":[{"embeddable":true,"href":"https:\/\/mm.group\/de\/wp-json\/wp\/v2\/comments?post=17636"}],"version-history":[{"count":1,"href":"https:\/\/mm.group\/de\/wp-json\/wp\/v2\/pages\/17636\/revisions"}],"predecessor-version":[{"id":30431,"href":"https:\/\/mm.group\/de\/wp-json\/wp\/v2\/pages\/17636\/revisions\/30431"}],"up":[{"embeddable":true,"href":"https:\/\/mm.group\/de\/wp-json\/wp\/v2\/pages\/17634"}],"wp:attachment":[{"href":"https:\/\/mm.group\/de\/wp-json\/wp\/v2\/media?parent=17636"}],"wp:term":[{"taxonomy":"page-category","embeddable":true,"href":"https:\/\/mm.group\/de\/wp-json\/wp\/v2\/page-category?post=17636"}],"curies":[{"name":"wp","href":"https:\/\/api.w.org\/{rel}","templated":true}]}}