{"id":18018,"date":"2024-05-08T11:16:02","date_gmt":"2024-05-08T09:16:02","guid":{"rendered":"https:\/\/mm-live.digilicious.cloud\/imprint\/"},"modified":"2026-02-18T08:46:45","modified_gmt":"2026-02-18T07:46:45","slug":"impressum","status":"publish","type":"page","link":"https:\/\/mm.group\/de\/impressum\/","title":{"rendered":"Impressum"},"content":{"rendered":"<section id=\"block_567aaec1d7e74cb245fb93193e28d2de\" data-block_567aaec1d7e74cb245fb93193e28d2de class=\"hero-page align darker-green  container-bg  page-parent\">\n  <div class=\"container-big\">\n    <div class=\"container\">\n      <div class=\"col-info\">\n                                  <h1 class=\"title mb-2\">Impressum &#038; rechtlicher Hinweis<\/h1>\n                                  <div class=\"mt-4\">\n            <a class=\"btn btn-secondary\" href=\"https:\/\/mm.group\/wp-content\/uploads\/Impressum-MM-Karton-AG-v2.0_02.09.2024-de.pdf\" target=\"_blank\">\n              <span>\n                Mehr erfahren\n                              <\/span>\n            <\/a>\n          <\/div>\n              <\/div>\n    <\/div>\n    <div class=\"col-imgs  patterns-full \">\n              <picture class=\"patterns\">\n          <source media=\"(min-width:1280px)\" srcset=\"https:\/\/mm.group\/wp-content\/uploads\/header-pattern-full-desktop-1-2.webp\">\n          <source media=\"(min-width:768px)\" srcset=\"https:\/\/mm.group\/wp-content\/uploads\/header-pattern-full-tablet-3.svg\">\n          <img src=\"https:\/\/mm.group\/wp-content\/uploads\/header-pattern-full-mobile-2.svg\" alt=\"\" width=\"1\" height=\"1\" loading=\"eager\" decoding=\"async\" >\n        <\/picture>      \n                <\/div>\n  <\/div>\n<\/section>\n<section class=\"section-breadcrumb container-bg\">\n        <div class=\"container\">\n            <nav aria-label=\"breadcrumbs\" class=\"rank-math-breadcrumb\"><p><a href=\"https:\/\/mm.group\/de\/\">MM Group<\/a><span class=\"separator\"> \/ <\/span><a href=\"https:\/\/mm.group\/de\/wp-json\/\">Wp Json<\/a><span class=\"separator\"> \/ <\/span><a href=\"https:\/\/mm.group\/de\/wp-json\/wp\/\">Wp<\/a><span class=\"separator\"> \/ <\/span><a href=\"https:\/\/mm.group\/de\/wp-json\/wp\/v2\/\">V2<\/a><span class=\"separator\"> \/ <\/span><a href=\"https:\/\/mm.group\/de\/wp-json\/wp\/v2\/pages\/\">Pages<\/a><span class=\"separator\"> \/ <\/span><span class=\"last\">18018<\/span><\/p><\/nav>    \n        <\/div>\n    <\/section>\n\n\n<section id=\"block_46c9ed8ecd72b2bd4ded0a49d4fdbe01\" data-block_46c9ed8ecd72b2bd4ded0a49d4fdbe01 class=\"basic-info align transparent  container-bg  \">\n  <div class=\"container\">\n    <div class=\"info_wrapper\" data-aos=\"fade-up\" data-aos-duration=\"1000\">\n                    <div class=\"basic_text title-small\"><p>Offenlegung gem\u00e4\u00df \u00a7\u00a7 24 und 25 Mediengesetz sowie Informationen gem\u00e4\u00df \u00a7 5 E-Commerce-Gesetz<\/p>\n<\/div>\n                <\/div>\n  <\/div>\n<\/section>\n\n<section id=\"block_cb03306f1a37b0be38e1b5815fd77301\" data-block_cb03306f1a37b0be38e1b5815fd77301 class=\"content-basic align transparent  container-bg \">\n  <div class=\"container\">\n    <div class=\"info_basic \">\n      <div class=\"section-info mb-10 max-w-[833px] \">\n                    <div class=\"pretitle accent-color mb-3\">Medieninhaber, Herausgeber und Hersteller<\/div>\n                                    <div class=\"section_text \"><p>Mayr-Melnhof Karton Aktiengesellschaft<br \/>\nBrahmsplatz 6<br \/>\nA-1040 Wien<br \/>\nTelefon: +43 (0)1 501 36 &#8211; 0<br \/>\nTelefax: +43 (0)1 501 36 &#8211; 91016<br \/>\nE-Mail: <a href=\"mailto:marketing@mm.group\">marketing@mm.group<\/a><\/p>\n<p>&nbsp;<\/p>\n<p>Firmenbuch-Nr.: FN81906a, Handelsgericht Wien<br \/>\nUmsatzsteuer-Identifikationsnummer: ATU37090205<br \/>\nMitglied der Wirtschaftskammer \u00d6sterreich<\/p>\n<p>&nbsp;<\/p>\n<p>Zust\u00e4ndige Aufsichtsbeh\u00f6rde: Finanzmarkaufsicht (FMA)<\/p>\n<p>&nbsp;<\/p>\n<p>Die Mayr-Melnhof Karton Aktiengesellschaft unterliegt insbesondere dem Aktiengesetz, dem Unternehmensgesetzbuch, der Gewerbeordnung sowie dem E-Commerce-Gesetz: <a href=\"http:\/\/www.ris.bka.gv.at\" target=\"_blank\" rel=\"noopener nofollow\">www.ris.bka.gv.at<\/a><\/p>\n<\/div>\n                \n            <\/div>\n    <\/div>\n  <\/div>\n<\/section>\n\n<section id=\"block_a1ee14ede591b5474afb57edd77ea423\" data-block_a1ee14ede591b5474afb57edd77ea423 class=\"content-basic align transparent  container-bg \">\n  <div class=\"container\">\n    <div class=\"info_basic \">\n      <div class=\"section-info mb-10 max-w-[833px] \">\n                    <div class=\"pretitle accent-color mb-3\">Vorstand<\/div>\n                                    <div class=\"section_text \"><p>MMag. Peter Oswald (Vorsitzender des Vorstandes, CEO)<br \/>\nMag. Franz Hiesinger (Mitglied des Vorstands, CFO)<br \/>\nMag. Roman Billiani (Mitglied des Vorstands)<\/p>\n<\/div>\n                \n            <\/div>\n    <\/div>\n  <\/div>\n<\/section>\n\n<section id=\"block_b17d7808789abd50ba809dbc12e4c128\" data-block_b17d7808789abd50ba809dbc12e4c128 class=\"content-basic align transparent  container-bg \">\n  <div class=\"container\">\n    <div class=\"info_basic \">\n      <div class=\"section-info mb-10 max-w-[833px] \">\n                    <div class=\"pretitle accent-color mb-3\">Unternehmensgegenstand<\/div>\n                                    <div class=\"section_text \"><p>Der Erwerb, die Errichtung und die Verwaltung von der Produktion und dem Handel gewidmeten Verm\u00f6genschaften und die Aus\u00fcbung der mit dem Eigentum hieran verbundenen Rechte und Pflichten. Die Herstellung und der Vertrieb von Karton und Verpackungen sowie alle im Zusammenhang stehenden Gesch\u00e4fte. Die Aus\u00fcbung von Konzernleitungsfunktionen. Der Erwerb, die Verwaltung und die Ver\u00e4u\u00dferung von Beteiligungen an Unternehmen aller Art und jeder Rechtsform im In- und Ausland. Die Gesellschaft ist zu allen Gesch\u00e4ften und Ma\u00dfnahmen berechtigt, die in diesem Zusammenhang notwendig oder n\u00fctzlich sind, insbesondere zum Erwerb von Liegenschaften, zur Errichtung von Zweigniederlassungen und Tochtergesellschaften, zur g\u00e4nzlichen oder teilweisen Ausgliederung oder \u00dcberlassung von Betrieben an verbundene Unternehmen sowie zum Abschluss von Betriebsf\u00fchrungs- und Betriebs\u00fcberlassungsvertr\u00e4gen, Betriebspachtvertr\u00e4gen, Kooperationsvertr\u00e4gen, Know How-\u00dcberlassungsvertr\u00e4gen und Joint Venture-Vertr\u00e4gen sowie sonstigen Unternehmensvertr\u00e4gen, jeweils im In- und Ausland. Sie kann sich auf die Verwaltung von Beteiligungen beschr\u00e4nken.<\/p>\n<\/div>\n                \n            <\/div>\n    <\/div>\n  <\/div>\n<\/section>\n\n<section id=\"block_1a76d51cf3c1677c61220e14fe5c3808\" data-block_1a76d51cf3c1677c61220e14fe5c3808 class=\"content-basic align transparent  container-bg \">\n  <div class=\"container\">\n    <div class=\"info_basic \">\n      <div class=\"section-info mb-10 max-w-[833px] \">\n                    <div class=\"pretitle accent-color mb-3\">Rechtlicher Hinweis<\/div>\n                                    <div class=\"section_text \"><p>Die Informationen auf dieser Webseite wurden mit gr\u00f6\u00dftm\u00f6glicher Sorgfalt zusammengestellt und werden diese laufend hinsichtlich Aktualit\u00e4t, Vollst\u00e4ndigkeit und Richtigkeit \u00fcberarbeitet. Dennoch kann es zu unbeabsichtigten und zuf\u00e4lligen Fehlern gekommen sein, f\u00fcr die wir uns entschuldigen. Die Mayr-Melnhof Karton Aktiengesellschaft schlie\u00dft jegliche Haftung und Gew\u00e4hrleistung f\u00fcr die auf dieser Webseite zur Verf\u00fcgung gestellten Informationen und f\u00fcr m\u00f6gliche Folgen, die aus der Nutzung der Information resultieren, aus. Die Mayr-Melnhof Karton Aktiengesellschaft gibt keine Zusicherung hinsichtlich Aktualit\u00e4t, Richtigkeit, Vollst\u00e4ndigkeit, Zuverl\u00e4ssigkeit, Verf\u00fcgbarkeit und Eignung der auf der Webseite befindlichen Inhalte.<\/p>\n<p>Dies gilt insbesondere auch f\u00fcr Webseiten, die \u00fcber elektronische Verweise (\u201eHyperlinks\u201c) zug\u00e4ngig sind und nicht von der Mayr-Melnhof Karton Aktiengesellschaft betrieben werden. Die Mayr-Melnhof Karton Aktiengesellschaft erkl\u00e4rt ausdr\u00fccklich, dass sie keinerlei Einfluss auf die Gestaltung und die Inhalte solcher gelinkten Seiten hat. Deshalb distanziert sich die Mayr-Melnhof Karton Aktiengesellschaft ausdr\u00fccklich von s\u00e4mtlichen Inhalten der auf dieser Webseite gelinkten Seiten und macht sich diese Inhalte nicht zu eigen.<\/p>\n<p>Die Gesellschaft beh\u00e4lt sich das Recht vor, \u00c4nderungen und Erg\u00e4nzungen der bereitgestellten Information ohne vorherige Ank\u00fcndigung durchzuf\u00fchren. Solche \u00c4nderungen und Erg\u00e4nzungen treten mit sofortiger Wirkung in Kraft. Entscheidungen des Besuchers der Webseite auf Basis der Informationen, die auf dieser enthalten sind, liegen ausschlie\u00dflich in dessen Verantwortungsbereich.<\/p>\n<p>Die Mayr-Melnhof Karton Aktiengesellschaft lehnt jegliche Haftung f\u00fcr Sch\u00e4den, einschlie\u00dflich Folgesch\u00e4den, die im Zusammenhang mit der Nutzung der auf der Webseite bereitgestellten Informationen entstanden sind, ab. Der Inhalt dieser Webseite stellt insbesondere auch keine Aufforderung zum Kauf oder Handel mit Aktien oder ADR (American Depositary Receipts) der Mayr-Melnhof Karton Aktiengesellschaft dar. Kein Inhalt dieser Webseite darf als Beratung oder Abgabe einer Empfehlung f\u00fcr Anlagezwecke ausgelegt werden.<\/p>\n<p>Zukunftsgerichtete Aussagen, die auf dieser Webseite gemacht werden, stellen lediglich Ansichten der Mayr-Melnhof Karton Aktiengesellschaft zum Zeitpunkt der Ver\u00f6ffentlichung dar. Die tats\u00e4chlichen Ergebnisse k\u00f6nnen von den auf der Webseite get\u00e4tigten Aussagen variieren, weshalb sie Risiken und Unsicherheiten unterliegen, f\u00fcr die die Mayr-Melnhof Karton Aktiengesellschaft keinerlei Haftung \u00fcbernimmt.<\/p>\n<p>Die Mayr-Melnhof Karton Aktiengesellschaft \u00fcbernimmt au\u00dferdem keine Gew\u00e4hrleistung oder Garantie daf\u00fcr, dass die Webseite samt ihren Inhalten \u00fcberhaupt zur Verf\u00fcgung steht, es zu keinen Unterbrechungen des Betriebs der Webseite kommt, diese fehlerfrei funktioniert, Fehler behoben werden, oder dass die Webseite oder deren Hilfsmittel frei von Viren oder anderen gef\u00e4hrlichen Bestandteilen sind.<\/p>\n<p>Die Mayr-Melnhof Karton Aktiengesellschaft schlie\u00dft jegliche Haftung f\u00fcr Sch\u00e4den, welcher Art auch immer, aus der Bereitstellung der Webseite oder ihrer Hilfsmittel ausdr\u00fccklich aus, soweit dies gesetzlich zul\u00e4ssig ist.<\/p>\n<\/div>\n                \n            <\/div>\n    <\/div>\n  <\/div>\n<\/section>\n\n<section id=\"block_e420bfcef866eadaba60a33a7ff936ba\" data-block_e420bfcef866eadaba60a33a7ff936ba class=\"content-basic align transparent  container-bg \">\n  <div class=\"container\">\n    <div class=\"info_basic \">\n      <div class=\"section-info mb-10 max-w-[833px] \">\n                    <div class=\"pretitle accent-color mb-3\">Copyright<\/div>\n                                    <div class=\"section_text \"><p>Sofern nicht anders angegeben liegen die Verwertungsrechte am geistigen Eigentum aller auf der Webseite bereitgestellten Inhalte und der daf\u00fcr verwendeten Materialien bei der Mayr-Melnhof Karton Aktiengesellschaft. Dazu geh\u00f6ren insbesondere das Erscheinungsbild der Webseite und alle auf der Webseite zug\u00e4nglichen Dokumente, Texte, Bilder, Grafiken, Programmcodes etc. Bez\u00fcglich dieser Rechte, wie z. B. Eigentumsrechte, gewerbliche Schutzrechte, Urheberrechte etc., wird niemandem eine Lizenz oder ein sonstiges Recht einger\u00e4umt. Die Vervielf\u00e4ltigung der Inhalte und Dokumente ist nur f\u00fcr den pers\u00f6nlichen, nicht kommerziellen und informativen Gebrauch gestattet, wobei alle Kopien und Ausdrucke dieser Inhalte, sofern nichts anderes angegeben, die darauf angezeigten Urheberrechts-, Autoren- bzw. Eigentumshinweise sowie Haftungsausschl\u00fcsse tragen m\u00fcssen. Jede sonstige Vervielf\u00e4ltigung oder jeder sonstige Gebrauch ist ausdr\u00fccklich untersagt. Insbesondere die Verwendung jeglicher Kennzeichen (z. B. Marken, Logos) der Mayr-Melnhof Karton Aktiengesellschaft und ihrer verbundenen Unternehmen ohne vorherige ausdr\u00fcckliche Genehmigung ist ausdr\u00fccklich verboten. Nichts auf der Webseite ist als Gew\u00e4hrung von Rechten oder Lizenzen auszulegen, es sei denn, es wird ausdr\u00fccklich darauf hingewiesen. Weder die Webseite noch ihre Inhalte d\u00fcrfen ganz oder teilweise in irgendeiner Form ver\u00e4ndert oder kopiert werden. Die Einbindung der Webseite in andere Webseiten und das Einf\u00fcgen von elektronischen Verweisen (\u201eHyperlinks\u201c) zu dieser Webseite in anderen Webseiten (\u201eFraming\u201c) sowie andere Ver\u00f6ffentlichungen und die Erstellung abgeleiteter Werke ist ohne die ausdr\u00fcckliche vorherige schriftliche Genehmigung der Mayr-Melnhof Karton Aktiengesellschaft verboten.<\/p>\n<p>Es ist insbesondere untersagt, die auf der Webseite bereitgestellten Inhalte, Dokumente und Materialien f\u00fcr Zwecke des Anlernens bzw. Trainierens von Systemen k\u00fcnstlicher Intelligenz zu verwenden. Praktiken wie \u201eWeb Crawling\u201c, \u201eWeb Scraping\u201c, \u201eData Mining\u201c, \u201eText Mining\u201c etc. ohne Einholung der ausdr\u00fccklichen Autorisierung durch die Mayr-Melnhof Karton Aktiengesellschaft sind ausdr\u00fccklich untersagt (Nutzungsvorbehalt zum Text- und Data-Mining gem\u00e4\u00df \u00a7 42h Abs 6 Urheberrechtsgesetz).<\/p>\n<\/div>\n                \n            <\/div>\n    <\/div>\n  <\/div>\n<\/section>\n\n<section id=\"block_ca1ff3b8ff99b551420506bcfab52098\" data-block_ca1ff3b8ff99b551420506bcfab52098 class=\"content-basic align transparent  container-bg \">\n  <div class=\"container\">\n    <div class=\"info_basic \">\n      <div class=\"section-info mb-10 max-w-[833px] \">\n                    <div class=\"pretitle accent-color mb-3\">Kommunikation<\/div>\n                                    <div class=\"section_text \"><p>Wir m\u00f6chten Sie darauf aufmerksam machen, dass an uns gesendete E-Mails nur zu den Gesch\u00e4ftszeiten abgerufen werden.<\/p>\n<\/div>\n                \n            <\/div>\n    <\/div>\n  <\/div>\n<\/section>\n\n<section id=\"block_d866231aa65b77af639e966d6b0aab5e\" data-block_d866231aa65b77af639e966d6b0aab5e class=\"content-basic align transparent  container-bg \">\n  <div class=\"container\">\n    <div class=\"info_basic \">\n      <div class=\"section-info mb-10 max-w-[833px] \">\n                    <div class=\"pretitle accent-color mb-3\">Sonstiges<\/div>\n                                    <div class=\"section_text \"><p>Sollten einzelne der angef\u00fchrten Hinweise ung\u00fcltig, anfechtbar, rechtswidrig oder nicht durchsetzbar sein, so hat dieser Umstand keinen Einfluss auf die G\u00fcltigkeit, Rechtm\u00e4\u00dfigkeit und Durchsetzbarkeit der \u00fcbrigen Bestimmungen.<\/p>\n<p>Dieses Impressum und die rechtlichen Hinweise unterliegen dem \u00f6sterreichischen Recht unter Ausschluss der Kollisionsnormen und des UN-Kaufrechts. Der Gerichtsstand ist der Sitz der Mayr-Melnhof Karton Aktiengesellschaft.<\/p>\n<\/div>\n                \n            <\/div>\n    <\/div>\n  <\/div>\n<\/section>\n\n<section id=\"block_f83110682b6a24d573e1b73edcf73013\" data-block_f83110682b6a24d573e1b73edcf73013 class=\"button-centered align transparent  container-bg  relative pb-10 lg:pb-20 lg:-mt-10\">\n    <div class=\"container flex justify-center\">\n      <a class=\"btn  btn-primary \" href=\"https:\/\/mm.group\/wp-content\/uploads\/Impressum-MM-Karton-AG-v2.0_02.09.2024-de.pdf\" target=\"_blank\">\n        <span>\n          Mehr erfahren\n                      <svg width=\"20\" height=\"20\" viewBox=\"0 0 20 20\" fill=\"none\" xmlns=\"http:\/\/www.w3.org\/2000\/svg\">\n<path d=\"M17.9107 10.2096H0.375V9.78773H17.9107H18.9011L18.1591 9.13177L11.6132 3.34541L11.8926 3.02933L19.625 9.86453V10.1328L11.8926 16.968L11.6132 16.6519L18.1591 10.8656L18.9011 10.2096H17.9107Z\" fill=\"currentColor\" stroke=\"currentColor\" stroke-width=\"0.75\"\/>\n<\/svg>\n                  <\/span>\n      <\/a>\n    <\/div>\n  <\/section>\n","protected":false},"excerpt":{"rendered":"","protected":false},"author":1,"featured_media":0,"parent":0,"menu_order":41,"comment_status":"closed","ping_status":"closed","template":"","meta":{"_acf_changed":false,"inline_featured_image":false,"footnotes":""},"page-category":[],"class_list":["post-18018","page","type-page","status-publish","hentry"],"acf":[],"_links":{"self":[{"href":"https:\/\/mm.group\/de\/wp-json\/wp\/v2\/pages\/18018","targetHints":{"allow":["GET"]}}],"collection":[{"href":"https:\/\/mm.group\/de\/wp-json\/wp\/v2\/pages"}],"about":[{"href":"https:\/\/mm.group\/de\/wp-json\/wp\/v2\/types\/page"}],"author":[{"embeddable":true,"href":"https:\/\/mm.group\/de\/wp-json\/wp\/v2\/users\/1"}],"replies":[{"embeddable":true,"href":"https:\/\/mm.group\/de\/wp-json\/wp\/v2\/comments?post=18018"}],"version-history":[{"count":1,"href":"https:\/\/mm.group\/de\/wp-json\/wp\/v2\/pages\/18018\/revisions"}],"predecessor-version":[{"id":84881,"href":"https:\/\/mm.group\/de\/wp-json\/wp\/v2\/pages\/18018\/revisions\/84881"}],"wp:attachment":[{"href":"https:\/\/mm.group\/de\/wp-json\/wp\/v2\/media?parent=18018"}],"wp:term":[{"taxonomy":"page-category","embeddable":true,"href":"https:\/\/mm.group\/de\/wp-json\/wp\/v2\/page-category?post=18018"}],"curies":[{"name":"wp","href":"https:\/\/api.w.org\/{rel}","templated":true}]}}