{"id":50256,"date":"2025-08-25T13:39:49","date_gmt":"2025-08-25T11:39:49","guid":{"rendered":"https:\/\/mm.group\/?page_id=50256"},"modified":"2025-12-15T16:14:10","modified_gmt":"2025-12-15T15:14:10","slug":"nachhaltigkeitsansatz","status":"publish","type":"page","link":"https:\/\/mm.group\/de\/nachhaltigkeit\/nachhaltigkeitsansatz\/","title":{"rendered":"Nachhaltigkeitsansatz"},"content":{"rendered":"<section id=\"block_02d3396c1d8ef81e344cfc1070048435\" data-block_02d3396c1d8ef81e344cfc1070048435 class=\"hero-page align darker-green  container-bg  page-child\">\n  <div class=\"container-big\">\n    <div class=\"container\">\n      <div class=\"col-info\">\n                          <div class=\"pretitle mb-2\">Nachhaltigkeit<\/div>\n                          <h1 class=\"title mb-2\">Nachhaltigkeitsansatz<\/h1>\n                              <\/div>\n    <\/div>\n    <div class=\"col-imgs  patterns-full \">\n              <picture class=\"patterns\">\n          <source media=\"(min-width:1280px)\" srcset=\"https:\/\/mm.group\/wp-content\/uploads\/header-pattern-full-desktop-1.webp\">\n          <source media=\"(min-width:768px)\" srcset=\"https:\/\/mm.group\/wp-content\/uploads\/header-pattern-full-tablet-2.svg\">\n          <img fetchpriority=\"high\" src=\"https:\/\/mm.group\/wp-content\/uploads\/header-pattern-full-mobile.png\" alt=\"\" width=\"776\" height=\"310\" loading=\"eager\" decoding=\"async\" >\n        <\/picture>      \n                <\/div>\n  <\/div>\n<\/section>\n<section class=\"section-breadcrumb container-bg\">\n        <div class=\"container\">\n            <nav aria-label=\"breadcrumbs\" class=\"rank-math-breadcrumb\"><p><a href=\"https:\/\/mm.group\/de\/\">MM Group<\/a><span class=\"separator\"> \/ <\/span><a href=\"https:\/\/mm.group\/de\/wp-json\/\">Wp Json<\/a><span class=\"separator\"> \/ <\/span><a href=\"https:\/\/mm.group\/de\/wp-json\/wp\/\">Wp<\/a><span class=\"separator\"> \/ <\/span><a href=\"https:\/\/mm.group\/de\/wp-json\/wp\/v2\/\">V2<\/a><span class=\"separator\"> \/ <\/span><a href=\"https:\/\/mm.group\/de\/wp-json\/wp\/v2\/pages\/\">Pages<\/a><span class=\"separator\"> \/ <\/span><span class=\"last\">50256<\/span><\/p><\/nav>    \n        <\/div>\n    <\/section>\n\n\n<section id=\"block_08744944347ad68a3a2d48abbe4adfc3\" data-block_08744944347ad68a3a2d48abbe4adfc3 class=\"basic-info align transparent  container-bg  \">\n  <div class=\"container\">\n    <div class=\"info_wrapper\" data-aos=\"fade-up\" data-aos-duration=\"1000\">\n                    <div class=\"basic_text title-small\"><p>MM verfolgt einen umfassenden Ansatz in Bezug auf Nachhaltigkeit und befasst sich mit einer Vielzahl von ESG-Themen aus den Bereichen Umwelt (Environmental), Soziales (Social) und Unternehmensf\u00fchrung (Governance).<\/p>\n<\/div>\n                <\/div>\n  <\/div>\n<\/section>\n\n<section id=\"block_feb41559aaa31c7977b85a55bc04172a\" data-block_feb41559aaa31c7977b85a55bc04172a\n    class=\"list-icon-photo align light-green  container-bg \">\n    <div\n        class=\" container-full  \">\n                    <div class=\"big-image-wrapper\">\n                <div class=\"big-image\">\n                    <picture>\n                                                    <source media=\"(min-width: 768px)\" srcset=\"https:\/\/mm.group\/wp-content\/uploads\/MMBP-Kolicevo-Solar-Power-Plant-11-rotated-1.webp\">\n                                                <img src=\"https:\/\/mm.group\/wp-content\/uploads\/MMBP-Kolicevo-Solar-Power-Plant-11-rotated-1.webp\" alt=\"\" width=\"1344\" height=\"2390\" loading=\"lazy\" decoding=\"async\" class=\"big-image\">\n                    <\/picture>\n                <\/div>\n            <\/div>\n                            <div class=\"card-list\">\n                                    <div class=\"title w-fit\">Unsere Nachhaltigkeitsziele<\/div>\n                                <div class=\"card-list-grid\">\n                                                                                            <div class=\"card\">\n                                                            <img src=\"https:\/\/mm.group\/wp-content\/uploads\/greenhouse-effect-1.svg\" alt=\"\" width=\"60\" height=\"60\" loading=\"lazy\" decoding=\"async\" >\n                                                        <div class=\"card-content\">\n                                                                                                    <p class=\"card-text\"><p>Reduktion der Scope 1- und 2-Treibhausgasemissionen um 50,4 % bis 2031 und um 100 % bis 2050 gg\u00fc. 2019<\/p>\n<\/p>\n                                                            <\/div>\n                        <\/div>\n                                                                                            <div class=\"card\">\n                                                            <img src=\"https:\/\/mm.group\/wp-content\/uploads\/8512aaf9-d58f-469b-88f6-7ad187cce5cb-01-1.svg\" alt=\"\" width=\"1\" height=\"1\" loading=\"lazy\" decoding=\"async\" >\n                                                        <div class=\"card-content\">\n                                                                                                    <p class=\"card-text\"><p>Reduktion der Scope 3-Treibhausgasemissionen um 58,1 % pro Einheit der Wertsch\u00f6pfung bis 2031 und um 90 % bis 2050 gg\u00fc. 2019<\/p>\n<\/p>\n                                                            <\/div>\n                        <\/div>\n                                                                                            <div class=\"card\">\n                                                            <img src=\"https:\/\/mm.group\/wp-content\/uploads\/water.svg\" alt=\"\" width=\"60\" height=\"60\" loading=\"lazy\" decoding=\"async\" >\n                                                        <div class=\"card-content\">\n                                                                                                    <p class=\"card-text\"><p>Verbesserung der Wassereffizienz um 35 % bis 2030 gg\u00fc. 2019 (MM Board &amp; Paper)<\/p>\n<\/p>\n                                                            <\/div>\n                        <\/div>\n                                                                                            <div class=\"card\">\n                                                            <img src=\"https:\/\/mm.group\/wp-content\/uploads\/cooperation.svg\" alt=\"\" width=\"60\" height=\"60\" loading=\"lazy\" decoding=\"async\" >\n                                                        <div class=\"card-content\">\n                                                                                                    <p class=\"card-text\"><p>&lt; 10.000 t Abfall auf Deponien bis 2030 und null Abfall auf Deponien bis 2050<\/p>\n<\/p>\n                                                            <\/div>\n                        <\/div>\n                                                                                            <div class=\"card\">\n                                                            <img src=\"https:\/\/mm.group\/wp-content\/uploads\/accident.svg\" alt=\"\" width=\"1\" height=\"1\" loading=\"lazy\" decoding=\"async\" >\n                                                        <div class=\"card-content\">\n                                                                                                    <p class=\"card-text\"><p>Senkung der j\u00e4hrlichen Unfallquote mit Ausfalltagen auf unter 1<\/p>\n<\/p>\n                                                            <\/div>\n                        <\/div>\n                                    <\/div>\n            <\/div>\n            <\/div>\n<\/section>\n\n\n<section id=\"block_a385a483a9983a1e44d18ced8627cd2d\" data-block_a385a483a9983a1e44d18ced8627cd2d\n    class=\"banner-boxed align \">\n    <div class=\"container\">\n        <section\n            class=\"banner_wrapper  darker-green   wrapper-reverse \">\n            <div class=\"info_wrapper\">\n                <div class=\"section-info mb-10 max-w-[833px] \">\n                    <div class=\"pretitle accent-color mb-3\">Nachhaltigkeitsansatz<\/div>\n                            <h2 class=\"title mb-4\">Integrierter Nachhaltigkeitsansatz f\u00fcr Prozesse und Kundenanwendungen<\/h2>\n                            <div class=\"section_text \"><p>MM verfolgt einen umfassenden Ansatz in Bezug auf Nachhaltigkeit und befasst sich mit einer Vielzahl von ESG-Themen aus den Bereichen Umwelt (Environmental), Soziales (Social) und Unternehmensf\u00fchrung (Governance). Unsere Strategie orientiert sich an f\u00fchrenden internationalen Standards und Rahmenwerken, darunter UN Global Compact und Sustainable Development Goals (SDGs). Im Mittelpunkt unserer Umweltma\u00dfnahmen stehen die Prinzipien der Kreislaufwirtschaft und Dekarbonisierung, die unser Engagement f\u00fcr eine nachhaltigere Zukunft leiten.<\/p>\n<\/div>\n                \n            <\/div>\n            <\/div>\n                            <div class=\"img_wrapper\">\n                    <picture class=\"patterns\">\n                        <source media=\"(min-width:1024px)\" srcset=\"https:\/\/mm.group\/wp-content\/uploads\/Sustainabtility-approach-2.jpg\">\n                        <img src=\"https:\/\/mm.group\/wp-content\/uploads\/Sustainabtility-approach-2.jpg\" alt=\"\" width=\"1024\" height=\"1024\" loading=\"lazy\" decoding=\"async\" >\n                    <\/picture>\n                <\/div>\n                    <\/section>\n    <\/div>\n<\/section>\n\n\n<section id=\"block_49ad0831bde420ec33be46eef2c8ed29\" data-block_49ad0831bde420ec33be46eef2c8ed29 class=\"cards-slider align transparent  container-bg \">\n  <div class=\"container\">\n    <div class=\"info_basic\">\n      <div class=\"section-info mb-10 max-w-[833px] \">\n                    <div class=\"pretitle accent-color mb-3\">Kreislaufwirtschaft<\/div>\n                            <h2 class=\"title mb-4\">Extend circularity with recycled, complement with virgin <\/h2>\n                            <div class=\"section_text  big-text \"><p>MM ist der ideale Partner f\u00fcr ganzheitliche kreislaufwirtschaftliche L\u00f6sungen, die auf soliden Daten und faktenbasierten Erkenntnissen beruhen.<\/p>\n<\/div>\n                \n            <\/div>\n    <\/div>\n          <div class=\"swiper\">\n        <div class=\"swiper-wrapper\">\n                                                 <div class=\"swiper-slide\">\n                <img src=\"https:\/\/mm.group\/wp-content\/uploads\/Slides-website-3-e1751294306878.jpg\" alt=\"\" width=\"640\" height=\"360\" loading=\"lazy\" decoding=\"async\" >\n              <\/div>\n                                                             <div class=\"swiper-slide\">\n                <img src=\"https:\/\/mm.group\/wp-content\/uploads\/Slides-website-2--e1751294292833.jpg\" alt=\"\" width=\"640\" height=\"360\" loading=\"lazy\" decoding=\"async\" >\n              <\/div>\n                              <\/div>\n        <div class=\"swiper-pagination\"><\/div>\n        <div class=\"swiper-footer\">\n          <button title=\"Previous slide\" class=\"swiper-button-prev small accent-color\"><svg width=\"60\" height=\"60\" viewBox=\"0 0 60 60\" fill=\"none\" xmlns=\"http:\/\/www.w3.org\/2000\/svg\">\n<path d=\"M24.42 52.4961L26.7484 49.8621L6.26789 31.7579L60 31.7579L60 28.2423L6.26789 28.2423L26.7484 10.1381L24.42 7.50406L2.04617e-06 29.0906L1.88715e-06 30.9096L24.42 52.4961Z\" fill=\"currentColor\"\/>\n<\/svg><\/button>\n          <div class=\"swiper-scrollbar\"><\/div>\n          <button title=\"Next slide\" class=\"swiper-button-next small accent-color\"><svg width=\"60\" height=\"60\" viewBox=\"0 0 60 60\" fill=\"none\" xmlns=\"http:\/\/www.w3.org\/2000\/svg\">\n<path d=\"M24.42 52.4961L26.7484 49.8621L6.26789 31.7579L60 31.7579L60 28.2423L6.26789 28.2423L26.7484 10.1381L24.42 7.50406L2.04617e-06 29.0906L1.88715e-06 30.9096L24.42 52.4961Z\" fill=\"currentColor\"\/>\n<\/svg><\/button>\n        <\/div>\n      <\/div>\n      \n  <\/div>\n<\/section>\n\n<section id=\"block_e5bb8d4e459dd5bb50f55d1f36db6956\" data-block_e5bb8d4e459dd5bb50f55d1f36db6956 class=\"image align transparent  container-bg  relative block w-full overflow-hidden py-10\">\n  <div class=\"container\">\n    <div class=\"section-info mb-10 max-w-[833px] \">\n                    <div class=\"pretitle accent-color mb-3\">ESG Bewertung<\/div>\n                            <h2 class=\"title mb-4\">Hohe externe Anerkennung von Nachhaltigkeitsleitungen<\/h2>\n                        \n            <\/div>\n  <\/div>\n  <div class=\" container \">\n                <img src=\"https:\/\/mm.group\/wp-content\/uploads\/Triple-A-rating.jpg\" alt=\"\" width=\"1280\" height=\"720\" loading=\"lazy\" decoding=\"async\" class=\"mx-auto block\">\n          <\/div>\n<\/section>\n\n<section id=\"sustainability-people\" data-sustainability-people\n    class=\"banner-xl align white  container-bg  \">\n    <div class=\"container\">\n            <\/div>\n    <div class=\"container container-wrapper \">\n                    <div class=\"col-image\">\n                <div class=\"swiper\">\n                    <div class=\"swiper-wrapper\">\n                                                                                                            <div class=\"swiper-slide \">\n                                                                    <img decoding=\"async\" loading=\"lazy\" width=\"1024\" height=\"1024\"\n                                        src=\"https:\/\/mm.group\/wp-content\/uploads\/Folding-cartons.jpg\" alt=\"\"\n                                        >\n                                                            <\/div>\n                                            <\/div>\n                <\/div>\n            <\/div> <!-- Cierre de la col-image -->\n            <div class=\"col-content\">\n                                <div class=\"swiper-container\">\n                    <div class=\"swiper\">\n                        <div class=\"swiper-wrapper\">\n                                                                                             <div class=\"swiper-slide\">\n                                    <div class=\"banner-info-content\"  data-aos=\"fade-up\" data-aos-duration=\"1000\">\n                                                                                    <div class=\"pretitle mb-[11px] accent-color\">Sustainability Info Hub<\/div>\n                                                                                                                            <h2\n                                                class=\"mb-4  title \">\n                                                L\u00f6sungen, die auf soliden Daten und faktenbasierten Ergebnissen beruhen.<\/h2>\n                                                                                                                            <div class=\"banner_text custom-list\"><p>Wir laden alle Beteiligten dazu ein, gemeinsam eine nachhaltige Zukunft zu gestalten. Dies wird durch unseren integrierten Ansatz erm\u00f6glicht, der einen Gro\u00dfteil der Wertsch\u00f6pfungskette f\u00fcr faserbasierte Verpackungen und die Einbindung von Lieferanten abdeckt.<\/p>\n<\/div>\n                                                                                                                                                                    <div class=\"mt-9 mb-3\">\n                                                <a class=\"btn btn-secondary\" href=\"https:\/\/mm.group\/de\/nachhaltigkeit\/sustainability-info-hub\/\"\n                                                    target=\"\">\n                                                    <span>\n                                                        Mehr erfahren\n                                                                                                            <\/span>\n                                                <\/a>\n                                            <\/div>\n                                                                            <\/div>\n                                <\/div>\n                                                    <\/div>\n                    <\/div>\n                                    <\/div>\n            <\/div>\n            <\/div>\n<\/section>\n\n\n<section id=\"block_b41bcaecdd254d873c339f23503f03b6\" data-block_b41bcaecdd254d873c339f23503f03b6\n    class=\"banner-cta-full align    primary-green  container-bg\"\n        >\n    <div class=\"container\">\n                    <div class=\"section-info mb-10 max-w-[833px]\">\n                                                    <h2 class=\"title mb-4\">Richtlinien &#038; Unternehmenskodex<\/h2>\n                                                    <div class=\"section_text mb-4\"><p>Gegenseitiges Vertrauen als Grundverst\u00e4ndnis bildet die Basis f\u00fcr die gemeinsame konstruktive Zusammenarbeit im Unternehmen und mit Gesch\u00e4ftspartnern. MM Group stellt hohe Anspr\u00fcche in Bezug auf verantwortungsvolles integeres Verhalten an ihre Mitarbeiter, Kunden, Lieferanten und sonstige Vertragspartner, sowie auf \u00f6kologische Nachhaltigkeit.<\/p>\n<\/div>\n                            <\/div>\n                            <div class=\"banner-links\">\n                                                                                                    <a class=\"btn  btn-primary \"\n                            href=\"https:\/\/mm.group\/de\/unternehmen\/unsere-verantwortung\/code-of-conduct-and-policies\/\" target=\"\">\n                            <span>\n                                Mehr erfahren\n                                                            <\/span>\n                        <\/a>\n                                                                    <\/div>\n            <\/div>\n<\/section>\n\n\n<section id=\"block_a46b20d1e70439f78d80adb9203fba6c\" data-block_a46b20d1e70439f78d80adb9203fba6c class=\"related-news align light-green  container-bg \">\n  <div class=\"container\">\n    <div class=\"section-info mb-10 max-w-[833px] \">\n                            <h2 class=\"title mb-4\">Passende Neuigkeiten<\/h2>\n                        \n            <\/div>\n    <div class=\"related-news\">\n                      <article\n    class=\"new-card  division-mmgroup  \">\n    <a href=\"https:\/\/mm.group\/de\/news\/mmgroup\/mm-group-blickt-nach-auszeichnung-mit-triple-a-rating-auf-die-cdp-awards-europe-2026-zurueck\/\" title=\"MM Group blickt nach Auszeichnung mit Triple-A-Rating auf die CDP Awards Europe 2026 zur\u00fcck\u00a0\">\n        <div class=\"image-wrapper\">\n                            <div class=\"new-card-sectors\">\n                                            <div class=\"category sector-mmgroup\">MM Group<\/div>\n                                    <\/div>\n                                        <img src=\"https:\/\/mm.group\/wp-content\/uploads\/Katja-and-Roman-CDP-award-.jpg\" alt=\"\" width=\"1024\" height=\"1024\" loading=\"lazy\" decoding=\"async\" >\n                    <\/div>\n        <div class=\"new-card-meta\">\n            <time datetime=\"27\/03\/26\">27\/03\/26<\/time>\n                            <div class=\"tag-news swiper\">\n                    <div class=\"swiper-wrapper\">\n                                                    <div class=\"tag sector-nachhaltigkeit swiper-slide\">Nachhaltigkeit<\/div>\n                            <span class=\"separator swiper-slide\">\u00b7<\/span>\n                                                    <div class=\"tag sector-awards swiper-slide\">Awards<\/div>\n                            <span class=\"separator swiper-slide\">\u00b7<\/span>\n                                            <\/div>\n                <\/div>\n                        <p class=\"new-card-title\">MM Group blickt nach Auszeichnung mit Triple-A-Rating auf die CDP Awards Europe 2026 zur\u00fcck\u00a0<\/p>\n        <\/div>\n    <\/a>\n<\/article>\n                      <article\n    class=\"new-card  division-mmgroup  \">\n    <a href=\"https:\/\/mm.group\/de\/news\/mmgroup\/von-der-strategie-zur-umsetzung-aufbau-eines-uebergangsplans-fuer-die-ppwr-umsetzung\/\" title=\"Von der Strategie zur Umsetzung: Aufbau eines \u00dcbergangsplans f\u00fcr die PPWR\u2011Umsetzung\">\n        <div class=\"image-wrapper\">\n                            <div class=\"new-card-sectors\">\n                                            <div class=\"category sector-mmgroup\">MM Group<\/div>\n                                    <\/div>\n                                        <img src=\"https:\/\/mm.group\/wp-content\/uploads\/Graphic-4_Transition-plan_slide-6_v1.png\" alt=\"\" width=\"2111\" height=\"2070\" loading=\"lazy\" decoding=\"async\" >\n                    <\/div>\n        <div class=\"new-card-meta\">\n            <time datetime=\"25\/03\/26\">25\/03\/26<\/time>\n                            <div class=\"tag-news swiper\">\n                    <div class=\"swiper-wrapper\">\n                                                    <div class=\"tag sector-nachhaltigkeit swiper-slide\">Nachhaltigkeit<\/div>\n                            <span class=\"separator swiper-slide\">\u00b7<\/span>\n                                                    <div class=\"tag sector-ppwr swiper-slide\">PPWR<\/div>\n                            <span class=\"separator swiper-slide\">\u00b7<\/span>\n                                            <\/div>\n                <\/div>\n                        <p class=\"new-card-title\">Von der Strategie zur Umsetzung: Aufbau eines \u00dcbergangsplans f\u00fcr die PPWR\u2011Umsetzung<\/p>\n        <\/div>\n    <\/a>\n<\/article>\n                      <article\n    class=\"new-card  division-mmgroup  \">\n    <a href=\"https:\/\/mm.group\/de\/news\/mmgroup\/faserbasierte-innovationen-im-rampenlicht-mm-group-auf-der-new-wood-ausstellung\/\" title=\"Faserbasierte\u00a0Innovationen\u00a0im\u00a0Rampenlicht:\u00a0\u00a0MM Group auf der New Wood\u00a0Ausstellung\u00a0\">\n        <div class=\"image-wrapper\">\n                            <div class=\"new-card-sectors\">\n                                            <div class=\"category sector-mmgroup\">MM Group<\/div>\n                                    <\/div>\n                                        <img src=\"https:\/\/mm.group\/wp-content\/uploads\/Square-1024x1024px-7.jpg\" alt=\"MM GRoup at New wood exhibition\" width=\"1024\" height=\"1024\" loading=\"lazy\" decoding=\"async\" >\n                    <\/div>\n        <div class=\"new-card-meta\">\n            <time datetime=\"20\/03\/26\">20\/03\/26<\/time>\n                            <div class=\"tag-news swiper\">\n                    <div class=\"swiper-wrapper\">\n                                                    <div class=\"tag sector-nachhaltigkeit swiper-slide\">Nachhaltigkeit<\/div>\n                            <span class=\"separator swiper-slide\">\u00b7<\/span>\n                                            <\/div>\n                <\/div>\n                        <p class=\"new-card-title\">Faserbasierte\u00a0Innovationen\u00a0im\u00a0Rampenlicht:\u00a0\u00a0MM Group auf der New Wood\u00a0Ausstellung\u00a0<\/p>\n        <\/div>\n    <\/a>\n<\/article>\n                <\/div>\n  <\/div>\n<\/section>\n\n<section id=\"block_2e21a7a1b1fafb0a0f0609b6d4dd8c32\" data-block_2e21a7a1b1fafb0a0f0609b6d4dd8c32 class=\"button-centered align light-green  container-bg  relative pb-10 lg:pb-20 lg:-mt-10\">\n    <div class=\"container flex justify-center\">\n      <a class=\"btn  btn-secondary \" href=\"https:\/\/mm.group\/de\/news\/\" target=\"_blank\">\n        <span>\n          Alle ansehen\n                      <svg width=\"20\" height=\"20\" viewBox=\"0 0 20 20\" fill=\"none\" xmlns=\"http:\/\/www.w3.org\/2000\/svg\">\n<path d=\"M17.9107 10.2096H0.375V9.78773H17.9107H18.9011L18.1591 9.13177L11.6132 3.34541L11.8926 3.02933L19.625 9.86453V10.1328L11.8926 16.968L11.6132 16.6519L18.1591 10.8656L18.9011 10.2096H17.9107Z\" fill=\"currentColor\" stroke=\"currentColor\" stroke-width=\"0.75\"\/>\n<\/svg>\n                  <\/span>\n      <\/a>\n    <\/div>\n  <\/section>\n","protected":false},"excerpt":{"rendered":"","protected":false},"author":2,"featured_media":0,"parent":51634,"menu_order":0,"comment_status":"closed","ping_status":"closed","template":"","meta":{"_acf_changed":false,"inline_featured_image":false,"footnotes":""},"page-category":[],"class_list":["post-50256","page","type-page","status-publish","hentry"],"acf":[],"_links":{"self":[{"href":"https:\/\/mm.group\/de\/wp-json\/wp\/v2\/pages\/50256","targetHints":{"allow":["GET"]}}],"collection":[{"href":"https:\/\/mm.group\/de\/wp-json\/wp\/v2\/pages"}],"about":[{"href":"https:\/\/mm.group\/de\/wp-json\/wp\/v2\/types\/page"}],"author":[{"embeddable":true,"href":"https:\/\/mm.group\/de\/wp-json\/wp\/v2\/users\/2"}],"replies":[{"embeddable":true,"href":"https:\/\/mm.group\/de\/wp-json\/wp\/v2\/comments?post=50256"}],"version-history":[{"count":1,"href":"https:\/\/mm.group\/de\/wp-json\/wp\/v2\/pages\/50256\/revisions"}],"predecessor-version":[{"id":76073,"href":"https:\/\/mm.group\/de\/wp-json\/wp\/v2\/pages\/50256\/revisions\/76073"}],"up":[{"embeddable":true,"href":"https:\/\/mm.group\/de\/wp-json\/wp\/v2\/pages\/51634"}],"wp:attachment":[{"href":"https:\/\/mm.group\/de\/wp-json\/wp\/v2\/media?parent=50256"}],"wp:term":[{"taxonomy":"page-category","embeddable":true,"href":"https:\/\/mm.group\/de\/wp-json\/wp\/v2\/page-category?post=50256"}],"curies":[{"name":"wp","href":"https:\/\/api.w.org\/{rel}","templated":true}]}}