{"id":50350,"date":"2025-08-25T13:52:14","date_gmt":"2025-08-25T11:52:14","guid":{"rendered":"https:\/\/mm.group\/?page_id=50350"},"modified":"2025-09-02T08:52:16","modified_gmt":"2025-09-02T06:52:16","slug":"kreislaufwirtschaft-und-innovationsdienstleistungen","status":"publish","type":"page","link":"https:\/\/mm.group\/de\/nachhaltigkeit\/kreislaufwirtschaft-und-innovationsdienstleistungen\/","title":{"rendered":"Kreislaufwirtschaft und Innovationsdienstleistungen"},"content":{"rendered":"<section id=\"block_3754cd0a4c59565ddd6211578a8cced2\" data-block_3754cd0a4c59565ddd6211578a8cced2 class=\"hero-page align darker-green  container-bg  page-child\">\n  <div class=\"container-big\">\n    <div class=\"container\">\n      <div class=\"col-info\">\n                          <div class=\"pretitle mb-2\">Nachhaltigkeit<\/div>\n                          <h1 class=\"title mb-2\">Kreislaufwirtschaft und Innovationsdienstleistungen<\/h1>\n                              <\/div>\n    <\/div>\n    <div class=\"col-imgs  patterns-full \">\n              <picture class=\"patterns\">\n          <source media=\"(min-width:1280px)\" srcset=\"https:\/\/mm.group\/wp-content\/uploads\/header-pattern-full-desktop-1.webp\">\n          <source media=\"(min-width:768px)\" srcset=\"https:\/\/mm.group\/wp-content\/uploads\/header-pattern-full-tablet-2.svg\">\n          <img fetchpriority=\"high\" src=\"https:\/\/mm.group\/wp-content\/uploads\/header-pattern-full-mobile.png\" alt=\"\" width=\"776\" height=\"310\" loading=\"eager\" decoding=\"async\" >\n        <\/picture>      \n                <\/div>\n  <\/div>\n<\/section>\n<section class=\"section-breadcrumb container-bg\">\n        <div class=\"container\">\n            <nav aria-label=\"breadcrumbs\" class=\"rank-math-breadcrumb\"><p><a href=\"https:\/\/mm.group\/de\/\">MM Group<\/a><span class=\"separator\"> \/ <\/span><a href=\"https:\/\/mm.group\/de\/wp-json\/\">Wp Json<\/a><span class=\"separator\"> \/ <\/span><a href=\"https:\/\/mm.group\/de\/wp-json\/wp\/\">Wp<\/a><span class=\"separator\"> \/ <\/span><a href=\"https:\/\/mm.group\/de\/wp-json\/wp\/v2\/\">V2<\/a><span class=\"separator\"> \/ <\/span><a href=\"https:\/\/mm.group\/de\/wp-json\/wp\/v2\/pages\/\">Pages<\/a><span class=\"separator\"> \/ <\/span><span class=\"last\">50350<\/span><\/p><\/nav>    \n        <\/div>\n    <\/section>\n\n\n<section id=\"block_71ade937e09c5efdc669176c64a6babc\" data-block_71ade937e09c5efdc669176c64a6babc class=\"basic-info align light-green  container-bg  \">\n  <div class=\"container\">\n    <div class=\"info_wrapper\" data-aos=\"fade-up\" data-aos-duration=\"1000\">\n                    <div class=\"basic_text title-small\"><p>Die Innovationst\u00e4tigkeit von MM Group konzentriert sich insbesonders auf die Entwicklung neuer faser basierter L\u00f6sungen als Ersatz f\u00fcr Kunststoff, nachhaltigere Veredelungseffekte sowie fortschrittliche Barrieretechnologien, um die Einsetzbarkeit unserer Verpackungs l\u00f6sungen zu verbessern und erweitern. In 2024 gelangen innovative Fortschritte, die sowohl \u00f6kologisch als auch funktional \u00fcberzeugen. Die folgende Auswahl veranschau licht, wie wir unsere Kunden dabei unterst\u00fctzen, den steigenden Anforderungen an nachhaltige und recyclingf\u00e4hige L\u00f6sungen gerecht zu werden \u2013 von hochwertigen Frischfaserkartons bis hin zu vollst\u00e4ndig recycelbaren Premium-Veredelungen.<\/p>\n<\/div>\n                <\/div>\n  <\/div>\n<\/section>\n\n<section id=\"block_7b73d3968c5b79ac7ec883b19b800f8d\" data-block_7b73d3968c5b79ac7ec883b19b800f8d\n    class=\"banner-xl align transparent  container-bg  \">\n    <div class=\"container\">\n        <div class=\"section-info mb-10 max-w-[833px] \">\n                    <div class=\"pretitle accent-color mb-3\">Nachhaltigkeit<\/div>\n                            <h2 class=\"title mb-4\">Unser Kreislaufmodell<\/h2>\n                        \n            <\/div>\n    <\/div>\n    <div class=\"container container-wrapper \">\n                    <div class=\"col-image\">\n                <div class=\"swiper\">\n                    <div class=\"swiper-wrapper\">\n                                                                                                            <div class=\"swiper-slide \">\n                                                                    <img decoding=\"async\" loading=\"lazy\" width=\"1024\" height=\"1024\"\n                                        src=\"https:\/\/mm.group\/wp-content\/uploads\/Production-cycle-Square.jpg\" alt=\"Circular flowchart titled \"Extend circularity with recycled, complement circularity with virgin\" showing a recycling loop.\"\n                                        >\n                                                            <\/div>\n                                            <\/div>\n                <\/div>\n            <\/div> <!-- Cierre de la col-image -->\n            <div class=\"col-content\">\n                                <div class=\"swiper-container\">\n                    <div class=\"swiper\">\n                        <div class=\"swiper-wrapper\">\n                                                                                             <div class=\"swiper-slide\">\n                                    <div class=\"banner-info-content\"  data-aos=\"fade-up\" data-aos-duration=\"1000\">\n                                                                                                                                                                    <div class=\"banner_text custom-list\"><p>Wir unterst\u00fctzen unsere Kunden mit umfassenden Informationen zu den Umweltauswirkungen unserer Produkte und bieten ihnen die M\u00f6glichkeit einer ausf\u00fchrlichen Bewertung, die \u00fcber den CO2-Fu\u00dfabdruck hinausgeht. In den MM Werken werden f\u00fcr die Herstellung von Recyclingkarton weniger nat\u00fcrliche Ressourcen (Wasser, Energie Holz) ben\u00f6tigt als f\u00fcr die Herstellung von Frischfaserkarton. Auch wenn die Herstellung von Frischfaserkarton energieintensiver ist als jene von Recyclingkarton, halten wir durch den Einsatz von Bioenergie in unseren Werken die CO2-Emissionen von Frischfaserkarton auf dem Niveau der Recyclingkartonproduktion. Da wir auch weiterhin stark in Dekarbonisierung investieren, konnten wir unsere CO2-Emissionen auf etwa die H\u00e4lfte der Werte von 2019 senken.<\/p>\n<\/div>\n                                                                                                                                                                    <div class=\"mt-9 mb-3\">\n                                                <a class=\"btn btn-secondary\" href=\"https:\/\/mm.group\/wp-content\/uploads\/MM_Geschaeftsbericht-2024.pdf\"\n                                                    target=\"\">\n                                                    <span>\n                                                        Gesch\u00e4ftsbericht\n                                                                                                            <\/span>\n                                                <\/a>\n                                            <\/div>\n                                                                            <\/div>\n                                <\/div>\n                                                    <\/div>\n                    <\/div>\n                                    <\/div>\n            <\/div>\n            <\/div>\n<\/section>\n\n\n<section id=\"block_4011c30c73dd23f8a42c74bbd2c5a22b\" data-block_4011c30c73dd23f8a42c74bbd2c5a22b class=\"content-basic align light-green  container-bg \">\n  <div class=\"container\">\n    <div class=\"info_basic \">\n      <div class=\"section-info mb-10 max-w-[833px] \">\n                    <div class=\"pretitle accent-color mb-3\">Nachhaltigkeit<\/div>\n                            <h2 class=\"title mb-4\">Innovation f\u00fcr nachhaltigere Verpackungsl\u00f6sungen<\/h2>\n                        \n            <\/div>\n    <\/div>\n  <\/div>\n<\/section>\n\n<section id=\"block_633b3066e14e47443abb71c7ba211656\" data-block_633b3066e14e47443abb71c7ba211656 class=\"list-icon-text align prevent-breadcrumb theme-green  container-bg  light-green\">\n  <div class=\"container-big\">\n    <div class=\"list_wrapper\">\n              <div class=\"selector_wrapper\">\n                                         <a href=\"#block_633b3066e14e47443abb71c7ba211656-info-wrapper\" target=\"_self\" class=\"selector_title  active \" data-selector=\"1\">\n                                    <span>ALASKA\u00ae SMART<\/span>\n                <\/a>\n                                           <a href=\"#block_633b3066e14e47443abb71c7ba211656-info-wrapper\" target=\"_self\" class=\"selector_title \" data-selector=\"2\">\n                                    <span>Carton Cavity System<\/span>\n                <\/a>\n                                           <a href=\"#block_633b3066e14e47443abb71c7ba211656-info-wrapper\" target=\"_self\" class=\"selector_title \" data-selector=\"3\">\n                                    <span>MM Re*Flect<\/span>\n                <\/a>\n                                           <a href=\"#block_633b3066e14e47443abb71c7ba211656-info-wrapper\" target=\"_self\" class=\"selector_title \" data-selector=\"4\">\n                                    <span>MM Rigid Box + Moulded Pulp + PureVeLuxe<\/span>\n                <\/a>\n                    <\/div>\n             \n        <div id=\"block_633b3066e14e47443abb71c7ba211656-info-wrapper\" class=\"info_wrapper\">\n                                         <div class=\"selector_info   active \" data-selector=\"1\">\n                                      <p class=\"content-title\">ALASKA\u00ae  SMART: Der Premium-Frischfaserkarton f\u00fcr vielseitige Anwendungen<\/p>\n                                    <div class=\"content-text text-\">\n                    <p>Der 2024 neu eingef\u00fchrte, vollgestrichene Frischfaserkarton mit einer cremefarbenen R\u00fcckseite (GC2) ALASKA\u00ae SMART aus dem Werk Kolicevo beeindruckt durch seine glatte Oberfl\u00e4che und bietet exzellente Ergebnisse bei hochwertigen Druck-, Lackierungs- und High-Speed-Verarbeitungsprozessen. Dank seiner ausgezeichneten Steifigkeitswerte ist er ideal f\u00fcr Lebensmittel- und Pharmaverpackungen geeignet. Dar\u00fcber hinaus erm\u00f6glicht das Lightweighting-Konzept eine aktive Reduzierung der CO2 -Emissionen, ohne die Stabilit\u00e4t zu beeintr\u00e4chtigen. Auch f\u00fcr spezielle Anforderungen wie BraillePr\u00e4gungen sowie Laser- und Inkjet-Codierungen ist dieser Karton perfekt geeignet.<\/p>\n<p><a href=\"https:\/\/digi.mm-karton.com\/products\/ALASKA?4&amp;language=de\" rel=\"nofollow noopener\" target=\"_blank\">Mehr sehen<\/a><\/p>\n\n                  <\/div>\n                <\/div>\n                                           <div class=\"selector_info  \" data-selector=\"2\">\n                                      <p class=\"content-title\">CartonCavity-System: Die plastikfreie Alternative<\/p>\n                                    <div class=\"content-text text-\">\n                    <p>Das neue \u201eCartonCavity\u201c-System ersetzt herk\u00f6mmliche Kunststoffschalen und Blisterverpackungen durch eine innovative Kartonl\u00f6sung. Die aus Passepartouts und einzelnen Kavit\u00e4ten bestehende Konstruktion tr\u00e4gt zur Reduzierung der Scope 3-Emissionen unserer Kunden bei und bietet gleichzeitig einen hochwertigen Produktschutz.<\/p>\n<p><a href=\"https:\/\/mm.group\/de\/packaging\/innovationen\/innovative-losungen\/carton-cavity-system\/\">Mehr sehen<\/a><\/p>\n\n                  <\/div>\n                <\/div>\n                                           <div class=\"selector_info  \" data-selector=\"3\">\n                                      <p class=\"content-title\">MM Re*Flect: Nachhaltigkeit und Design Hand in Hand<\/p>\n                                    <div class=\"content-text text-\">\n                    <p>MM Re*Flect steht f\u00fcr nachhaltigere metallische Veredelungseffekte, die sowohl durch ihre zertifizierte Recycelbarkeit (CEPI-Methode) als auch durch ihre perfekte optische Wirkung \u00fcberzeugen. Besonders in den Bereichen Lebensmittel, Beauty und Pharma erm\u00f6glicht diese L\u00f6sung eine ansprechende Differenzierung im Regal.<\/p>\n<p><a href=\"https:\/\/mm.group\/de\/packaging\/innovationen\/innovative-losungen\/plastic-replacement\/\">Mehr sehen<\/a><\/p>\n\n                  <\/div>\n                <\/div>\n                                           <div class=\"selector_info  \" data-selector=\"4\">\n                                      <p class=\"content-title\">3 Innovationen in einem Produkt: MM Rigid Box + Moulded Pulp + PureVeLuxe<\/p>\n                                    <div class=\"content-text text-\">\n                    <p>Die leichte und CO2 -reduzierte MM Rigid Box aus Microflute, welche herk\u00f6mmliche formfeste Schachteln ersetzen kann, sorgt f\u00fcr Stabilit\u00e4t, w\u00e4hrend die faserbasierte Moulded Pulp- Einlage durch eine sehr ansprechende kissenartige Optik und Haptik \u00fcberzeugt. Abgerundet wird die Verpackungsl\u00f6sung durch die PureVeLuxeBeflockung aus Eukalyptuszellstoff, die nicht nur edel aussieht, sondern auch recycelbar und biologisch abbaubar ist.<\/p>\n<p><a href=\"https:\/\/mm.group\/de\/packaging\/produkte\/moulded-pulp\/\">Mehr sehen<\/a><\/p>\n\n                  <\/div>\n                <\/div>\n                    <\/div>\n          <\/div>\n  <\/div>\n<\/section>\n\n\n<section id=\"block_2d081bc4e696a1de2e3f3a332377e588\" data-block_2d081bc4e696a1de2e3f3a332377e588\n    class=\"banner-xl align transparent  container-bg  \">\n    <div class=\"container\">\n        <div class=\"section-info mb-10 max-w-[833px] \">\n                    <div class=\"pretitle accent-color mb-3\">Nachhaltigkeit<\/div>\n                            <h2 class=\"title mb-4\">Innovation und Design f\u00fcr Recyclingf\u00e4higkeit<\/h2>\n                        \n            <\/div>\n    <\/div>\n    <div class=\"container container-wrapper \">\n                    <div class=\"col-image\">\n                <div class=\"swiper\">\n                    <div class=\"swiper-wrapper\">\n                                                                                                            <div class=\"swiper-slide \">\n                                                                    <img decoding=\"async\" loading=\"lazy\" width=\"1024\" height=\"1024\"\n                                        src=\"https:\/\/mm.group\/wp-content\/uploads\/Life-of-a-fibre.jpg\" alt=\"Circular infographic illustrating the life cycle of a fibre at MM\"\n                                        >\n                                                            <\/div>\n                                            <\/div>\n                <\/div>\n            <\/div> <!-- Cierre de la col-image -->\n            <div class=\"col-content\">\n                                <div class=\"swiper-container\">\n                    <div class=\"swiper\">\n                        <div class=\"swiper-wrapper\">\n                                                                                             <div class=\"swiper-slide\">\n                                    <div class=\"banner-info-content\"  data-aos=\"fade-up\" data-aos-duration=\"1000\">\n                                                                                                                                                                    <div class=\"banner_text custom-list\"><p>Von der Faserproduktion \u00fcber die Karton- und Papierherstellung bis hin zur Verarbeitung von Verpackungen &#8211; wir sind integriert. Kunden wenden sich an uns, weil wir \u00fcber praktische Erfahrung bei der Entwicklung von Materialien und dem Design von Verpackungen verf\u00fcgen, die einfach zu recyceln sind. Als Recycler wissen wir, was den gr\u00f6\u00dften Mehrwert f\u00fcr kreislauforientiertes Design schafft. Wir harmonisieren die Produktentwicklung entlang unserer Wertsch\u00f6pfungskette, wodurch unser Produktportfolio von Jahr zu Jahr recycelbarer und innovativer wird. Wir arbeiten mit Gleichgesinnten zusammen, um zukunftsweisende Industrierichtlinien f\u00fcr Recycling und Kreis laufdesign zu entwerfen &#8211; z. B. auf Plattformen wie 4evergreen.<\/p>\n<\/div>\n                                                                                                                                                            <\/div>\n                                <\/div>\n                                                    <\/div>\n                    <\/div>\n                                    <\/div>\n            <\/div>\n            <\/div>\n<\/section>\n\n\n<section id=\"newsletter_section\" data-newsletter_section\n    class=\"banner-cta-full align    primary-green  container-bg\"\n        >\n    <div class=\"container\">\n                    <div class=\"section-info mb-10 max-w-[833px]\">\n                                    <div class=\"pretitle accent-color mb-3\">NEWSLETTER<\/div>\n                                                    <h2 class=\"title mb-4\">Melden Sie sich f\u00fcr unseren Newsletter an<\/h2>\n                                                    <div class=\"section_text mb-4\"><p>Erhalten Sie die neuesten Brancheninformationen, Trends und Updates direkt in Ihren Posteingang. Lesen Sie exklusive Nachrichten \u00fcber MM Group und bleiben Sie \u00fcber unsere neuesten Entwicklungen, Produkte und Initiativen auf dem Laufenden.<\/p>\n<\/div>\n                            <\/div>\n                            <div class=\"banner-links\">\n                                                                                                    <a class=\"btn  btn-primary \"\n                            href=\"#form-id-34\" target=\"\">\n                            <span>\n                                Jetzt beitreten\n                                                            <\/span>\n                        <\/a>\n                                                                    <\/div>\n            <\/div>\n<\/section>\n\n\n\n\n<section id=\"block_149105730a2209651db6e579a10272c0\" data-block_149105730a2209651db6e579a10272c0 class=\"related-news align light-green  container-bg \">\n  <div class=\"container\">\n    <div class=\"section-info mb-10 max-w-[833px] \">\n                            <h2 class=\"title mb-4\">Passende Neuigkeiten<\/h2>\n                        \n            <\/div>\n    <div class=\"related-news\">\n                      <article\n    class=\"new-card  division-mmgroup  \">\n    <a href=\"https:\/\/mm.group\/de\/news\/mmgroup\/mm-group-blickt-nach-auszeichnung-mit-triple-a-rating-auf-die-cdp-awards-europe-2026-zurueck\/\" title=\"MM Group blickt nach Auszeichnung mit Triple-A-Rating auf die CDP Awards Europe 2026 zur\u00fcck\u00a0\">\n        <div class=\"image-wrapper\">\n                            <div class=\"new-card-sectors\">\n                                            <div class=\"category sector-mmgroup\">MM Group<\/div>\n                                    <\/div>\n                                        <img src=\"https:\/\/mm.group\/wp-content\/uploads\/Katja-and-Roman-CDP-award-.jpg\" alt=\"\" width=\"1024\" height=\"1024\" loading=\"lazy\" decoding=\"async\" >\n                    <\/div>\n        <div class=\"new-card-meta\">\n            <time datetime=\"27\/03\/26\">27\/03\/26<\/time>\n                            <div class=\"tag-news swiper\">\n                    <div class=\"swiper-wrapper\">\n                                                    <div class=\"tag sector-nachhaltigkeit swiper-slide\">Nachhaltigkeit<\/div>\n                            <span class=\"separator swiper-slide\">\u00b7<\/span>\n                                                    <div class=\"tag sector-awards swiper-slide\">Awards<\/div>\n                            <span class=\"separator swiper-slide\">\u00b7<\/span>\n                                            <\/div>\n                <\/div>\n                        <p class=\"new-card-title\">MM Group blickt nach Auszeichnung mit Triple-A-Rating auf die CDP Awards Europe 2026 zur\u00fcck\u00a0<\/p>\n        <\/div>\n    <\/a>\n<\/article>\n                      <article\n    class=\"new-card  division-mmgroup  \">\n    <a href=\"https:\/\/mm.group\/de\/news\/mmgroup\/von-der-strategie-zur-umsetzung-aufbau-eines-uebergangsplans-fuer-die-ppwr-umsetzung\/\" title=\"Von der Strategie zur Umsetzung: Aufbau eines \u00dcbergangsplans f\u00fcr die PPWR\u2011Umsetzung\">\n        <div class=\"image-wrapper\">\n                            <div class=\"new-card-sectors\">\n                                            <div class=\"category sector-mmgroup\">MM Group<\/div>\n                                    <\/div>\n                                        <img src=\"https:\/\/mm.group\/wp-content\/uploads\/Graphic-4_Transition-plan_slide-6_v1.png\" alt=\"\" width=\"2111\" height=\"2070\" loading=\"lazy\" decoding=\"async\" >\n                    <\/div>\n        <div class=\"new-card-meta\">\n            <time datetime=\"25\/03\/26\">25\/03\/26<\/time>\n                            <div class=\"tag-news swiper\">\n                    <div class=\"swiper-wrapper\">\n                                                    <div class=\"tag sector-nachhaltigkeit swiper-slide\">Nachhaltigkeit<\/div>\n                            <span class=\"separator swiper-slide\">\u00b7<\/span>\n                                                    <div class=\"tag sector-ppwr swiper-slide\">PPWR<\/div>\n                            <span class=\"separator swiper-slide\">\u00b7<\/span>\n                                            <\/div>\n                <\/div>\n                        <p class=\"new-card-title\">Von der Strategie zur Umsetzung: Aufbau eines \u00dcbergangsplans f\u00fcr die PPWR\u2011Umsetzung<\/p>\n        <\/div>\n    <\/a>\n<\/article>\n                      <article\n    class=\"new-card  division-mmgroup  \">\n    <a href=\"https:\/\/mm.group\/de\/news\/mmgroup\/faserbasierte-innovationen-im-rampenlicht-mm-group-auf-der-new-wood-ausstellung\/\" title=\"Faserbasierte\u00a0Innovationen\u00a0im\u00a0Rampenlicht:\u00a0\u00a0MM Group auf der New Wood\u00a0Ausstellung\u00a0\">\n        <div class=\"image-wrapper\">\n                            <div class=\"new-card-sectors\">\n                                            <div class=\"category sector-mmgroup\">MM Group<\/div>\n                                    <\/div>\n                                        <img src=\"https:\/\/mm.group\/wp-content\/uploads\/Square-1024x1024px-7.jpg\" alt=\"MM GRoup at New wood exhibition\" width=\"1024\" height=\"1024\" loading=\"lazy\" decoding=\"async\" >\n                    <\/div>\n        <div class=\"new-card-meta\">\n            <time datetime=\"20\/03\/26\">20\/03\/26<\/time>\n                            <div class=\"tag-news swiper\">\n                    <div class=\"swiper-wrapper\">\n                                                    <div class=\"tag sector-nachhaltigkeit swiper-slide\">Nachhaltigkeit<\/div>\n                            <span class=\"separator swiper-slide\">\u00b7<\/span>\n                                            <\/div>\n                <\/div>\n                        <p class=\"new-card-title\">Faserbasierte\u00a0Innovationen\u00a0im\u00a0Rampenlicht:\u00a0\u00a0MM Group auf der New Wood\u00a0Ausstellung\u00a0<\/p>\n        <\/div>\n    <\/a>\n<\/article>\n                <\/div>\n  <\/div>\n<\/section>\n\n<section id=\"block_7d333774b8bdac9e22b27519f65f100a\" data-block_7d333774b8bdac9e22b27519f65f100a class=\"button-centered align light-green  container-bg  relative pb-10 lg:pb-20 lg:-mt-10\">\n    <div class=\"container flex justify-center\">\n      <a class=\"btn  btn-secondary \" href=\"https:\/\/mm.group\/de\/news\/packaging\/\" target=\"_blank\">\n        <span>\n          Alle ansehen\n                      <svg width=\"20\" height=\"20\" viewBox=\"0 0 20 20\" fill=\"none\" xmlns=\"http:\/\/www.w3.org\/2000\/svg\">\n<path d=\"M17.9107 10.2096H0.375V9.78773H17.9107H18.9011L18.1591 9.13177L11.6132 3.34541L11.8926 3.02933L19.625 9.86453V10.1328L11.8926 16.968L11.6132 16.6519L18.1591 10.8656L18.9011 10.2096H17.9107Z\" fill=\"currentColor\" stroke=\"currentColor\" stroke-width=\"0.75\"\/>\n<\/svg>\n                  <\/span>\n      <\/a>\n    <\/div>\n  <\/section>\n","protected":false},"excerpt":{"rendered":"","protected":false},"author":2,"featured_media":0,"parent":51634,"menu_order":0,"comment_status":"closed","ping_status":"closed","template":"","meta":{"_acf_changed":false,"inline_featured_image":false,"footnotes":""},"page-category":[],"class_list":["post-50350","page","type-page","status-publish","hentry"],"acf":[],"_links":{"self":[{"href":"https:\/\/mm.group\/de\/wp-json\/wp\/v2\/pages\/50350","targetHints":{"allow":["GET"]}}],"collection":[{"href":"https:\/\/mm.group\/de\/wp-json\/wp\/v2\/pages"}],"about":[{"href":"https:\/\/mm.group\/de\/wp-json\/wp\/v2\/types\/page"}],"author":[{"embeddable":true,"href":"https:\/\/mm.group\/de\/wp-json\/wp\/v2\/users\/2"}],"replies":[{"embeddable":true,"href":"https:\/\/mm.group\/de\/wp-json\/wp\/v2\/comments?post=50350"}],"version-history":[{"count":1,"href":"https:\/\/mm.group\/de\/wp-json\/wp\/v2\/pages\/50350\/revisions"}],"predecessor-version":[{"id":52980,"href":"https:\/\/mm.group\/de\/wp-json\/wp\/v2\/pages\/50350\/revisions\/52980"}],"up":[{"embeddable":true,"href":"https:\/\/mm.group\/de\/wp-json\/wp\/v2\/pages\/51634"}],"wp:attachment":[{"href":"https:\/\/mm.group\/de\/wp-json\/wp\/v2\/media?parent=50350"}],"wp:term":[{"taxonomy":"page-category","embeddable":true,"href":"https:\/\/mm.group\/de\/wp-json\/wp\/v2\/page-category?post=50350"}],"curies":[{"name":"wp","href":"https:\/\/api.w.org\/{rel}","templated":true}]}}